{"id":14397,"date":"2023-06-05T20:15:20","date_gmt":"2023-06-05T18:15:20","guid":{"rendered":"https:\/\/icao4u.com\/?page_id=14397"},"modified":"2024-01-08T20:46:32","modified_gmt":"2024-01-08T19:46:32","slug":"frazeologia-lotniskowa-jak-poprawnie-komunikowac-sie-w-jezyku-angielskim","status":"publish","type":"page","link":"https:\/\/icao4u.com\/pl\/frazeologia-lotniskowa-jak-poprawnie-komunikowac-sie-w-jezyku-angielskim\/","title":{"rendered":"Frazeologia Lotniskowa i ICAO: jak poprawnie komunikowa\u0107 si\u0119 w j\u0119zyku angielskim"},"content":{"rendered":"<div id=\"wp-block-themeisle-blocks-advanced-columns-99f4fcd2\" class=\"wp-block-themeisle-blocks-advanced-columns alignfull has-1-columns has-desktop-equal-layout has-tablet-equal-layout has-mobile-equal-layout has-vertical-unset\"><div class=\"wp-block-themeisle-blocks-advanced-columns-overlay\"><\/div><div class=\"innerblocks-wrap\">\n<div id=\"wp-block-themeisle-blocks-advanced-column-032d9159\" class=\"wp-block-themeisle-blocks-advanced-column\">\n<div style=\"height:40px\" aria-hidden=\"true\" class=\"wp-block-spacer\"><\/div>\n\n\n\n<h2 class=\"wp-block-heading has-text-align-center\"><strong>Chcesz spr\u00f3bowa\u0107 si\u0142 i przej\u015b\u0107 <\/strong>DARMOWY Egzamin Pr\u00f3bny ICAO<strong>?<\/strong><\/h2>\n\n\n\n<div style=\"height:20px\" aria-hidden=\"true\" class=\"wp-block-spacer\"><\/div>\n\n\n\n<div style=\"height:40px\" aria-hidden=\"true\" class=\"wp-block-spacer\"><\/div>\n\n\n\n<div id=\"wp-block-themeisle-blocks-advanced-columns-2c772665\" class=\"wp-block-themeisle-blocks-advanced-columns alignwide has-2-columns has-desktop-equal-layout has-tablet-collapsedRows-layout has-mobile-collapsedRows-layout has-vertical-unset\"><div class=\"wp-block-themeisle-blocks-advanced-columns-overlay\"><\/div><div class=\"innerblocks-wrap\">\n<div id=\"wp-block-themeisle-blocks-advanced-column-a89bba32\" class=\"wp-block-themeisle-blocks-advanced-column\">\n<p>Zapoznaj si\u0119 z <strong>Webinarem Frazeologia Lotniskowa: jak poprawnie komunikowa\u0107 si\u0119 w j\u0119zyku angielskim<\/strong>.<\/p>\n\n\n\n<figure class=\"wp-block-embed is-type-video is-provider-youtube wp-block-embed-youtube wp-embed-aspect-16-9 wp-has-aspect-ratio\"><div class=\"wp-block-embed__wrapper\">\n<div class=\"epyt-video-wrapper\"><iframe loading=\"lazy\"  style=\"display: block; margin: 0px auto;\"  id=\"_ytid_45368\"  width=\"800\" height=\"450\"  data-origwidth=\"800\" data-origheight=\"450\" src=\"https:\/\/www.youtube.com\/embed\/ie5Gp4llyc4?enablejsapi=1&#038;autoplay=0&#038;cc_load_policy=0&#038;cc_lang_pref=&#038;iv_load_policy=1&#038;loop=0&#038;rel=1&#038;fs=1&#038;playsinline=0&#038;autohide=2&#038;theme=dark&#038;color=red&#038;controls=1&#038;\" class=\"__youtube_prefs__  epyt-is-override  no-lazyload\" title=\"YouTube player\"  allow=\"fullscreen; accelerometer; autoplay; clipboard-write; encrypted-media; gyroscope; picture-in-picture\" allowfullscreen data-no-lazy=\"1\" data-skipgform_ajax_framebjll=\"\"><\/iframe><\/div>\n<\/div><\/figure>\n<\/div>\n\n\n\n<div id=\"wp-block-themeisle-blocks-advanced-column-16e849e6\" class=\"wp-block-themeisle-blocks-advanced-column\">\n<div id=\"wp-block-themeisle-blocks-advanced-columns-72de0a95\" class=\"wp-block-themeisle-blocks-advanced-columns has-1-columns has-desktop-equal-layout has-tablet-equal-layout has-mobile-equal-layout has-vertical-unset\"><div class=\"wp-block-themeisle-blocks-advanced-columns-overlay\"><\/div><div class=\"innerblocks-wrap\">\n<div id=\"wp-block-themeisle-blocks-advanced-column-558d24b7\" class=\"wp-block-themeisle-blocks-advanced-column\">\n<p>Dbamy o tw\u00f3j komfort w trakcie egzaminu ICAO oraz w czasie kursu.<\/p>\n\n\n\n<p>Zale\u017cy nam, aby przygotowania jak i sam egzamin by\u0142y dla Ciebie bezstresowe.<\/p>\n\n\n\n<p>Poni\u017cej znajdziesz pr\u00f3bk\u0119 wiedzy, kt\u00f3r\u0105 dzielimy si\u0119 na naszym blogu. To ca\u0142kowicie darmowe materia\u0142y. <strong>Dowiedz si\u0119 z czego sk\u0142ada si\u0119 egzamin ICAO<\/strong><\/p>\n\n\n\n<div class=\"wp-block-advgb-list\"><ul class=\"advgblist-3dd88a6f-181f-4fbf-8dd2-9f0523621ed2 advgb-list advgb-list-admin-post\">\n<li>ICAO4U exam stage 1: conversation<br><a href=\"https:\/\/icao4u.com\/pl\/icao4u-exam-stage-1-conversation\/\"><strong>[przeczytaj]<\/strong><\/a><\/li>\n\n\n\n<li>ICAO4U exam stage 2: listening comprehension<br><a href=\"https:\/\/icao4u.com\/pl\/icao4u-exam-stage-2-listening-comprehension\/\"><strong>[przeczytaj]<\/strong><\/a><\/li>\n\n\n\n<li>ICAO4U exam stage 3: describing the photograph<br><a href=\"https:\/\/icao4u.com\/pl\/icao4u-exam-stage-3-describing-the-photograph\/\"><strong>[przeczytaj]<\/strong><\/a><\/li>\n\n\n\n<li>Runway Incursion. Vocabulary + questions\/ exercises<br><strong><a href=\"https:\/\/icao4u.com\/pl\/runway-incursion-koniecznie\/\">[przeczytaj]<\/a><\/strong><\/li>\n<\/ul><\/div>\n<\/div>\n<\/div><\/div>\n<\/div>\n<\/div><\/div>\n\n\n\n<div style=\"height:40px\" aria-hidden=\"true\" class=\"wp-block-spacer\"><\/div>\n<\/div>\n<\/div><\/div>\n\n\n\n<div style=\"height:40px\" aria-hidden=\"true\" class=\"wp-block-spacer\"><\/div>\n\n\n\n<p class=\"has-text-align-center\">Dostarczamy najwy\u017cszej jako\u015bci materia\u0142y merytoryczne, dzi\u0119ki kt\u00f3rym przygotujesz si\u0119 do egzaminu ICAO. Mo\u017cesz te\u017c liczy\u0107 na wsparcie tutor\u00f3w ICAO4U.<\/p>\n\n\n\n<p class=\"has-text-align-center\">Opr\u00f3cz p\u0142atnych kurs\u00f3w, dzielimy si\u0119 tak\u017ce wiedz\u0105 za darmo. Sprawd\u017a nas na kanale <a href=\"https:\/\/www.youtube.com\/@icao4u\"><strong>YouTube ICAO4U<\/strong><\/a><\/p>\n\n\n\n<div id=\"wp-block-themeisle-blocks-advanced-columns-f692fb29\" class=\"wp-block-themeisle-blocks-advanced-columns alignwide has-4-columns has-desktop-equal-layout has-tablet-twoColumnGrid-layout has-mobile-collapsedRows-layout has-vertical-unset\"><div class=\"wp-block-themeisle-blocks-advanced-columns-overlay\"><\/div><div class=\"innerblocks-wrap\">\n<div id=\"wp-block-themeisle-blocks-advanced-column-38f2abcf\" class=\"wp-block-themeisle-blocks-advanced-column\">\n<figure class=\"wp-block-embed is-type-video is-provider-youtube wp-block-embed-youtube wp-embed-aspect-16-9 wp-has-aspect-ratio\"><div class=\"wp-block-embed__wrapper\">\n<div class=\"epyt-video-wrapper\"><iframe loading=\"lazy\"  style=\"display: block; margin: 0px auto;\"  id=\"_ytid_34307\"  width=\"800\" height=\"450\"  data-origwidth=\"800\" data-origheight=\"450\" src=\"https:\/\/www.youtube.com\/embed\/upOTSQ1L5lU?enablejsapi=1&#038;autoplay=0&#038;cc_load_policy=0&#038;cc_lang_pref=&#038;iv_load_policy=1&#038;loop=0&#038;rel=1&#038;fs=1&#038;playsinline=0&#038;autohide=2&#038;theme=dark&#038;color=red&#038;controls=1&#038;\" class=\"__youtube_prefs__  epyt-is-override  no-lazyload\" title=\"YouTube player\"  allow=\"fullscreen; accelerometer; autoplay; clipboard-write; encrypted-media; gyroscope; picture-in-picture\" allowfullscreen data-no-lazy=\"1\" data-skipgform_ajax_framebjll=\"\"><\/iframe><\/div>\n<\/div><\/figure>\n<\/div>\n\n\n\n<div id=\"wp-block-themeisle-blocks-advanced-column-aabd7eb0\" class=\"wp-block-themeisle-blocks-advanced-column\">\n<figure class=\"wp-block-embed is-type-video is-provider-youtube wp-block-embed-youtube wp-embed-aspect-16-9 wp-has-aspect-ratio\"><div class=\"wp-block-embed__wrapper\">\n<div class=\"epyt-video-wrapper\"><iframe loading=\"lazy\"  style=\"display: block; margin: 0px auto;\"  id=\"_ytid_57273\"  width=\"800\" height=\"450\"  data-origwidth=\"800\" data-origheight=\"450\" src=\"https:\/\/www.youtube.com\/embed\/sA1N6aBPH2I?enablejsapi=1&#038;autoplay=0&#038;cc_load_policy=0&#038;cc_lang_pref=&#038;iv_load_policy=1&#038;loop=0&#038;rel=1&#038;fs=1&#038;playsinline=0&#038;autohide=2&#038;theme=dark&#038;color=red&#038;controls=1&#038;\" class=\"__youtube_prefs__  epyt-is-override  no-lazyload\" title=\"YouTube player\"  allow=\"fullscreen; accelerometer; autoplay; clipboard-write; encrypted-media; gyroscope; picture-in-picture\" allowfullscreen data-no-lazy=\"1\" data-skipgform_ajax_framebjll=\"\"><\/iframe><\/div>\n<\/div><\/figure>\n<\/div>\n\n\n\n<div id=\"wp-block-themeisle-blocks-advanced-column-63486ca2\" class=\"wp-block-themeisle-blocks-advanced-column\">\n<figure class=\"wp-block-embed is-type-video is-provider-youtube wp-block-embed-youtube wp-embed-aspect-16-9 wp-has-aspect-ratio\"><div class=\"wp-block-embed__wrapper\">\n<div class=\"epyt-video-wrapper\"><iframe loading=\"lazy\"  style=\"display: block; margin: 0px auto;\"  id=\"_ytid_90756\"  width=\"800\" height=\"450\"  data-origwidth=\"800\" data-origheight=\"450\" src=\"https:\/\/www.youtube.com\/embed\/W7Nx0tbkJGw?enablejsapi=1&#038;autoplay=0&#038;cc_load_policy=0&#038;cc_lang_pref=&#038;iv_load_policy=1&#038;loop=0&#038;rel=1&#038;fs=1&#038;playsinline=0&#038;autohide=2&#038;theme=dark&#038;color=red&#038;controls=1&#038;\" class=\"__youtube_prefs__  epyt-is-override  no-lazyload\" title=\"YouTube player\"  allow=\"fullscreen; accelerometer; autoplay; clipboard-write; encrypted-media; gyroscope; picture-in-picture\" allowfullscreen data-no-lazy=\"1\" data-skipgform_ajax_framebjll=\"\"><\/iframe><\/div>\n<\/div><\/figure>\n<\/div>\n\n\n\n<div id=\"wp-block-themeisle-blocks-advanced-column-596a7ee7\" class=\"wp-block-themeisle-blocks-advanced-column\">\n<figure class=\"wp-block-embed is-type-video is-provider-youtube wp-block-embed-youtube wp-embed-aspect-16-9 wp-has-aspect-ratio\"><div class=\"wp-block-embed__wrapper\">\n<div class=\"epyt-video-wrapper\"><iframe loading=\"lazy\"  style=\"display: block; margin: 0px auto;\"  id=\"_ytid_64098\"  width=\"800\" height=\"450\"  data-origwidth=\"800\" data-origheight=\"450\" src=\"https:\/\/www.youtube.com\/embed\/ds81eMGNsak?enablejsapi=1&#038;autoplay=0&#038;cc_load_policy=0&#038;cc_lang_pref=&#038;iv_load_policy=1&#038;loop=0&#038;rel=1&#038;fs=1&#038;playsinline=0&#038;autohide=2&#038;theme=dark&#038;color=red&#038;controls=1&#038;\" class=\"__youtube_prefs__  epyt-is-override  no-lazyload\" title=\"YouTube player\"  allow=\"fullscreen; accelerometer; autoplay; clipboard-write; encrypted-media; gyroscope; picture-in-picture\" allowfullscreen data-no-lazy=\"1\" data-skipgform_ajax_framebjll=\"\"><\/iframe><\/div>\n<\/div><\/figure>\n<\/div>\n<\/div><\/div>\n\n\n\n<div style=\"height:15px\" aria-hidden=\"true\" class=\"wp-block-spacer\"><\/div>\n<style class=\"advgb-styles-renderer\">.wp-block-advgb-list ul.advgblist-3dd88a6f-181f-4fbf-8dd2-9f0523621ed2 > li{font-size:14px;}.wp-block-advgb-list ul.advgblist-3dd88a6f-181f-4fbf-8dd2-9f0523621ed2 > li{padding-left:18px;margin-left:0;}.wp-block-advgb-list ul.advgblist-3dd88a6f-181f-4fbf-8dd2-9f0523621ed2 > li:before{font-size:16px;color:#000;line-height:18px;margin:2px;padding:2px;margin-left:-20px}.wp-block-advgb-list ul.advgblist-3dd88a6f-181f-4fbf-8dd2-9f0523621ed2 > li{font-size:14px;}.wp-block-advgb-list ul.advgblist-3dd88a6f-181f-4fbf-8dd2-9f0523621ed2 > li{padding-left:18px;margin-left:0;}.wp-block-advgb-list ul.advgblist-3dd88a6f-181f-4fbf-8dd2-9f0523621ed2 > li:before{font-size:16px;color:#000;line-height:18px;margin:2px;padding:2px;margin-left:-20px}.wp-block-advgb-list ul.advgblist-3dd88a6f-181f-4fbf-8dd2-9f0523621ed2 > li{font-size:14px;}.wp-block-advgb-list ul.advgblist-3dd88a6f-181f-4fbf-8dd2-9f0523621ed2 > li{padding-left:18px;margin-left:0;}.wp-block-advgb-list ul.advgblist-3dd88a6f-181f-4fbf-8dd2-9f0523621ed2 > li:before{font-size:16px;color:#000;line-height:18px;margin:2px;padding:2px;margin-left:-20px}.wp-block-advgb-list ul.advgblist-3dd88a6f-181f-4fbf-8dd2-9f0523621ed2 > li{font-size:14px;}.wp-block-advgb-list ul.advgblist-3dd88a6f-181f-4fbf-8dd2-9f0523621ed2 > li{padding-left:18px;margin-left:0;}.wp-block-advgb-list ul.advgblist-3dd88a6f-181f-4fbf-8dd2-9f0523621ed2 > li:before{font-size:16px;color:#000;line-height:18px;margin:2px;padding:2px;margin-left:-20px}.wp-block-advgb-list ul.advgblist-3dd88a6f-181f-4fbf-8dd2-9f0523621ed2 > li{font-size:14px;}.wp-block-advgb-list ul.advgblist-3dd88a6f-181f-4fbf-8dd2-9f0523621ed2 > li{padding-left:18px;margin-left:0;}.wp-block-advgb-list ul.advgblist-3dd88a6f-181f-4fbf-8dd2-9f0523621ed2 > li:before{font-size:16px;color:#000;line-height:18px;margin:2px;padding:2px;margin-left:-20px}.wp-block-advgb-list ul.advgblist-3dd88a6f-181f-4fbf-8dd2-9f0523621ed2 > li{font-size:14px;}.wp-block-advgb-list ul.advgblist-3dd88a6f-181f-4fbf-8dd2-9f0523621ed2 > li{padding-left:18px;margin-left:0;}.wp-block-advgb-list ul.advgblist-3dd88a6f-181f-4fbf-8dd2-9f0523621ed2 > li:before{font-size:16px;color:#000;line-height:18px;margin:2px;padding:2px;margin-left:-20px}.wp-block-advgb-list ul.advgblist-3dd88a6f-181f-4fbf-8dd2-9f0523621ed2 > li{font-size:14px;}.wp-block-advgb-list ul.advgblist-3dd88a6f-181f-4fbf-8dd2-9f0523621ed2 > li{padding-left:18px;margin-left:0;}.wp-block-advgb-list ul.advgblist-3dd88a6f-181f-4fbf-8dd2-9f0523621ed2 > li:before{font-size:16px;color:#000;line-height:18px;margin:2px;padding:2px;margin-left:-20px}<\/style>","protected":false},"excerpt":{"rendered":"<p>Dostarczamy najwy\u017cszej jako\u015bci materia\u0142y merytoryczne, dzi\u0119ki kt\u00f3rym przygotujesz si\u0119 do egzaminu ICAO. Mo\u017cesz te\u017c liczy\u0107 na wsparcie tutor\u00f3w ICAO4U. Opr\u00f3cz p\u0142atnych kurs\u00f3w, dzielimy si\u0119 tak\u017ce wiedz\u0105 za darmo. Sprawd\u017a nas na kanale YouTube ICAO4U<\/p>","protected":false},"author":540,"featured_media":14450,"parent":0,"menu_order":0,"comment_status":"closed","ping_status":"closed","template":"","meta":{"_uag_custom_page_level_css":"","advgb_blocks_editor_width":"","advgb_blocks_columns_visual_guide":"","_kad_blocks_custom_css":"","_kad_blocks_head_custom_js":"","_kad_blocks_body_custom_js":"","_kad_blocks_footer_custom_js":"","neve_meta_sidebar":"","neve_meta_container":"full-width","neve_meta_enable_content_width":"on","neve_meta_content_width":70,"neve_meta_title_alignment":"","neve_meta_author_avatar":"","neve_post_elements_order":"","neve_meta_disable_header":"","neve_meta_disable_footer":"","neve_meta_disable_title":"on","_themeisle_gutenberg_block_has_review":false,"footnotes":""},"class_list":["post-14397","page","type-page","status-publish","has-post-thumbnail","hentry"],"yoast_head":"<!-- This site is optimized with the Yoast SEO Premium plugin v25.8 (Yoast SEO v25.8) - https:\/\/yoast.com\/wordpress\/plugins\/seo\/ -->\n<title>Frazeologia Lotniskowa i ICAO: jak poprawnie komunikowa\u0107 si\u0119 w j\u0119zyku angielskim - ICAO4U - ICAO Exam online<\/title>\n<meta name=\"robots\" content=\"index, follow, max-snippet:-1, max-image-preview:large, max-video-preview:-1\" \/>\n<link rel=\"canonical\" href=\"https:\/\/icao4u.com\/pl\/frazeologia-lotniskowa-jak-poprawnie-komunikowac-sie-w-jezyku-angielskim\/\" \/>\n<meta property=\"og:locale\" content=\"pl_PL\" \/>\n<meta property=\"og:type\" content=\"article\" \/>\n<meta property=\"og:title\" content=\"Frazeologia Lotniskowa i ICAO: jak poprawnie komunikowa\u0107 si\u0119 w j\u0119zyku angielskim - ICAO4U - ICAO Exam online\" \/>\n<meta property=\"og:description\" content=\"Dostarczamy najwy\u017cszej jako\u015bci materia\u0142y merytoryczne, dzi\u0119ki kt\u00f3rym przygotujesz si\u0119 do egzaminu ICAO. Mo\u017cesz te\u017c liczy\u0107 na wsparcie tutor\u00f3w ICAO4U. Opr\u00f3cz p\u0142atnych kurs\u00f3w, dzielimy si\u0119 tak\u017ce wiedz\u0105 za darmo. Sprawd\u017a nas na kanale YouTube ICAO4U\" \/>\n<meta property=\"og:url\" content=\"https:\/\/icao4u.com\/pl\/frazeologia-lotniskowa-jak-poprawnie-komunikowac-sie-w-jezyku-angielskim\/\" \/>\n<meta property=\"og:site_name\" content=\"ICAO4U - ICAO Exam online\" \/>\n<meta property=\"article:publisher\" content=\"https:\/\/www.facebook.com\/icao4u\/\" \/>\n<meta property=\"article:modified_time\" content=\"2024-01-08T19:46:32+00:00\" \/>\n<meta property=\"og:image\" content=\"https:\/\/icao4u.com\/wp-content\/uploads\/2023\/06\/icaofrazeologia.png\" \/>\n\t<meta property=\"og:image:width\" content=\"1920\" \/>\n\t<meta property=\"og:image:height\" content=\"1080\" \/>\n\t<meta property=\"og:image:type\" content=\"image\/png\" \/>\n<meta name=\"twitter:card\" content=\"summary_large_image\" \/>\n<meta name=\"twitter:label1\" content=\"Est. reading time\" \/>\n\t<meta name=\"twitter:data1\" content=\"1 minute\" \/>\n<script type=\"application\/ld+json\" class=\"yoast-schema-graph\">{\"@context\":\"https:\/\/schema.org\",\"@graph\":[{\"@type\":\"WebPage\",\"@id\":\"https:\/\/icao4u.com\/frazeologia-lotniskowa-jak-poprawnie-komunikowac-sie-w-jezyku-angielskim\/\",\"url\":\"https:\/\/icao4u.com\/frazeologia-lotniskowa-jak-poprawnie-komunikowac-sie-w-jezyku-angielskim\/\",\"name\":\"Frazeologia Lotniskowa i ICAO: jak poprawnie komunikowa\u0107 si\u0119 w j\u0119zyku angielskim - ICAO4U - ICAO Exam online\",\"isPartOf\":{\"@id\":\"https:\/\/icao4u.com\/#website\"},\"primaryImageOfPage\":{\"@id\":\"https:\/\/icao4u.com\/frazeologia-lotniskowa-jak-poprawnie-komunikowac-sie-w-jezyku-angielskim\/#primaryimage\"},\"image\":{\"@id\":\"https:\/\/icao4u.com\/frazeologia-lotniskowa-jak-poprawnie-komunikowac-sie-w-jezyku-angielskim\/#primaryimage\"},\"thumbnailUrl\":\"https:\/\/icao4u.com\/wp-content\/uploads\/2023\/06\/icaofrazeologia.png\",\"datePublished\":\"2023-06-05T18:15:20+00:00\",\"dateModified\":\"2024-01-08T19:46:32+00:00\",\"inLanguage\":\"pl-PL\",\"potentialAction\":[{\"@type\":\"ReadAction\",\"target\":[\"https:\/\/icao4u.com\/frazeologia-lotniskowa-jak-poprawnie-komunikowac-sie-w-jezyku-angielskim\/\"]}]},{\"@type\":\"ImageObject\",\"inLanguage\":\"pl-PL\",\"@id\":\"https:\/\/icao4u.com\/frazeologia-lotniskowa-jak-poprawnie-komunikowac-sie-w-jezyku-angielskim\/#primaryimage\",\"url\":\"https:\/\/icao4u.com\/wp-content\/uploads\/2023\/06\/icaofrazeologia.png\",\"contentUrl\":\"https:\/\/icao4u.com\/wp-content\/uploads\/2023\/06\/icaofrazeologia.png\",\"width\":1920,\"height\":1080},{\"@type\":\"WebSite\",\"@id\":\"https:\/\/icao4u.com\/#website\",\"url\":\"https:\/\/icao4u.com\/\",\"name\":\"ICAO4U - ICAO Exam online\",\"description\":\"\",\"publisher\":{\"@id\":\"https:\/\/icao4u.com\/#organization\"},\"potentialAction\":[{\"@type\":\"SearchAction\",\"target\":{\"@type\":\"EntryPoint\",\"urlTemplate\":\"https:\/\/icao4u.com\/?s={search_term_string}\"},\"query-input\":{\"@type\":\"PropertyValueSpecification\",\"valueRequired\":true,\"valueName\":\"search_term_string\"}}],\"inLanguage\":\"pl-PL\"},{\"@type\":\"Organization\",\"@id\":\"https:\/\/icao4u.com\/#organization\",\"name\":\"ICAO4U - Official ICAO Exam online and ICAO Exercise mobile app\",\"url\":\"https:\/\/icao4u.com\/\",\"logo\":{\"@type\":\"ImageObject\",\"inLanguage\":\"pl-PL\",\"@id\":\"https:\/\/icao4u.com\/#\/schema\/logo\/image\/\",\"url\":\"https:\/\/icao4u.com\/wp-content\/uploads\/2022\/08\/icao4ulogo.png\",\"contentUrl\":\"https:\/\/icao4u.com\/wp-content\/uploads\/2022\/08\/icao4ulogo.png\",\"width\":847,\"height\":241,\"caption\":\"ICAO4U - Official ICAO Exam online and ICAO Exercise mobile app\"},\"image\":{\"@id\":\"https:\/\/icao4u.com\/#\/schema\/logo\/image\/\"},\"sameAs\":[\"https:\/\/www.facebook.com\/icao4u\/\",\"https:\/\/pl.linkedin.com\/company\/icao4u\"]}]}<\/script>\n<!-- \/ Yoast SEO Premium plugin. -->","yoast_head_json":{"title":"Frazeologia Lotniskowa i ICAO: jak poprawnie komunikowa\u0107 si\u0119 w j\u0119zyku angielskim - ICAO4U - ICAO Exam online","robots":{"index":"index","follow":"follow","max-snippet":"max-snippet:-1","max-image-preview":"max-image-preview:large","max-video-preview":"max-video-preview:-1"},"canonical":"https:\/\/icao4u.com\/pl\/frazeologia-lotniskowa-jak-poprawnie-komunikowac-sie-w-jezyku-angielskim\/","og_locale":"pl_PL","og_type":"article","og_title":"Frazeologia Lotniskowa i ICAO: jak poprawnie komunikowa\u0107 si\u0119 w j\u0119zyku angielskim - ICAO4U - ICAO Exam online","og_description":"Dostarczamy najwy\u017cszej jako\u015bci materia\u0142y merytoryczne, dzi\u0119ki kt\u00f3rym przygotujesz si\u0119 do egzaminu ICAO. Mo\u017cesz te\u017c liczy\u0107 na wsparcie tutor\u00f3w ICAO4U. Opr\u00f3cz p\u0142atnych kurs\u00f3w, dzielimy si\u0119 tak\u017ce wiedz\u0105 za darmo. Sprawd\u017a nas na kanale YouTube ICAO4U","og_url":"https:\/\/icao4u.com\/pl\/frazeologia-lotniskowa-jak-poprawnie-komunikowac-sie-w-jezyku-angielskim\/","og_site_name":"ICAO4U - ICAO Exam online","article_publisher":"https:\/\/www.facebook.com\/icao4u\/","article_modified_time":"2024-01-08T19:46:32+00:00","og_image":[{"width":1920,"height":1080,"url":"https:\/\/icao4u.com\/wp-content\/uploads\/2023\/06\/icaofrazeologia.png","type":"image\/png"}],"twitter_card":"summary_large_image","twitter_misc":{"Est. reading time":"1 minute"},"schema":{"@context":"https:\/\/schema.org","@graph":[{"@type":"WebPage","@id":"https:\/\/icao4u.com\/frazeologia-lotniskowa-jak-poprawnie-komunikowac-sie-w-jezyku-angielskim\/","url":"https:\/\/icao4u.com\/frazeologia-lotniskowa-jak-poprawnie-komunikowac-sie-w-jezyku-angielskim\/","name":"Frazeologia Lotniskowa i ICAO: jak poprawnie komunikowa\u0107 si\u0119 w j\u0119zyku angielskim - ICAO4U - ICAO Exam online","isPartOf":{"@id":"https:\/\/icao4u.com\/#website"},"primaryImageOfPage":{"@id":"https:\/\/icao4u.com\/frazeologia-lotniskowa-jak-poprawnie-komunikowac-sie-w-jezyku-angielskim\/#primaryimage"},"image":{"@id":"https:\/\/icao4u.com\/frazeologia-lotniskowa-jak-poprawnie-komunikowac-sie-w-jezyku-angielskim\/#primaryimage"},"thumbnailUrl":"https:\/\/icao4u.com\/wp-content\/uploads\/2023\/06\/icaofrazeologia.png","datePublished":"2023-06-05T18:15:20+00:00","dateModified":"2024-01-08T19:46:32+00:00","inLanguage":"pl-PL","potentialAction":[{"@type":"ReadAction","target":["https:\/\/icao4u.com\/frazeologia-lotniskowa-jak-poprawnie-komunikowac-sie-w-jezyku-angielskim\/"]}]},{"@type":"ImageObject","inLanguage":"pl-PL","@id":"https:\/\/icao4u.com\/frazeologia-lotniskowa-jak-poprawnie-komunikowac-sie-w-jezyku-angielskim\/#primaryimage","url":"https:\/\/icao4u.com\/wp-content\/uploads\/2023\/06\/icaofrazeologia.png","contentUrl":"https:\/\/icao4u.com\/wp-content\/uploads\/2023\/06\/icaofrazeologia.png","width":1920,"height":1080},{"@type":"WebSite","@id":"https:\/\/icao4u.com\/#website","url":"https:\/\/icao4u.com\/","name":"ICAO4U - ICAO Exam online","description":"","publisher":{"@id":"https:\/\/icao4u.com\/#organization"},"potentialAction":[{"@type":"SearchAction","target":{"@type":"EntryPoint","urlTemplate":"https:\/\/icao4u.com\/?s={search_term_string}"},"query-input":{"@type":"PropertyValueSpecification","valueRequired":true,"valueName":"search_term_string"}}],"inLanguage":"pl-PL"},{"@type":"Organization","@id":"https:\/\/icao4u.com\/#organization","name":"ICAO4U - Official ICAO Exam online and ICAO Exercise mobile app","url":"https:\/\/icao4u.com\/","logo":{"@type":"ImageObject","inLanguage":"pl-PL","@id":"https:\/\/icao4u.com\/#\/schema\/logo\/image\/","url":"https:\/\/icao4u.com\/wp-content\/uploads\/2022\/08\/icao4ulogo.png","contentUrl":"https:\/\/icao4u.com\/wp-content\/uploads\/2022\/08\/icao4ulogo.png","width":847,"height":241,"caption":"ICAO4U - Official ICAO Exam online and ICAO Exercise mobile app"},"image":{"@id":"https:\/\/icao4u.com\/#\/schema\/logo\/image\/"},"sameAs":["https:\/\/www.facebook.com\/icao4u\/","https:\/\/pl.linkedin.com\/company\/icao4u"]}]}},"taxonomy_info":[],"featured_image_src_large":["https:\/\/icao4u.com\/wp-content\/uploads\/2023\/06\/icaofrazeologia-1024x576.png",1024,576,true],"author_info":{"display_name":"Sebastian Szklarz","author_link":"https:\/\/icao4u.com\/pl\/author\/sebastian-szklarz\/"},"comment_info":0,"uagb_featured_image_src":{"full":["https:\/\/icao4u.com\/wp-content\/uploads\/2023\/06\/icaofrazeologia.png",1920,1080,false],"thumbnail":["https:\/\/icao4u.com\/wp-content\/uploads\/2023\/06\/icaofrazeologia-150x150.png",150,150,true],"medium":["https:\/\/icao4u.com\/wp-content\/uploads\/2023\/06\/icaofrazeologia-300x169.png",300,169,true],"medium_large":["https:\/\/icao4u.com\/wp-content\/uploads\/2023\/06\/icaofrazeologia-768x432.png",768,432,true],"large":["https:\/\/icao4u.com\/wp-content\/uploads\/2023\/06\/icaofrazeologia-1024x576.png",1024,576,true],"1536x1536":["https:\/\/icao4u.com\/wp-content\/uploads\/2023\/06\/icaofrazeologia-1536x864.png",1536,864,true],"2048x2048":["https:\/\/icao4u.com\/wp-content\/uploads\/2023\/06\/icaofrazeologia.png",1920,1080,false],"trp-custom-language-flag":["https:\/\/icao4u.com\/wp-content\/uploads\/2023\/06\/icaofrazeologia.png",18,10,false],"neve-blog":["https:\/\/icao4u.com\/wp-content\/uploads\/2023\/06\/icaofrazeologia-930x620.png",930,620,true],"woocommerce_thumbnail":["https:\/\/icao4u.com\/wp-content\/uploads\/2023\/06\/icaofrazeologia-300x300.png",300,300,true],"woocommerce_single":["https:\/\/icao4u.com\/wp-content\/uploads\/2023\/06\/icaofrazeologia-600x338.png",600,338,true],"woocommerce_gallery_thumbnail":["https:\/\/icao4u.com\/wp-content\/uploads\/2023\/06\/icaofrazeologia-100x100.png",100,100,true]},"uagb_author_info":{"display_name":"Sebastian Szklarz","author_link":"https:\/\/icao4u.com\/pl\/author\/sebastian-szklarz\/"},"uagb_comment_info":0,"uagb_excerpt":"Dostarczamy najwy\u017cszej jako\u015bci materia\u0142y merytoryczne, dzi\u0119ki kt\u00f3rym przygotujesz si\u0119 do egzaminu ICAO. Mo\u017cesz te\u017c liczy\u0107 na wsparcie tutor\u00f3w ICAO4U. Opr\u00f3cz p\u0142atnych kurs\u00f3w, dzielimy si\u0119 tak\u017ce wiedz\u0105 za darmo. Sprawd\u017a nas na kanale YouTube ICAO4U","coauthors":[],"author_meta":{"author_link":"https:\/\/icao4u.com\/pl\/author\/sebastian-szklarz\/","display_name":"Sebastian Szklarz"},"relative_dates":{"created":"Posted 3 years ago","modified":"Updated 2 years ago"},"absolute_dates":{"created":"Posted on 2023-06-05","modified":"Updated on 2024-01-08"},"absolute_dates_time":{"created":"Posted on 2023-06-05 20:15","modified":"Updated on 2024-01-08 20:46"},"featured_img_caption":"","featured_img":"https:\/\/icao4u.com\/wp-content\/uploads\/2023\/06\/icaofrazeologia.png","series_order":"","_links":{"self":[{"href":"https:\/\/icao4u.com\/pl\/wp-json\/wp\/v2\/pages\/14397","targetHints":{"allow":["GET"]}}],"collection":[{"href":"https:\/\/icao4u.com\/pl\/wp-json\/wp\/v2\/pages"}],"about":[{"href":"https:\/\/icao4u.com\/pl\/wp-json\/wp\/v2\/types\/page"}],"author":[{"embeddable":true,"href":"https:\/\/icao4u.com\/pl\/wp-json\/wp\/v2\/users\/540"}],"replies":[{"embeddable":true,"href":"https:\/\/icao4u.com\/pl\/wp-json\/wp\/v2\/comments?post=14397"}],"version-history":[{"count":33,"href":"https:\/\/icao4u.com\/pl\/wp-json\/wp\/v2\/pages\/14397\/revisions"}],"predecessor-version":[{"id":15074,"href":"https:\/\/icao4u.com\/pl\/wp-json\/wp\/v2\/pages\/14397\/revisions\/15074"}],"wp:featuredmedia":[{"embeddable":true,"href":"https:\/\/icao4u.com\/pl\/wp-json\/wp\/v2\/media\/14450"}],"wp:attachment":[{"href":"https:\/\/icao4u.com\/pl\/wp-json\/wp\/v2\/media?parent=14397"}],"curies":[{"name":"wp","href":"https:\/\/api.w.org\/{rel}","templated":true}]}}