{"id":14774,"date":"2023-09-10T18:49:24","date_gmt":"2023-09-10T16:49:24","guid":{"rendered":"https:\/\/icao4u.com\/?page_id=14774"},"modified":"2024-01-08T20:47:16","modified_gmt":"2024-01-08T19:47:16","slug":"czy-urzad-lotniczy-jest-przeciwlotniczy","status":"publish","type":"page","link":"https:\/\/icao4u.com\/pl\/czy-urzad-lotniczy-jest-przeciwlotniczy\/","title":{"rendered":"Czy urz\u0105d lotniczy jest przeciwlotniczy?"},"content":{"rendered":"<div id=\"wp-block-themeisle-blocks-advanced-columns-99f4fcd2\" class=\"wp-block-themeisle-blocks-advanced-columns alignfull has-1-columns has-desktop-equal-layout has-tablet-equal-layout has-mobile-equal-layout has-vertical-unset has-dark-bg\"><div class=\"wp-block-themeisle-blocks-advanced-columns-overlay\"><\/div><div class=\"innerblocks-wrap\">\n<div id=\"wp-block-themeisle-blocks-advanced-column-032d9159\" class=\"wp-block-themeisle-blocks-advanced-column\"><div class=\"wp-block-themeisle-blocks-advanced-column-overlay\"><\/div>\n<div style=\"height:80px\" aria-hidden=\"true\" class=\"wp-block-spacer\"><\/div>\n\n\n\n<p class=\"has-text-align-center has-neve-link-color-color has-text-color has-medium-font-size\" style=\"font-style:normal;font-weight:400\">23 wrze\u015bnia 2023 o 16:00<\/p>\n\n\n\n<h2 class=\"wp-block-heading has-text-align-center has-x-large-font-size\">Czy urz\u0105d lotniczy jest przeciwlotniczy?<\/h2>\n\n\n\n<h2 class=\"wp-block-heading has-text-align-center has-neve-link-color-color has-text-color has-medium-font-size\">PANEL DYSKUSYJNY<\/h2>\n\n\n\n<div style=\"height:25px\" aria-hidden=\"true\" class=\"wp-block-spacer\"><\/div>\n\n\n\n<p class=\"has-text-align-center has-nv-site-bg-color has-text-color\">Czy rzeczywi\u015bcie formalno\u015bci i procedury mog\u0105 by\u0107 tak skomplikowane, \u017ce zniech\u0119caj\u0105 do latania?<\/p>\n\n\n\n<p class=\"has-text-align-center has-nv-site-bg-color has-text-color\">Jak mo\u017cna usprawni\u0107 system, \u017ceby by\u0142 przyjazny zar\u00f3wno dla pasa\u017cer\u00f3w, jak i dla os\u00f3b pracuj\u0105cych w sektorze lotniczym?<\/p>\n\n\n\n<div style=\"height:25px\" aria-hidden=\"true\" class=\"wp-block-spacer\"><\/div>\n\n\n\n<figure class=\"wp-block-embed is-type-video is-provider-youtube wp-block-embed-youtube wp-embed-aspect-16-9 wp-has-aspect-ratio\"><div class=\"wp-block-embed__wrapper\">\n<div class=\"epyt-video-wrapper\"><iframe loading=\"lazy\"  style=\"display: block; margin: 0px auto;\"  id=\"_ytid_50353\"  width=\"800\" height=\"450\"  data-origwidth=\"800\" data-origheight=\"450\" src=\"https:\/\/www.youtube.com\/embed\/v2d-aihEMwQ?enablejsapi=1&#038;autoplay=0&#038;cc_load_policy=0&#038;cc_lang_pref=&#038;iv_load_policy=1&#038;loop=0&#038;rel=1&#038;fs=1&#038;playsinline=0&#038;autohide=2&#038;theme=dark&#038;color=red&#038;controls=1&#038;\" class=\"__youtube_prefs__  epyt-is-override  no-lazyload\" title=\"YouTube player\"  allow=\"fullscreen; accelerometer; autoplay; clipboard-write; encrypted-media; gyroscope; picture-in-picture\" allowfullscreen data-no-lazy=\"1\" data-skipgform_ajax_framebjll=\"\"><\/iframe><\/div>\n<\/div><\/figure>\n\n\n\n<div id=\"wp-block-themeisle-blocks-advanced-columns-6ea22a0f\" class=\"wp-block-themeisle-blocks-advanced-columns has-1-columns has-desktop-equal-layout has-tablet-equal-layout has-mobile-equal-layout has-vertical-unset\"><div class=\"wp-block-themeisle-blocks-advanced-columns-overlay\"><\/div><div class=\"innerblocks-wrap\">\n<div id=\"wp-block-themeisle-blocks-advanced-column-dc96988d\" class=\"wp-block-themeisle-blocks-advanced-column\"><\/div>\n<\/div><\/div>\n\n\n\n<div style=\"height:40px\" aria-hidden=\"true\" class=\"wp-block-spacer\"><\/div>\n\n\n\n<div id=\"wp-block-themeisle-blocks-advanced-columns-2c772665\" class=\"wp-block-themeisle-blocks-advanced-columns alignwide has-2-columns has-desktop-oneTwo-layout has-tablet-collapsedRows-layout has-mobile-collapsedRows-layout has-reverse-columns-tablet has-reverse-columns-mobile has-vertical-center\"><div class=\"wp-block-themeisle-blocks-advanced-columns-overlay\"><\/div><div class=\"innerblocks-wrap\">\n<div id=\"wp-block-themeisle-blocks-advanced-column-ab2aca51\" class=\"wp-block-themeisle-blocks-advanced-column\">\n<blockquote class=\"instagram-media\" data-instgrm-permalink=\"https:\/\/www.instagram.com\/reel\/CxBOlx6MqFs\/?utm_source=ig_embed&amp;utm_campaign=loading\" data-instgrm-version=\"14\" style=\" background:#FFF; border:0; border-radius:3px; box-shadow:0 0 1px 0 rgba(0,0,0,0.5),0 1px 10px 0 rgba(0,0,0,0.15); margin: 1px; max-width:540px; min-width:326px; padding:0; width:99.375%; width:-webkit-calc(100% - 2px); width:calc(100% - 2px);\"><div style=\"padding:16px;\"> <a href=\"https:\/\/www.instagram.com\/reel\/CxBOlx6MqFs\/?utm_source=ig_embed&amp;utm_campaign=loading\" style=\" background:#FFFFFF; line-height:0; padding:0 0; text-align:center; text-decoration:none; width:100%;\" target=\"_blank\" rel=\"noopener\"> <div style=\" display: flex; flex-direction: row; align-items: center;\"> <div style=\"background-color: #F4F4F4; border-radius: 50%; flex-grow: 0; height: 40px; margin-right: 14px; width: 40px;\"><\/div> <div style=\"display: flex; flex-direction: column; flex-grow: 1; justify-content: center;\"> <div style=\" background-color: #F4F4F4; border-radius: 4px; flex-grow: 0; height: 14px; margin-bottom: 6px; width: 100px;\"><\/div> <div style=\" background-color: #F4F4F4; border-radius: 4px; flex-grow: 0; height: 14px; width: 60px;\"><\/div><\/div><\/div><div style=\"padding: 19% 0;\"><\/div> <div style=\"display:block; height:50px; margin:0 auto 12px; width:50px;\"><svg width=\"50px\" height=\"50px\" viewbox=\"0 0 60 60\" version=\"1.1\" xmlns=\"https:\/\/www.w3.org\/2000\/svg\" xmlns:xlink=\"https:\/\/www.w3.org\/1999\/xlink\"><g stroke=\"none\" stroke-width=\"1\" fill=\"none\" fill-rule=\"evenodd\"><g transform=\"translate(-511.000000, -20.000000)\" fill=\"#000000\"><g><path d=\"M556.869,30.41 C554.814,30.41 553.148,32.076 553.148,34.131 C553.148,36.186 554.814,37.852 556.869,37.852 C558.924,37.852 560.59,36.186 560.59,34.131 C560.59,32.076 558.924,30.41 556.869,30.41 M541,60.657 C535.114,60.657 530.342,55.887 530.342,50 C530.342,44.114 535.114,39.342 541,39.342 C546.887,39.342 551.658,44.114 551.658,50 C551.658,55.887 546.887,60.657 541,60.657 M541,33.886 C532.1,33.886 524.886,41.1 524.886,50 C524.886,58.899 532.1,66.113 541,66.113 C549.9,66.113 557.115,58.899 557.115,50 C557.115,41.1 549.9,33.886 541,33.886 M565.378,62.101 C565.244,65.022 564.756,66.606 564.346,67.663 C563.803,69.06 563.154,70.057 562.106,71.106 C561.058,72.155 560.06,72.803 558.662,73.347 C557.607,73.757 556.021,74.244 553.102,74.378 C549.944,74.521 548.997,74.552 541,74.552 C533.003,74.552 532.056,74.521 528.898,74.378 C525.979,74.244 524.393,73.757 523.338,73.347 C521.94,72.803 520.942,72.155 519.894,71.106 C518.846,70.057 518.197,69.06 517.654,67.663 C517.244,66.606 516.755,65.022 516.623,62.101 C516.479,58.943 516.448,57.996 516.448,50 C516.448,42.003 516.479,41.056 516.623,37.899 C516.755,34.978 517.244,33.391 517.654,32.338 C518.197,30.938 518.846,29.942 519.894,28.894 C520.942,27.846 521.94,27.196 523.338,26.654 C524.393,26.244 525.979,25.756 528.898,25.623 C532.057,25.479 533.004,25.448 541,25.448 C548.997,25.448 549.943,25.479 553.102,25.623 C556.021,25.756 557.607,26.244 558.662,26.654 C560.06,27.196 561.058,27.846 562.106,28.894 C563.154,29.942 563.803,30.938 564.346,32.338 C564.756,33.391 565.244,34.978 565.378,37.899 C565.522,41.056 565.552,42.003 565.552,50 C565.552,57.996 565.522,58.943 565.378,62.101 M570.82,37.631 C570.674,34.438 570.167,32.258 569.425,30.349 C568.659,28.377 567.633,26.702 565.965,25.035 C564.297,23.368 562.623,22.342 560.652,21.575 C558.743,20.834 556.562,20.326 553.369,20.18 C550.169,20.033 549.148,20 541,20 C532.853,20 531.831,20.033 528.631,20.18 C525.438,20.326 523.257,20.834 521.349,21.575 C519.376,22.342 517.703,23.368 516.035,25.035 C514.368,26.702 513.342,28.377 512.574,30.349 C511.834,32.258 511.326,34.438 511.181,37.631 C511.035,40.831 511,41.851 511,50 C511,58.147 511.035,59.17 511.181,62.369 C511.326,65.562 511.834,67.743 512.574,69.651 C513.342,71.625 514.368,73.296 516.035,74.965 C517.703,76.634 519.376,77.658 521.349,78.425 C523.257,79.167 525.438,79.673 528.631,79.82 C531.831,79.965 532.853,80.001 541,80.001 C549.148,80.001 550.169,79.965 553.369,79.82 C556.562,79.673 558.743,79.167 560.652,78.425 C562.623,77.658 564.297,76.634 565.965,74.965 C567.633,73.296 568.659,71.625 569.425,69.651 C570.167,67.743 570.674,65.562 570.82,62.369 C570.966,59.17 571,58.147 571,50 C571,41.851 570.966,40.831 570.82,37.631\"><\/path><\/g><\/g><\/g><\/svg><\/div><div style=\"padding-top: 8px;\"> <div style=\" color:#3897f0; font-family:Arial,sans-serif; font-size:14px; font-style:normal; font-weight:550; line-height:18px;\">View this post on Instagram<\/div><\/div><div style=\"padding: 12.5% 0;\"><\/div> <div style=\"display: flex; flex-direction: row; margin-bottom: 14px; align-items: center;\"><div> <div style=\"background-color: #F4F4F4; border-radius: 50%; height: 12.5px; width: 12.5px; transform: translateX(0px) translateY(7px);\"><\/div> <div style=\"background-color: #F4F4F4; height: 12.5px; transform: rotate(-45deg) translateX(3px) translateY(1px); width: 12.5px; flex-grow: 0; margin-right: 14px; margin-left: 2px;\"><\/div> <div style=\"background-color: #F4F4F4; border-radius: 50%; height: 12.5px; width: 12.5px; transform: translateX(9px) translateY(-18px);\"><\/div><\/div><div style=\"margin-left: 8px;\"> <div style=\" background-color: #F4F4F4; border-radius: 50%; flex-grow: 0; height: 20px; width: 20px;\"><\/div> <div style=\" width: 0; height: 0; border-top: 2px solid transparent; border-left: 6px solid #f4f4f4; border-bottom: 2px solid transparent; transform: translateX(16px) translateY(-4px) rotate(30deg)\"><\/div><\/div><div style=\"margin-left: auto;\"> <div style=\" width: 0px; border-top: 8px solid #F4F4F4; border-right: 8px solid transparent; transform: translateY(16px);\"><\/div> <div style=\" background-color: #F4F4F4; flex-grow: 0; height: 12px; width: 16px; transform: translateY(-4px);\"><\/div> <div style=\" width: 0; height: 0; border-top: 8px solid #F4F4F4; border-left: 8px solid transparent; transform: translateY(-4px) translateX(8px);\"><\/div><\/div><\/div> <div style=\"display: flex; flex-direction: column; flex-grow: 1; justify-content: center; margin-bottom: 24px;\"> <div style=\" background-color: #F4F4F4; border-radius: 4px; flex-grow: 0; height: 14px; margin-bottom: 6px; width: 224px;\"><\/div> <div style=\" background-color: #F4F4F4; border-radius: 4px; flex-grow: 0; height: 14px; width: 144px;\"><\/div><\/div><\/a><p style=\" color:#c9c8cd; font-family:Arial,sans-serif; font-size:14px; line-height:17px; margin-bottom:0; margin-top:8px; overflow:hidden; padding:8px 0 7px; text-align:center; text-overflow:ellipsis; white-space:nowrap;\"><a href=\"https:\/\/www.instagram.com\/reel\/CxBOlx6MqFs\/?utm_source=ig_embed&amp;utm_campaign=loading\" style=\" color:#c9c8cd; font-family:Arial,sans-serif; font-size:14px; font-style:normal; font-weight:normal; line-height:17px; text-decoration:none;\" target=\"_blank\" rel=\"noopener\">A post shared by ICAO4U (@icao4u)<\/a><\/p><\/div><\/blockquote> <script async src=\"\/\/www.instagram.com\/embed.js\"><\/script>\n<\/div>\n\n\n\n<div id=\"wp-block-themeisle-blocks-advanced-column-558d24b7\" class=\"wp-block-themeisle-blocks-advanced-column\">\n<p class=\"has-nv-site-bg-color has-text-color\">Je\u015bli jeste\u015b pasjonatem lotnictwa, pilotem, pracujesz na lotnisku, albo po prostu interesuje Ci\u0119, jak dzia\u0142aj\u0105 urz\u0119dy lotnicze, to mamy dla Ciebie co\u015b naprawd\u0119 wyj\u0105tkowego!<\/p>\n\n\n\n<p class=\"has-nv-site-bg-color has-text-color\">Dnia 23 wrze\u015bnia o godzinie 16:00 odb\u0119dzie si\u0119 nasz najnowszy panel dyskusyjny pod tytu\u0142em: &#8220;Czy urz\u0105d lotniczy jest przeciwlotniczy?&#8221;. W trakcie tego wydarzenia zag\u0142\u0119bimy si\u0119 w do\u015bwiadczenia i procedury zwi\u0105zane z:<\/p>\n\n\n\n<div class=\"wp-block-advgb-list\"><ul class=\"advgblist-7582195f-57d8-449a-9bbc-0d25f9c680a8 advgb-list advgb-list-admin-post\">\n<li>Wpisami do licencji pilota<\/li>\n\n\n\n<li>Rejestracj\u0105 samolot\u00f3w<\/li>\n\n\n\n<li>Rejestracj\u0105 lotnisk<\/li>\n\n\n\n<li>Kontrolami na lotniskach<\/li>\n\n\n\n<li>Brakiem p\u0142atno\u015bci online<\/li>\n<\/ul><\/div>\n\n\n\n<p class=\"has-nv-site-bg-color has-text-color\">Czy rzeczywi\u015bcie formalno\u015bci i procedury mog\u0105 by\u0107 tak skomplikowane, \u017ce zniech\u0119caj\u0105 do latania? Jak mo\u017cna usprawni\u0107 system, \u017ceby by\u0142 przyjazny zar\u00f3wno dla pasa\u017cer\u00f3w, jak i dla os\u00f3b pracuj\u0105cych w sektorze lotniczym?<\/p>\n<\/div>\n<\/div><\/div>\n\n\n\n<div style=\"height:40px\" aria-hidden=\"true\" class=\"wp-block-spacer\"><\/div>\n<\/div>\n<\/div><\/div>\n\n\n\n<div style=\"height:40px\" aria-hidden=\"true\" class=\"wp-block-spacer\"><\/div>\n\n\n\n<div style=\"height:15px\" aria-hidden=\"true\" class=\"wp-block-spacer\"><\/div>\n<style class=\"advgb-styles-renderer\">.wp-block-advgb-list ul.advgblist-7582195f-57d8-449a-9bbc-0d25f9c680a8 > li{font-size:16px;}.wp-block-advgb-list ul.advgblist-7582195f-57d8-449a-9bbc-0d25f9c680a8 > li{padding-left:18px;margin-left:0;}.wp-block-advgb-list ul.advgblist-7582195f-57d8-449a-9bbc-0d25f9c680a8 > li:before{font-size:16px;color:var(--nv-primary-accent);line-height:18px;margin:2px;padding:2px;margin-left:-20px}.wp-block-advgb-list ul.advgblist-7582195f-57d8-449a-9bbc-0d25f9c680a8 > li{font-size:16px;}.wp-block-advgb-list ul.advgblist-7582195f-57d8-449a-9bbc-0d25f9c680a8 > li{padding-left:18px;margin-left:0;}.wp-block-advgb-list ul.advgblist-7582195f-57d8-449a-9bbc-0d25f9c680a8 > li:before{font-size:16px;color:var(--nv-primary-accent);line-height:18px;margin:2px;padding:2px;margin-left:-20px}.wp-block-advgb-list ul.advgblist-7582195f-57d8-449a-9bbc-0d25f9c680a8 > li{font-size:16px;}.wp-block-advgb-list ul.advgblist-7582195f-57d8-449a-9bbc-0d25f9c680a8 > li{padding-left:18px;margin-left:0;}.wp-block-advgb-list ul.advgblist-7582195f-57d8-449a-9bbc-0d25f9c680a8 > li:before{font-size:16px;color:var(--nv-primary-accent);line-height:18px;margin:2px;padding:2px;margin-left:-20px}.wp-block-advgb-list ul.advgblist-7582195f-57d8-449a-9bbc-0d25f9c680a8 > li{font-size:16px;}.wp-block-advgb-list ul.advgblist-7582195f-57d8-449a-9bbc-0d25f9c680a8 > li{padding-left:18px;margin-left:0;}.wp-block-advgb-list ul.advgblist-7582195f-57d8-449a-9bbc-0d25f9c680a8 > li:before{font-size:16px;color:var(--nv-primary-accent);line-height:18px;margin:2px;padding:2px;margin-left:-20px}.wp-block-advgb-list ul.advgblist-7582195f-57d8-449a-9bbc-0d25f9c680a8 > li{font-size:16px;}.wp-block-advgb-list ul.advgblist-7582195f-57d8-449a-9bbc-0d25f9c680a8 > li{padding-left:18px;margin-left:0;}.wp-block-advgb-list ul.advgblist-7582195f-57d8-449a-9bbc-0d25f9c680a8 > li:before{font-size:16px;color:var(--nv-primary-accent);line-height:18px;margin:2px;padding:2px;margin-left:-20px}<\/style>","protected":false},"excerpt":{"rendered":"","protected":false},"author":540,"featured_media":14721,"parent":0,"menu_order":0,"comment_status":"closed","ping_status":"closed","template":"","meta":{"_uag_custom_page_level_css":"","advgb_blocks_editor_width":"","advgb_blocks_columns_visual_guide":"","_kad_blocks_custom_css":"","_kad_blocks_head_custom_js":"","_kad_blocks_body_custom_js":"","_kad_blocks_footer_custom_js":"","neve_meta_sidebar":"","neve_meta_container":"full-width","neve_meta_enable_content_width":"on","neve_meta_content_width":70,"neve_meta_title_alignment":"","neve_meta_author_avatar":"","neve_post_elements_order":"","neve_meta_disable_header":"","neve_meta_disable_footer":"","neve_meta_disable_title":"on","_themeisle_gutenberg_block_has_review":false,"footnotes":""},"class_list":["post-14774","page","type-page","status-publish","has-post-thumbnail","hentry"],"yoast_head":"<!-- This site is optimized with the Yoast SEO Premium plugin v25.8 (Yoast SEO v25.8) - https:\/\/yoast.com\/wordpress\/plugins\/seo\/ -->\n<title>Czy urz\u0105d lotniczy jest przeciwlotniczy? - ICAO4U - ICAO Exam online<\/title>\n<meta name=\"robots\" content=\"index, follow, max-snippet:-1, max-image-preview:large, max-video-preview:-1\" \/>\n<link rel=\"canonical\" href=\"https:\/\/icao4u.com\/pl\/czy-urzad-lotniczy-jest-przeciwlotniczy\/\" \/>\n<meta property=\"og:locale\" content=\"pl_PL\" \/>\n<meta property=\"og:type\" content=\"article\" \/>\n<meta property=\"og:title\" content=\"Czy urz\u0105d lotniczy jest przeciwlotniczy? - ICAO4U - ICAO Exam online\" \/>\n<meta property=\"og:url\" content=\"https:\/\/icao4u.com\/pl\/czy-urzad-lotniczy-jest-przeciwlotniczy\/\" \/>\n<meta property=\"og:site_name\" content=\"ICAO4U - ICAO Exam online\" \/>\n<meta property=\"article:publisher\" content=\"https:\/\/www.facebook.com\/icao4u\/\" \/>\n<meta property=\"article:modified_time\" content=\"2024-01-08T19:47:16+00:00\" \/>\n<meta property=\"og:image\" content=\"https:\/\/icao4u.com\/wp-content\/uploads\/2023\/08\/frazeologia-lotniskowa-icao4u-fis.png\" \/>\n\t<meta property=\"og:image:width\" content=\"1440\" \/>\n\t<meta property=\"og:image:height\" content=\"868\" \/>\n\t<meta property=\"og:image:type\" content=\"image\/png\" \/>\n<meta name=\"twitter:card\" content=\"summary_large_image\" \/>\n<meta name=\"twitter:label1\" content=\"Est. reading time\" \/>\n\t<meta name=\"twitter:data1\" content=\"1 minute\" \/>\n<script type=\"application\/ld+json\" class=\"yoast-schema-graph\">{\"@context\":\"https:\/\/schema.org\",\"@graph\":[{\"@type\":\"WebPage\",\"@id\":\"https:\/\/icao4u.com\/czy-urzad-lotniczy-jest-przeciwlotniczy\/\",\"url\":\"https:\/\/icao4u.com\/czy-urzad-lotniczy-jest-przeciwlotniczy\/\",\"name\":\"Czy urz\u0105d lotniczy jest przeciwlotniczy? - ICAO4U - ICAO Exam online\",\"isPartOf\":{\"@id\":\"https:\/\/icao4u.com\/#website\"},\"primaryImageOfPage\":{\"@id\":\"https:\/\/icao4u.com\/czy-urzad-lotniczy-jest-przeciwlotniczy\/#primaryimage\"},\"image\":{\"@id\":\"https:\/\/icao4u.com\/czy-urzad-lotniczy-jest-przeciwlotniczy\/#primaryimage\"},\"thumbnailUrl\":\"https:\/\/icao4u.com\/wp-content\/uploads\/2023\/08\/frazeologia-lotniskowa-icao4u-fis.png\",\"datePublished\":\"2023-09-10T16:49:24+00:00\",\"dateModified\":\"2024-01-08T19:47:16+00:00\",\"inLanguage\":\"pl-PL\",\"potentialAction\":[{\"@type\":\"ReadAction\",\"target\":[\"https:\/\/icao4u.com\/czy-urzad-lotniczy-jest-przeciwlotniczy\/\"]}]},{\"@type\":\"ImageObject\",\"inLanguage\":\"pl-PL\",\"@id\":\"https:\/\/icao4u.com\/czy-urzad-lotniczy-jest-przeciwlotniczy\/#primaryimage\",\"url\":\"https:\/\/icao4u.com\/wp-content\/uploads\/2023\/08\/frazeologia-lotniskowa-icao4u-fis.png\",\"contentUrl\":\"https:\/\/icao4u.com\/wp-content\/uploads\/2023\/08\/frazeologia-lotniskowa-icao4u-fis.png\",\"width\":1440,\"height\":868},{\"@type\":\"WebSite\",\"@id\":\"https:\/\/icao4u.com\/#website\",\"url\":\"https:\/\/icao4u.com\/\",\"name\":\"ICAO4U - ICAO Exam online\",\"description\":\"\",\"publisher\":{\"@id\":\"https:\/\/icao4u.com\/#organization\"},\"potentialAction\":[{\"@type\":\"SearchAction\",\"target\":{\"@type\":\"EntryPoint\",\"urlTemplate\":\"https:\/\/icao4u.com\/?s={search_term_string}\"},\"query-input\":{\"@type\":\"PropertyValueSpecification\",\"valueRequired\":true,\"valueName\":\"search_term_string\"}}],\"inLanguage\":\"pl-PL\"},{\"@type\":\"Organization\",\"@id\":\"https:\/\/icao4u.com\/#organization\",\"name\":\"ICAO4U - Official ICAO Exam online and ICAO Exercise mobile app\",\"url\":\"https:\/\/icao4u.com\/\",\"logo\":{\"@type\":\"ImageObject\",\"inLanguage\":\"pl-PL\",\"@id\":\"https:\/\/icao4u.com\/#\/schema\/logo\/image\/\",\"url\":\"https:\/\/icao4u.com\/wp-content\/uploads\/2022\/08\/icao4ulogo.png\",\"contentUrl\":\"https:\/\/icao4u.com\/wp-content\/uploads\/2022\/08\/icao4ulogo.png\",\"width\":847,\"height\":241,\"caption\":\"ICAO4U - Official ICAO Exam online and ICAO Exercise mobile app\"},\"image\":{\"@id\":\"https:\/\/icao4u.com\/#\/schema\/logo\/image\/\"},\"sameAs\":[\"https:\/\/www.facebook.com\/icao4u\/\",\"https:\/\/pl.linkedin.com\/company\/icao4u\"]}]}<\/script>\n<!-- \/ Yoast SEO Premium plugin. -->","yoast_head_json":{"title":"Czy urz\u0105d lotniczy jest przeciwlotniczy? - ICAO4U - ICAO Exam online","robots":{"index":"index","follow":"follow","max-snippet":"max-snippet:-1","max-image-preview":"max-image-preview:large","max-video-preview":"max-video-preview:-1"},"canonical":"https:\/\/icao4u.com\/pl\/czy-urzad-lotniczy-jest-przeciwlotniczy\/","og_locale":"pl_PL","og_type":"article","og_title":"Czy urz\u0105d lotniczy jest przeciwlotniczy? - ICAO4U - ICAO Exam online","og_url":"https:\/\/icao4u.com\/pl\/czy-urzad-lotniczy-jest-przeciwlotniczy\/","og_site_name":"ICAO4U - ICAO Exam online","article_publisher":"https:\/\/www.facebook.com\/icao4u\/","article_modified_time":"2024-01-08T19:47:16+00:00","og_image":[{"width":1440,"height":868,"url":"https:\/\/icao4u.com\/wp-content\/uploads\/2023\/08\/frazeologia-lotniskowa-icao4u-fis.png","type":"image\/png"}],"twitter_card":"summary_large_image","twitter_misc":{"Est. reading time":"1 minute"},"schema":{"@context":"https:\/\/schema.org","@graph":[{"@type":"WebPage","@id":"https:\/\/icao4u.com\/czy-urzad-lotniczy-jest-przeciwlotniczy\/","url":"https:\/\/icao4u.com\/czy-urzad-lotniczy-jest-przeciwlotniczy\/","name":"Czy urz\u0105d lotniczy jest przeciwlotniczy? - ICAO4U - ICAO Exam online","isPartOf":{"@id":"https:\/\/icao4u.com\/#website"},"primaryImageOfPage":{"@id":"https:\/\/icao4u.com\/czy-urzad-lotniczy-jest-przeciwlotniczy\/#primaryimage"},"image":{"@id":"https:\/\/icao4u.com\/czy-urzad-lotniczy-jest-przeciwlotniczy\/#primaryimage"},"thumbnailUrl":"https:\/\/icao4u.com\/wp-content\/uploads\/2023\/08\/frazeologia-lotniskowa-icao4u-fis.png","datePublished":"2023-09-10T16:49:24+00:00","dateModified":"2024-01-08T19:47:16+00:00","inLanguage":"pl-PL","potentialAction":[{"@type":"ReadAction","target":["https:\/\/icao4u.com\/czy-urzad-lotniczy-jest-przeciwlotniczy\/"]}]},{"@type":"ImageObject","inLanguage":"pl-PL","@id":"https:\/\/icao4u.com\/czy-urzad-lotniczy-jest-przeciwlotniczy\/#primaryimage","url":"https:\/\/icao4u.com\/wp-content\/uploads\/2023\/08\/frazeologia-lotniskowa-icao4u-fis.png","contentUrl":"https:\/\/icao4u.com\/wp-content\/uploads\/2023\/08\/frazeologia-lotniskowa-icao4u-fis.png","width":1440,"height":868},{"@type":"WebSite","@id":"https:\/\/icao4u.com\/#website","url":"https:\/\/icao4u.com\/","name":"ICAO4U - ICAO Exam online","description":"","publisher":{"@id":"https:\/\/icao4u.com\/#organization"},"potentialAction":[{"@type":"SearchAction","target":{"@type":"EntryPoint","urlTemplate":"https:\/\/icao4u.com\/?s={search_term_string}"},"query-input":{"@type":"PropertyValueSpecification","valueRequired":true,"valueName":"search_term_string"}}],"inLanguage":"pl-PL"},{"@type":"Organization","@id":"https:\/\/icao4u.com\/#organization","name":"ICAO4U - Official ICAO Exam online and ICAO Exercise mobile app","url":"https:\/\/icao4u.com\/","logo":{"@type":"ImageObject","inLanguage":"pl-PL","@id":"https:\/\/icao4u.com\/#\/schema\/logo\/image\/","url":"https:\/\/icao4u.com\/wp-content\/uploads\/2022\/08\/icao4ulogo.png","contentUrl":"https:\/\/icao4u.com\/wp-content\/uploads\/2022\/08\/icao4ulogo.png","width":847,"height":241,"caption":"ICAO4U - Official ICAO Exam online and ICAO Exercise mobile app"},"image":{"@id":"https:\/\/icao4u.com\/#\/schema\/logo\/image\/"},"sameAs":["https:\/\/www.facebook.com\/icao4u\/","https:\/\/pl.linkedin.com\/company\/icao4u"]}]}},"taxonomy_info":[],"featured_image_src_large":["https:\/\/icao4u.com\/wp-content\/uploads\/2023\/08\/frazeologia-lotniskowa-icao4u-fis-1024x617.png",1024,617,true],"author_info":{"display_name":"Sebastian Szklarz","author_link":"https:\/\/icao4u.com\/pl\/author\/sebastian-szklarz\/"},"comment_info":0,"uagb_featured_image_src":{"full":["https:\/\/icao4u.com\/wp-content\/uploads\/2023\/08\/frazeologia-lotniskowa-icao4u-fis.png",1440,868,false],"thumbnail":["https:\/\/icao4u.com\/wp-content\/uploads\/2023\/08\/frazeologia-lotniskowa-icao4u-fis-150x150.png",150,150,true],"medium":["https:\/\/icao4u.com\/wp-content\/uploads\/2023\/08\/frazeologia-lotniskowa-icao4u-fis-300x181.png",300,181,true],"medium_large":["https:\/\/icao4u.com\/wp-content\/uploads\/2023\/08\/frazeologia-lotniskowa-icao4u-fis-768x463.png",768,463,true],"large":["https:\/\/icao4u.com\/wp-content\/uploads\/2023\/08\/frazeologia-lotniskowa-icao4u-fis-1024x617.png",1024,617,true],"1536x1536":["https:\/\/icao4u.com\/wp-content\/uploads\/2023\/08\/frazeologia-lotniskowa-icao4u-fis.png",1440,868,false],"2048x2048":["https:\/\/icao4u.com\/wp-content\/uploads\/2023\/08\/frazeologia-lotniskowa-icao4u-fis.png",1440,868,false],"trp-custom-language-flag":["https:\/\/icao4u.com\/wp-content\/uploads\/2023\/08\/frazeologia-lotniskowa-icao4u-fis-18x12.png",18,12,true],"neve-blog":["https:\/\/icao4u.com\/wp-content\/uploads\/2023\/08\/frazeologia-lotniskowa-icao4u-fis-930x620.png",930,620,true],"woocommerce_thumbnail":["https:\/\/icao4u.com\/wp-content\/uploads\/2023\/08\/frazeologia-lotniskowa-icao4u-fis-300x300.png",300,300,true],"woocommerce_single":["https:\/\/icao4u.com\/wp-content\/uploads\/2023\/08\/frazeologia-lotniskowa-icao4u-fis-600x362.png",600,362,true],"woocommerce_gallery_thumbnail":["https:\/\/icao4u.com\/wp-content\/uploads\/2023\/08\/frazeologia-lotniskowa-icao4u-fis-100x100.png",100,100,true]},"uagb_author_info":{"display_name":"Sebastian Szklarz","author_link":"https:\/\/icao4u.com\/pl\/author\/sebastian-szklarz\/"},"uagb_comment_info":0,"uagb_excerpt":null,"coauthors":[],"author_meta":{"author_link":"https:\/\/icao4u.com\/pl\/author\/sebastian-szklarz\/","display_name":"Sebastian Szklarz"},"relative_dates":{"created":"Posted 3 years ago","modified":"Updated 2 years ago"},"absolute_dates":{"created":"Posted on 2023-09-10","modified":"Updated on 2024-01-08"},"absolute_dates_time":{"created":"Posted on 2023-09-10 18:49","modified":"Updated on 2024-01-08 20:47"},"featured_img_caption":"","featured_img":"https:\/\/icao4u.com\/wp-content\/uploads\/2023\/08\/frazeologia-lotniskowa-icao4u-fis.png","series_order":"","_links":{"self":[{"href":"https:\/\/icao4u.com\/pl\/wp-json\/wp\/v2\/pages\/14774","targetHints":{"allow":["GET"]}}],"collection":[{"href":"https:\/\/icao4u.com\/pl\/wp-json\/wp\/v2\/pages"}],"about":[{"href":"https:\/\/icao4u.com\/pl\/wp-json\/wp\/v2\/types\/page"}],"author":[{"embeddable":true,"href":"https:\/\/icao4u.com\/pl\/wp-json\/wp\/v2\/users\/540"}],"replies":[{"embeddable":true,"href":"https:\/\/icao4u.com\/pl\/wp-json\/wp\/v2\/comments?post=14774"}],"version-history":[{"count":10,"href":"https:\/\/icao4u.com\/pl\/wp-json\/wp\/v2\/pages\/14774\/revisions"}],"predecessor-version":[{"id":15075,"href":"https:\/\/icao4u.com\/pl\/wp-json\/wp\/v2\/pages\/14774\/revisions\/15075"}],"wp:featuredmedia":[{"embeddable":true,"href":"https:\/\/icao4u.com\/pl\/wp-json\/wp\/v2\/media\/14721"}],"wp:attachment":[{"href":"https:\/\/icao4u.com\/pl\/wp-json\/wp\/v2\/media?parent=14774"}],"curies":[{"name":"wp","href":"https:\/\/api.w.org\/{rel}","templated":true}]}}