{"id":15031,"date":"2024-01-04T11:01:40","date_gmt":"2024-01-04T10:01:40","guid":{"rendered":"https:\/\/icao4u.com\/?page_id=15031"},"modified":"2024-02-01T14:49:30","modified_gmt":"2024-02-01T13:49:30","slug":"kontroler-pilot-zasady-owocnej-wspolpracy","status":"publish","type":"page","link":"https:\/\/icao4u.com\/pl\/kontroler-pilot-zasady-owocnej-wspolpracy\/","title":{"rendered":"Kontroler &#8211; Pilot! Zasady owocnej wsp\u00f3\u0142pracy"},"content":{"rendered":"<div id=\"wp-block-themeisle-blocks-advanced-columns-99f4fcd2\" class=\"wp-block-themeisle-blocks-advanced-columns alignfull has-1-columns has-desktop-equal-layout has-tablet-equal-layout has-mobile-equal-layout has-vertical-unset has-dark-bg\"><div class=\"wp-block-themeisle-blocks-advanced-columns-overlay\"><\/div><div class=\"innerblocks-wrap\">\n<div id=\"wp-block-themeisle-blocks-advanced-column-032d9159\" class=\"wp-block-themeisle-blocks-advanced-column\"><div class=\"wp-block-themeisle-blocks-advanced-column-overlay\"><\/div>\n<div style=\"height:80px\" aria-hidden=\"true\" class=\"wp-block-spacer\"><\/div>\n\n\n\n<p class=\"has-text-align-center has-neve-link-color-color has-text-color has-medium-font-size\" style=\"font-style:normal;font-weight:400\">01 lutego 2024 o 15:00<\/p>\n\n\n\n<h2 class=\"wp-block-heading has-text-align-center\" style=\"font-size:61px\">Kontroler &#8211; Pilot<\/h2>\n\n\n\n<h2 class=\"wp-block-heading has-text-align-center has-neve-link-color-color has-text-color has-large-font-size\">zasady owocnej wsp\u00f3\u0142pracy<\/h2>\n\n\n\n<div style=\"height:25px\" aria-hidden=\"true\" class=\"wp-block-spacer\"><\/div>\n\n\n\n<h2 class=\"wp-block-heading has-text-align-center has-nv-site-bg-color has-text-color\">Prowadz\u0105cy: Szymon Janicki i Bartosz Or\u0142owski<\/h2>\n\n\n\n<p class=\"has-text-align-center has-nv-site-bg-color has-text-color\"><\/p>\n\n\n\n<div style=\"height:25px\" aria-hidden=\"true\" class=\"wp-block-spacer\"><\/div>\n\n\n\n<div id=\"wp-block-themeisle-blocks-advanced-columns-6ea22a0f\" class=\"wp-block-themeisle-blocks-advanced-columns has-1-columns has-desktop-equal-layout has-tablet-equal-layout has-mobile-equal-layout has-vertical-unset\"><div class=\"wp-block-themeisle-blocks-advanced-columns-overlay\"><\/div><div class=\"innerblocks-wrap\">\n<div id=\"wp-block-themeisle-blocks-advanced-column-dc96988d\" class=\"wp-block-themeisle-blocks-advanced-column\">\n<div class=\"wp-block-buttons is-horizontal is-content-justification-center is-layout-flex wp-container-core-buttons-is-layout-499968f5 wp-block-buttons-is-layout-flex\">\n<div class=\"wp-block-button has-custom-width wp-block-button__width-100\" style=\"font-style:normal;font-weight:400\"><a class=\"wp-block-button__link has-neve-link-hover-color-color has-neve-link-color-background-color has-text-color has-background wp-element-button\" href=\"https:\/\/www.youtube.com\/watch?v=BJzr_2koSn4\">OGL\u0104DAJ TUTAJ<\/a><\/div>\n<\/div>\n<\/div>\n<\/div><\/div>\n\n\n\n<div id=\"wp-block-themeisle-blocks-advanced-columns-2c772665\" class=\"wp-block-themeisle-blocks-advanced-columns alignwide has-1-columns has-desktop-oneTwo-layout has-tablet-collapsedRows-layout has-mobile-collapsedRows-layout has-reverse-columns-tablet has-reverse-columns-mobile has-vertical-center\"><div class=\"wp-block-themeisle-blocks-advanced-columns-overlay\"><\/div><div class=\"innerblocks-wrap\">\n<div id=\"wp-block-themeisle-blocks-advanced-column-558d24b7\" class=\"wp-block-themeisle-blocks-advanced-column\">\n<p class=\"has-nv-site-bg-color has-text-color\">Je\u015bli jeste\u015b pasjonatem lotnictwa, pilotem, kontrolerem, musisz z nami by\u0107.<\/p>\n\n\n\n<p class=\"has-nv-site-bg-color has-text-color\">Dnia 1 lutego o 15:00 odb\u0119dzie si\u0119 nasz najnowszy webinar: &#8220;Kontroler &#8211; Pilot. Zasady owocnej wsp\u00f3\u0142pracy&#8221;.<\/p>\n\n\n\n<p><\/p>\n\n\n\n<p class=\"has-nv-site-bg-color has-text-color\">\ud83c\udf99\ufe0f <strong>Go\u015b\u0107 Specjalny<\/strong> \ud83c\udf99\ufe0f<\/p>\n\n\n\n<p class=\"has-nv-site-bg-color has-text-color\">W trakcie webinaru naszym ekspertem b\u0119dzie Bartosz Or\u0142owski, kontroler ruchu lotniczego w EPWA, egzaminator KSEJ w ULC, pilot SEPL.<\/p>\n\n\n\n<p><\/p>\n\n\n\n<p class=\"has-nv-site-bg-color has-text-color\">\ud83c\udfa4 <strong>Prowadzenie<\/strong> \ud83c\udfa4<\/p>\n\n\n\n<p class=\"has-nv-site-bg-color has-text-color\">Spotkanie poprowadzi Szymon Janicki, CEO ICAO4U, do\u015bwiadczony egzaminator.<\/p>\n\n\n\n<p class=\"has-nv-site-bg-color has-text-color\">Dzi\u0119ki temu webinarowi mo\u017cecie zg\u0142\u0119bi\u0107 tajemnice komunikacji w lotnictwie i poszerzy\u0107 swoje umiej\u0119tno\u015bci.<\/p>\n\n\n\n<p><\/p>\n\n\n\n<p class=\"has-nv-site-bg-color has-text-color\">\ud83d\ude80 <strong>Do\u0142\u0105czcie do nas!<\/strong> \ud83d\ude80 <\/p>\n\n\n\n<p class=\"has-nv-site-bg-color has-text-color\">Zach\u0119camy do udzia\u0142u w Webinarze!<\/p>\n\n\n\n<p><\/p>\n<\/div>\n<\/div><\/div>\n\n\n\n<div style=\"height:40px\" aria-hidden=\"true\" class=\"wp-block-spacer\"><\/div>\n<\/div>\n<\/div><\/div>\n\n\n\n<div style=\"height:40px\" aria-hidden=\"true\" class=\"wp-block-spacer\"><\/div>\n\n\n\n<div style=\"height:15px\" aria-hidden=\"true\" class=\"wp-block-spacer\"><\/div>\n\n\n\n<div id=\"panellista\" class=\"wp-block-themeisle-blocks-advanced-columns has-1-columns hide-in-desktop hide-in-tablet hide-in-mobile has-vertical-top\"><div class=\"wp-block-themeisle-blocks-advanced-columns-overlay\"><\/div><div class=\"innerblocks-wrap\">\n<div id=\"wp-block-themeisle-blocks-advanced-column-7a5a5305\" class=\"wp-block-themeisle-blocks-advanced-column\">\n<script src=\"https:\/\/static.airtable.com\/js\/embed\/embed_snippet_v1.js\"><\/script><iframe loading=\"lazy\" class=\"airtable-embed airtable-dynamic-height\" src=\"https:\/\/airtable.com\/embed\/appCskqMdVppLgxYy\/shr8LDwDNXIue3CoV?backgroundColor=yellowDusty\" frameborder=\"0\" onmousewheel=\"\" width=\"100%\" height=\"1255\" style=\"background: transparent; border: 1px solid #ccc;\"><\/iframe>\n\n\n\n<p><strong>Adnotacja<\/strong><\/p>\n\n\n\n<p>Powy\u017csza zgoda mo\u017ce zosta\u0107 wycofana w dowolnym czasie poprzez przes\u0142anie wiadomo\u015bci na adres poczty elektronicznej: contact@icao4u.com. Wycofanie zgody nie wp\u0142ywa na zgodno\u015b\u0107 z prawem przetwarzania, kt\u00f3rego dokonano na podstawie zgody przed jej wycofaniem.<\/p>\n\n\n\n<p>Klauzula informacyjna:<br>Administratorem danych osobowych jest ICAO4U Sp. z o. o. z siedzib\u0105 ul. \u0141ady 14a, 71-605 Szczecin. W sprawach zwi\u0105zanych z przetwarzaniem danych osobowych nale\u017cy kontaktowa\u0107 si\u0119 z Administratorem drog\u0105 elektroniczn\u0105 na adres poczty elektronicznej: contact@icao4u.com lub listownie na adres korespondencyjny podany powy\u017cej. Pa\u0144stwa dane osobowe b\u0119d\u0105 przetwarzane w celu realizacji us\u0142ugi \u015bwiadczonej drog\u0105 elektroniczn\u0105 w postaci za\u0142o\u017cenia i prowadzenia konta w systemie dostarczonym przez ICAO4U Sp. z o. o.. Wi\u0119cej informacji na temat przetwarzania Pa\u0144stwa danych osobowych znajduje si\u0119 w Polityce prywatno\u015bci.<\/p>\n<\/div>\n<\/div><\/div>","protected":false},"excerpt":{"rendered":"","protected":false},"author":540,"featured_media":14721,"parent":0,"menu_order":0,"comment_status":"closed","ping_status":"closed","template":"","meta":{"_uag_custom_page_level_css":"","advgb_blocks_editor_width":"","advgb_blocks_columns_visual_guide":"","_kad_blocks_custom_css":"","_kad_blocks_head_custom_js":"","_kad_blocks_body_custom_js":"","_kad_blocks_footer_custom_js":"","neve_meta_sidebar":"","neve_meta_container":"full-width","neve_meta_enable_content_width":"on","neve_meta_content_width":70,"neve_meta_title_alignment":"","neve_meta_author_avatar":"","neve_post_elements_order":"","neve_meta_disable_header":"","neve_meta_disable_footer":"","neve_meta_disable_title":"on","_themeisle_gutenberg_block_has_review":false,"footnotes":""},"class_list":["post-15031","page","type-page","status-publish","has-post-thumbnail","hentry"],"yoast_head":"<!-- This site is optimized with the Yoast SEO Premium plugin v25.8 (Yoast SEO v25.8) - https:\/\/yoast.com\/wordpress\/plugins\/seo\/ -->\n<title>Kontroler - Pilot! Zasady owocnej wsp\u00f3\u0142pracy - ICAO4U - ICAO Exam online<\/title>\n<meta name=\"robots\" content=\"index, follow, max-snippet:-1, max-image-preview:large, max-video-preview:-1\" \/>\n<link rel=\"canonical\" href=\"https:\/\/icao4u.com\/pl\/kontroler-pilot-zasady-owocnej-wspolpracy\/\" \/>\n<meta property=\"og:locale\" content=\"pl_PL\" \/>\n<meta property=\"og:type\" content=\"article\" \/>\n<meta property=\"og:title\" content=\"Kontroler - Pilot! Zasady owocnej wsp\u00f3\u0142pracy - ICAO4U - ICAO Exam online\" \/>\n<meta property=\"og:url\" content=\"https:\/\/icao4u.com\/pl\/kontroler-pilot-zasady-owocnej-wspolpracy\/\" \/>\n<meta property=\"og:site_name\" content=\"ICAO4U - ICAO Exam online\" \/>\n<meta property=\"article:publisher\" content=\"https:\/\/www.facebook.com\/icao4u\/\" \/>\n<meta property=\"article:modified_time\" content=\"2024-02-01T13:49:30+00:00\" \/>\n<meta property=\"og:image\" content=\"https:\/\/icao4u.com\/wp-content\/uploads\/2023\/08\/frazeologia-lotniskowa-icao4u-fis.png\" \/>\n\t<meta property=\"og:image:width\" content=\"1440\" \/>\n\t<meta property=\"og:image:height\" content=\"868\" \/>\n\t<meta property=\"og:image:type\" content=\"image\/png\" \/>\n<meta name=\"twitter:card\" content=\"summary_large_image\" \/>\n<meta name=\"twitter:label1\" content=\"Est. reading time\" \/>\n\t<meta name=\"twitter:data1\" content=\"2 minutes\" \/>\n<script type=\"application\/ld+json\" class=\"yoast-schema-graph\">{\"@context\":\"https:\/\/schema.org\",\"@graph\":[{\"@type\":\"WebPage\",\"@id\":\"https:\/\/icao4u.com\/kontroler-pilot-zasady-owocnej-wspolpracy\/\",\"url\":\"https:\/\/icao4u.com\/kontroler-pilot-zasady-owocnej-wspolpracy\/\",\"name\":\"Kontroler - Pilot! Zasady owocnej wsp\u00f3\u0142pracy - ICAO4U - ICAO Exam online\",\"isPartOf\":{\"@id\":\"https:\/\/icao4u.com\/#website\"},\"primaryImageOfPage\":{\"@id\":\"https:\/\/icao4u.com\/kontroler-pilot-zasady-owocnej-wspolpracy\/#primaryimage\"},\"image\":{\"@id\":\"https:\/\/icao4u.com\/kontroler-pilot-zasady-owocnej-wspolpracy\/#primaryimage\"},\"thumbnailUrl\":\"https:\/\/icao4u.com\/wp-content\/uploads\/2023\/08\/frazeologia-lotniskowa-icao4u-fis.png\",\"datePublished\":\"2024-01-04T10:01:40+00:00\",\"dateModified\":\"2024-02-01T13:49:30+00:00\",\"inLanguage\":\"pl-PL\",\"potentialAction\":[{\"@type\":\"ReadAction\",\"target\":[\"https:\/\/icao4u.com\/kontroler-pilot-zasady-owocnej-wspolpracy\/\"]}]},{\"@type\":\"ImageObject\",\"inLanguage\":\"pl-PL\",\"@id\":\"https:\/\/icao4u.com\/kontroler-pilot-zasady-owocnej-wspolpracy\/#primaryimage\",\"url\":\"https:\/\/icao4u.com\/wp-content\/uploads\/2023\/08\/frazeologia-lotniskowa-icao4u-fis.png\",\"contentUrl\":\"https:\/\/icao4u.com\/wp-content\/uploads\/2023\/08\/frazeologia-lotniskowa-icao4u-fis.png\",\"width\":1440,\"height\":868},{\"@type\":\"WebSite\",\"@id\":\"https:\/\/icao4u.com\/#website\",\"url\":\"https:\/\/icao4u.com\/\",\"name\":\"ICAO4U - ICAO Exam online\",\"description\":\"\",\"publisher\":{\"@id\":\"https:\/\/icao4u.com\/#organization\"},\"potentialAction\":[{\"@type\":\"SearchAction\",\"target\":{\"@type\":\"EntryPoint\",\"urlTemplate\":\"https:\/\/icao4u.com\/?s={search_term_string}\"},\"query-input\":{\"@type\":\"PropertyValueSpecification\",\"valueRequired\":true,\"valueName\":\"search_term_string\"}}],\"inLanguage\":\"pl-PL\"},{\"@type\":\"Organization\",\"@id\":\"https:\/\/icao4u.com\/#organization\",\"name\":\"ICAO4U - Official ICAO Exam online and ICAO Exercise mobile app\",\"url\":\"https:\/\/icao4u.com\/\",\"logo\":{\"@type\":\"ImageObject\",\"inLanguage\":\"pl-PL\",\"@id\":\"https:\/\/icao4u.com\/#\/schema\/logo\/image\/\",\"url\":\"https:\/\/icao4u.com\/wp-content\/uploads\/2022\/08\/icao4ulogo.png\",\"contentUrl\":\"https:\/\/icao4u.com\/wp-content\/uploads\/2022\/08\/icao4ulogo.png\",\"width\":847,\"height\":241,\"caption\":\"ICAO4U - Official ICAO Exam online and ICAO Exercise mobile app\"},\"image\":{\"@id\":\"https:\/\/icao4u.com\/#\/schema\/logo\/image\/\"},\"sameAs\":[\"https:\/\/www.facebook.com\/icao4u\/\",\"https:\/\/pl.linkedin.com\/company\/icao4u\"]}]}<\/script>\n<!-- \/ Yoast SEO Premium plugin. -->","yoast_head_json":{"title":"Kontroler - Pilot! Zasady owocnej wsp\u00f3\u0142pracy - ICAO4U - ICAO Exam online","robots":{"index":"index","follow":"follow","max-snippet":"max-snippet:-1","max-image-preview":"max-image-preview:large","max-video-preview":"max-video-preview:-1"},"canonical":"https:\/\/icao4u.com\/pl\/kontroler-pilot-zasady-owocnej-wspolpracy\/","og_locale":"pl_PL","og_type":"article","og_title":"Kontroler - Pilot! Zasady owocnej wsp\u00f3\u0142pracy - ICAO4U - ICAO Exam online","og_url":"https:\/\/icao4u.com\/pl\/kontroler-pilot-zasady-owocnej-wspolpracy\/","og_site_name":"ICAO4U - ICAO Exam online","article_publisher":"https:\/\/www.facebook.com\/icao4u\/","article_modified_time":"2024-02-01T13:49:30+00:00","og_image":[{"width":1440,"height":868,"url":"https:\/\/icao4u.com\/wp-content\/uploads\/2023\/08\/frazeologia-lotniskowa-icao4u-fis.png","type":"image\/png"}],"twitter_card":"summary_large_image","twitter_misc":{"Est. reading time":"2 minutes"},"schema":{"@context":"https:\/\/schema.org","@graph":[{"@type":"WebPage","@id":"https:\/\/icao4u.com\/kontroler-pilot-zasady-owocnej-wspolpracy\/","url":"https:\/\/icao4u.com\/kontroler-pilot-zasady-owocnej-wspolpracy\/","name":"Kontroler - Pilot! Zasady owocnej wsp\u00f3\u0142pracy - ICAO4U - ICAO Exam online","isPartOf":{"@id":"https:\/\/icao4u.com\/#website"},"primaryImageOfPage":{"@id":"https:\/\/icao4u.com\/kontroler-pilot-zasady-owocnej-wspolpracy\/#primaryimage"},"image":{"@id":"https:\/\/icao4u.com\/kontroler-pilot-zasady-owocnej-wspolpracy\/#primaryimage"},"thumbnailUrl":"https:\/\/icao4u.com\/wp-content\/uploads\/2023\/08\/frazeologia-lotniskowa-icao4u-fis.png","datePublished":"2024-01-04T10:01:40+00:00","dateModified":"2024-02-01T13:49:30+00:00","inLanguage":"pl-PL","potentialAction":[{"@type":"ReadAction","target":["https:\/\/icao4u.com\/kontroler-pilot-zasady-owocnej-wspolpracy\/"]}]},{"@type":"ImageObject","inLanguage":"pl-PL","@id":"https:\/\/icao4u.com\/kontroler-pilot-zasady-owocnej-wspolpracy\/#primaryimage","url":"https:\/\/icao4u.com\/wp-content\/uploads\/2023\/08\/frazeologia-lotniskowa-icao4u-fis.png","contentUrl":"https:\/\/icao4u.com\/wp-content\/uploads\/2023\/08\/frazeologia-lotniskowa-icao4u-fis.png","width":1440,"height":868},{"@type":"WebSite","@id":"https:\/\/icao4u.com\/#website","url":"https:\/\/icao4u.com\/","name":"ICAO4U - ICAO Exam online","description":"","publisher":{"@id":"https:\/\/icao4u.com\/#organization"},"potentialAction":[{"@type":"SearchAction","target":{"@type":"EntryPoint","urlTemplate":"https:\/\/icao4u.com\/?s={search_term_string}"},"query-input":{"@type":"PropertyValueSpecification","valueRequired":true,"valueName":"search_term_string"}}],"inLanguage":"pl-PL"},{"@type":"Organization","@id":"https:\/\/icao4u.com\/#organization","name":"ICAO4U - Official ICAO Exam online and ICAO Exercise mobile app","url":"https:\/\/icao4u.com\/","logo":{"@type":"ImageObject","inLanguage":"pl-PL","@id":"https:\/\/icao4u.com\/#\/schema\/logo\/image\/","url":"https:\/\/icao4u.com\/wp-content\/uploads\/2022\/08\/icao4ulogo.png","contentUrl":"https:\/\/icao4u.com\/wp-content\/uploads\/2022\/08\/icao4ulogo.png","width":847,"height":241,"caption":"ICAO4U - Official ICAO Exam online and ICAO Exercise mobile app"},"image":{"@id":"https:\/\/icao4u.com\/#\/schema\/logo\/image\/"},"sameAs":["https:\/\/www.facebook.com\/icao4u\/","https:\/\/pl.linkedin.com\/company\/icao4u"]}]}},"taxonomy_info":[],"featured_image_src_large":["https:\/\/icao4u.com\/wp-content\/uploads\/2023\/08\/frazeologia-lotniskowa-icao4u-fis-1024x617.png",1024,617,true],"author_info":{"display_name":"Sebastian Szklarz","author_link":"https:\/\/icao4u.com\/pl\/author\/sebastian-szklarz\/"},"comment_info":0,"uagb_featured_image_src":{"full":["https:\/\/icao4u.com\/wp-content\/uploads\/2023\/08\/frazeologia-lotniskowa-icao4u-fis.png",1440,868,false],"thumbnail":["https:\/\/icao4u.com\/wp-content\/uploads\/2023\/08\/frazeologia-lotniskowa-icao4u-fis-150x150.png",150,150,true],"medium":["https:\/\/icao4u.com\/wp-content\/uploads\/2023\/08\/frazeologia-lotniskowa-icao4u-fis-300x181.png",300,181,true],"medium_large":["https:\/\/icao4u.com\/wp-content\/uploads\/2023\/08\/frazeologia-lotniskowa-icao4u-fis-768x463.png",768,463,true],"large":["https:\/\/icao4u.com\/wp-content\/uploads\/2023\/08\/frazeologia-lotniskowa-icao4u-fis-1024x617.png",1024,617,true],"1536x1536":["https:\/\/icao4u.com\/wp-content\/uploads\/2023\/08\/frazeologia-lotniskowa-icao4u-fis.png",1440,868,false],"2048x2048":["https:\/\/icao4u.com\/wp-content\/uploads\/2023\/08\/frazeologia-lotniskowa-icao4u-fis.png",1440,868,false],"trp-custom-language-flag":["https:\/\/icao4u.com\/wp-content\/uploads\/2023\/08\/frazeologia-lotniskowa-icao4u-fis-18x12.png",18,12,true],"neve-blog":["https:\/\/icao4u.com\/wp-content\/uploads\/2023\/08\/frazeologia-lotniskowa-icao4u-fis-930x620.png",930,620,true],"woocommerce_thumbnail":["https:\/\/icao4u.com\/wp-content\/uploads\/2023\/08\/frazeologia-lotniskowa-icao4u-fis-300x300.png",300,300,true],"woocommerce_single":["https:\/\/icao4u.com\/wp-content\/uploads\/2023\/08\/frazeologia-lotniskowa-icao4u-fis-600x362.png",600,362,true],"woocommerce_gallery_thumbnail":["https:\/\/icao4u.com\/wp-content\/uploads\/2023\/08\/frazeologia-lotniskowa-icao4u-fis-100x100.png",100,100,true]},"uagb_author_info":{"display_name":"Sebastian Szklarz","author_link":"https:\/\/icao4u.com\/pl\/author\/sebastian-szklarz\/"},"uagb_comment_info":0,"uagb_excerpt":null,"coauthors":[],"author_meta":{"author_link":"https:\/\/icao4u.com\/pl\/author\/sebastian-szklarz\/","display_name":"Sebastian Szklarz"},"relative_dates":{"created":"Posted 2 years ago","modified":"Updated 2 years ago"},"absolute_dates":{"created":"Posted on 2024-01-04","modified":"Updated on 2024-02-01"},"absolute_dates_time":{"created":"Posted on 2024-01-04 11:01","modified":"Updated on 2024-02-01 14:49"},"featured_img_caption":"","featured_img":"https:\/\/icao4u.com\/wp-content\/uploads\/2023\/08\/frazeologia-lotniskowa-icao4u-fis.png","series_order":"","_links":{"self":[{"href":"https:\/\/icao4u.com\/pl\/wp-json\/wp\/v2\/pages\/15031","targetHints":{"allow":["GET"]}}],"collection":[{"href":"https:\/\/icao4u.com\/pl\/wp-json\/wp\/v2\/pages"}],"about":[{"href":"https:\/\/icao4u.com\/pl\/wp-json\/wp\/v2\/types\/page"}],"author":[{"embeddable":true,"href":"https:\/\/icao4u.com\/pl\/wp-json\/wp\/v2\/users\/540"}],"replies":[{"embeddable":true,"href":"https:\/\/icao4u.com\/pl\/wp-json\/wp\/v2\/comments?post=15031"}],"version-history":[{"count":11,"href":"https:\/\/icao4u.com\/pl\/wp-json\/wp\/v2\/pages\/15031\/revisions"}],"predecessor-version":[{"id":15179,"href":"https:\/\/icao4u.com\/pl\/wp-json\/wp\/v2\/pages\/15031\/revisions\/15179"}],"wp:featuredmedia":[{"embeddable":true,"href":"https:\/\/icao4u.com\/pl\/wp-json\/wp\/v2\/media\/14721"}],"wp:attachment":[{"href":"https:\/\/icao4u.com\/pl\/wp-json\/wp\/v2\/media?parent=15031"}],"curies":[{"name":"wp","href":"https:\/\/api.w.org\/{rel}","templated":true}]}}