{"id":17203,"date":"2025-07-17T15:20:32","date_gmt":"2025-07-17T13:20:32","guid":{"rendered":"https:\/\/icao4u.com\/?page_id=17203"},"modified":"2025-04-28T15:08:51","modified_gmt":"2025-04-28T13:08:51","slug":"otwarcie-sezonu-fis-poznan-2025","status":"publish","type":"page","link":"https:\/\/icao4u.com\/pl\/otwarcie-sezonu-fis-poznan-2025\/","title":{"rendered":"Podsumowanie sezonu FIS Pozna\u0144 2025"},"content":{"rendered":"<div class=\"wp-block-uagb-container uagb-block-20a96165 alignfull uagb-is-root-container\"><div class=\"uagb-container-inner-blocks-wrap\">\n<div class=\"wp-block-uagb-container uagb-block-7f5e94bd\">\n<h2 class=\"wp-block-heading has-nv-site-bg-color has-text-color has-link-color wp-elements-853e27010bc15fafa9bb7eb6cb3a0ef2\" style=\"font-size:56px\">Podsumowanie Sezonu Lotniczego FIS Pozna\u0144 2025<\/h2>\n\n\n\n<p class=\"has-nv-site-bg-color has-text-color has-link-color wp-elements-88e218937d17a75fd4575e3ffb506527\">Spotkanie pilot\u00f3w i kontroler\u00f3w ruchu lotniczego, prelekcje, wymiana do\u015bwiadcze\u0144 oraz after grill party<\/p>\n\n\n\n<h2 class=\"wp-block-heading has-nv-site-bg-color has-text-color has-link-color wp-elements-f8f68a5e0727b141ca9165315c528a43\">Koszt uczestnictwa 250 z\u0142<\/h2>\n\n\n\n<div class=\"wp-block-buttons has-custom-font-size has-medium-font-size is-layout-flex wp-block-buttons-is-layout-flex\">\n<div class=\"wp-block-button\"><a class=\"wp-block-button__link has-neve-link-hover-color-color has-neve-link-color-background-color has-text-color has-background has-link-color wp-element-button\" href=\"https:\/\/revolut.me\/r\/tXNZK1hsLu\" style=\"border-radius:5px\">Zarezerwuj miejsce<\/a><\/div>\n<\/div>\n<\/div>\n\n\n\n<div class=\"wp-block-uagb-container uagb-block-911e5c20\"><\/div>\n<\/div><\/div>\n\n\n\n<div class=\"wp-block-uagb-container uagb-block-f7ff665a alignfull uagb-is-root-container\"><div class=\"uagb-container-inner-blocks-wrap\">\n<h2 class=\"wp-block-heading has-text-align-center\" style=\"font-size:40px\">O wydarzeniu<\/h2>\n<\/div><\/div>\n\n\n\n<div class=\"wp-block-uagb-container uagb-block-5c681a31 alignfull uagb-is-root-container\"><div class=\"uagb-container-inner-blocks-wrap\">\n<div class=\"wp-block-uagb-container uagb-block-8df4590c\">\n<h2 class=\"wp-block-heading\" style=\"font-size:25px\">Kiedy i gdzie?<\/h2>\n\n\n\n<p><strong>Data:<\/strong>\u00a019 wrze\u015bnia 2025<\/p>\n\n\n\n<p><strong>Godzina:<\/strong>&nbsp;18:00<\/p>\n\n\n\n<p><strong>Miejsce:<\/strong>&nbsp;Lotnisko EPMY<\/p>\n<\/div>\n\n\n\n<div class=\"wp-block-uagb-container uagb-block-dd3b1e9e\">\n<h2 class=\"wp-block-heading\" style=\"font-size:25px\">Dla kogo?<\/h2>\n\n\n\n<p>Wydarzenie skierowane do <strong>pilot\u00f3w wszystkich kategorii, kontroler\u00f3w ruchu lotniczego, entuzjast\u00f3w lotnictwa i wszystkich zainteresowanych<\/strong> bezpiecze\u0144stwem w przestrzeni powietrznej.<\/p>\n<\/div>\n\n\n\n<div class=\"wp-block-uagb-container uagb-block-f4fe9581\">\n<h2 class=\"wp-block-heading\" style=\"font-size:25px\">Co w programie?<\/h2>\n\n\n\n<p><strong>Prelekcja ekspert\u00f3w FIS Pozna\u0144, sesja pyta\u0144 i odpowiedzi<\/strong> (live stream FB), networking oraz integracyjne after grill party po zako\u0144czeniu cz\u0119\u015bci oficjalnej. B\u0119d\u0105 \u015bpiewy i ta\u0144ce \ud83d\ude42<\/p>\n\n\n\n<p><\/p>\n<\/div>\n\n\n\n<div class=\"wp-block-uagb-container uagb-block-d841d736\">\n<h2 class=\"wp-block-heading\" style=\"font-size:25px\">Gdzie nocleg? <\/h2>\n\n\n\n<p><strong>Na has\u0142o FIS Pozna\u0144,<\/strong> nale\u017cy zarezerwowa\u0107 nocleg w Hotelu Autoport Renice. <br>WWW: https:\/\/autoport.info\/hotel-renice\/<\/p>\n\n\n\n<p>nr tel.: 730 790 924 \/ <strong>Uwaga tylko 50 miejsc.<\/strong> <br>Rezerwacje w hotelu nie s\u0105 wliczone w cen\u0119 wydarzenia.<\/p>\n\n\n\n<p><strong>Zapewniamy transport z lotniska do hotelu i z powrotem. Shuttle BUS co 20 min.<\/strong><\/p>\n<\/div>\n<\/div><\/div>\n\n\n\n<div class=\"wp-block-uagb-container uagb-block-e8976e80 alignfull uagb-is-root-container\"><div class=\"uagb-container-inner-blocks-wrap\">\n<h2 class=\"wp-block-heading has-text-align-center\" style=\"font-size:40px\">Prelegenci<\/h2>\n<\/div><\/div>\n\n\n\n<div class=\"wp-block-uagb-container uagb-block-5091ed25 alignfull uagb-is-root-container\"><div class=\"uagb-container-inner-blocks-wrap\">\n<div class=\"wp-block-uagb-container uagb-block-5788a062\"><div class=\"wp-block-image is-style-rounded\">\n<figure class=\"aligncenter size-full is-resized\"><img loading=\"lazy\" decoding=\"async\" width=\"360\" height=\"353\" src=\"https:\/\/icao4u.com\/wp-content\/uploads\/2025\/01\/fot-1-e1736544411322.jpeg\" alt=\"\" class=\"wp-image-16421\" style=\"width:208px;height:auto\" srcset=\"https:\/\/icao4u.com\/wp-content\/uploads\/2025\/01\/fot-1-e1736544411322.jpeg 360w, https:\/\/icao4u.com\/wp-content\/uploads\/2025\/01\/fot-1-e1736544411322-300x294.jpeg 300w, https:\/\/icao4u.com\/wp-content\/uploads\/2025\/01\/fot-1-e1736544411322-12x12.jpeg 12w\" sizes=\"auto, (max-width: 360px) 100vw, 360px\" \/><\/figure>\n<\/div>\n\n\n<div style=\"height:30px\" aria-hidden=\"true\" class=\"wp-block-spacer\"><\/div>\n\n\n\n<h4 class=\"wp-block-heading has-text-align-center\">Damian \u0141aszek<\/h4>\n\n\n\n<p class=\"has-text-align-center\">Egzaminator ICAO<\/p>\n<\/div>\n\n\n\n<div class=\"wp-block-uagb-container uagb-block-f3195177\"><div class=\"wp-block-image is-style-rounded\">\n<figure class=\"aligncenter size-large is-resized\"><img decoding=\"async\" src=\"https:\/\/icao4u.com\/wp-content\/uploads\/2025\/01\/image000001.jpeg\" alt=\"\" style=\"width:200px\"\/><\/figure>\n<\/div>\n\n\n<div style=\"height:38px\" aria-hidden=\"true\" class=\"wp-block-spacer\"><\/div>\n\n\n\n<h4 class=\"wp-block-heading has-text-align-center\">Katarzyna Kucharska<\/h4>\n\n\n\n<p class=\"has-text-align-center\">FIS Pozna\u0144<\/p>\n<\/div>\n\n\n\n<div class=\"wp-block-uagb-container uagb-block-e3c127b4\"><div class=\"wp-block-image is-style-rounded\">\n<figure class=\"aligncenter size-full is-resized\"><img loading=\"lazy\" decoding=\"async\" width=\"685\" height=\"685\" src=\"https:\/\/icao4u.com\/wp-content\/uploads\/2025\/04\/Cropped_Image.png\" alt=\"\" class=\"wp-image-17274\" style=\"width:200px\" srcset=\"https:\/\/icao4u.com\/wp-content\/uploads\/2025\/04\/Cropped_Image.png 685w, https:\/\/icao4u.com\/wp-content\/uploads\/2025\/04\/Cropped_Image-300x300.png 300w, https:\/\/icao4u.com\/wp-content\/uploads\/2025\/04\/Cropped_Image-150x150.png 150w, https:\/\/icao4u.com\/wp-content\/uploads\/2025\/04\/Cropped_Image-12x12.png 12w, https:\/\/icao4u.com\/wp-content\/uploads\/2025\/04\/Cropped_Image-600x600.png 600w, https:\/\/icao4u.com\/wp-content\/uploads\/2025\/04\/Cropped_Image-100x100.png 100w\" sizes=\"auto, (max-width: 685px) 100vw, 685px\" \/><\/figure>\n<\/div>\n\n\n<div style=\"height:38px\" aria-hidden=\"true\" class=\"wp-block-spacer\"><\/div>\n\n\n\n<h4 class=\"wp-block-heading has-text-align-center\">Bartosz Or\u0142owski<\/h4>\n\n\n\n<p class=\"has-text-align-center\">Kontroler Ok\u0119cie Wie\u017ca<\/p>\n<\/div>\n<\/div><\/div>\n\n\n\n<div class=\"wp-block-uagb-container uagb-block-3c28beb4 alignfull uagb-is-root-container\"><div class=\"uagb-container-inner-blocks-wrap\">\n<p class=\"has-text-align-center\" style=\"font-size:40px;font-style:normal;font-weight:900\">Harmonogram<\/p>\n<\/div><\/div>\n\n\n\n<div class=\"wp-block-uagb-container uagb-block-a7e82d09 alignfull uagb-is-root-container\">\n\n<div class=\"schedule\">\n        <div class=\"container\">\n            \n            <div class=\"schedule-list\">\n                <div class=\"schedule-item\">\n                    <div class=\"schedule-time\">18:00 &#8211; 18:15<\/div>\n                    <div class=\"schedule-content\">\n                        <h3>Rejestracja i powitanie<\/h3>\n                        <p>Przywitanie go\u015bci i przedstawienie programu wydarzenia<\/p>\n                    <\/div>\n                <\/div>\n                <div class=\"schedule-item\">\n                    <div class=\"schedule-time\">18:15 &#8211; 19:15<\/div>\n                    <div class=\"schedule-content\">\n                        <h3>Prelekcja FIS Pozna\u0144<\/h3>\n                        <p>Nowo\u015bci w procedurach komunikacji, bezpiecze\u0144stwo w przestrzeni powietrznej, wsp\u00f3\u0142praca z pilotami<\/p>\n                    <\/div>\n                <\/div>\n                <div class=\"schedule-item\">\n                    <div class=\"schedule-time\">19:15 &#8211; 20:00<\/div>\n                    <div class=\"schedule-content\">\n                        <h3>Sesja Q&#038;A<\/h3>\n                        <p>Otwarta sesja pyta\u0144 i odpowiedzi dla uczestnik\u00f3w (stream na FB) <\/p>\n                    <\/div>\n                <\/div>\n                <div class=\"schedule-item\">\n                    <div class=\"schedule-time\">20:00 &#8211; 23:00<\/div>\n                    <div class=\"schedule-content\">\n                        <h3>After Grill Party<\/h3>\n                        <p>Networking, integracja i wymiana do\u015bwiadcze\u0144 przy grillu. Zaplanowany DJ oraz dobre drinki przygotowywane przez barmana.<\/p>\n                    <\/div>\n                <\/div>\n            <\/div>\n        <\/div>\n    <\/div>\n<\/div>\n\n\n\n<div class=\"wp-block-uagb-container uagb-block-d0475778 alignfull uagb-is-root-container\"><div class=\"uagb-container-inner-blocks-wrap\">\n<h2 class=\"wp-block-heading has-text-align-center has-nv-site-bg-color has-text-color has-link-color wp-elements-80627d4e9b42cd30d66c0873915c060c\" style=\"font-size:40px\">Zarezerwuj swoje miejsce ju\u017c teraz!<\/h2>\n\n\n\n<p class=\"has-text-align-center has-nv-site-bg-color has-text-color has-link-color wp-elements-acac79b6d1bf8bc8dc275af48f9e702e\">Liczba miejsc ograniczona. Wype\u0142nij formularz, aby zapewni\u0107 sobie udzia\u0142 w <\/p>\n\n\n\n<p class=\"has-text-align-center has-nv-site-bg-color has-text-color has-link-color wp-elements-f56353fd87bea8b033745531e86fd975\">wyj\u0105tkowym wydarzeniu Otwarcia Sezonu Lotniczego FIS Pozna\u0144 2025.<\/p>\n\n\n\n<div class=\"wp-block-buttons is-content-justification-center is-layout-flex wp-container-core-buttons-is-layout-16018d1d wp-block-buttons-is-layout-flex\">\n<div class=\"wp-block-button\"><a class=\"wp-block-button__link has-neve-link-hover-color-color has-neve-link-color-background-color has-text-color has-background has-link-color has-medium-font-size has-custom-font-size wp-element-button\" href=\"https:\/\/revolut.me\/r\/tXNZK1hsLu\" style=\"border-radius:10px\">Zarezerwuj miejsce<\/a><\/div>\n<\/div>\n\n\n\n<div style=\"height:20px\" aria-hidden=\"true\" class=\"wp-block-spacer\"><\/div>\n\n\n\n<p class=\"has-text-align-center has-nv-site-bg-color has-text-color has-link-color wp-elements-975f33bb8544b1d96f8e7b8dd7f006db\">\u00a9 2025 EPMY Lotniczy | Otwarcie Sezonu Lotniczego FIS Pozna\u0144<\/p>\n\n\n\n<p class=\"has-text-align-center has-nv-site-bg-color has-text-color has-link-color wp-elements-0b6fd1c3dfd345af129eeb37d7892ab3\">Kontakt:&nbsp; <a href=\"mailto:rafal.matuszak@gmail.com\">rafal.matuszak@gmail.com<\/a> | tel: <a href=\"tel:+48506013492\">+48 506 013 492<\/a><\/p>\n<\/div><\/div>\n<style class=\"advgb-styles-renderer\">.schedule {\n            padding: 50px 0;\n            background-color: #f8f9fa;\n        }\n        \n        .schedule h2 {\n            text-align: center;\n            margin-bottom: 40px;\n            font-size: 2rem;\n            color: #162542;\n        }\n        \n        .schedule-item {\n            display: flex;\n            margin-bottom: 20px;\n            background: #fff;\n            border-radius: 10px;\n            overflow: hidden;\n            box-shadow: 0 5px 15px rgba(0, 0, 0, 0.1);\n        }\n        \n        .schedule-time {\n            width: 150px;\n            padding: 20px;\n            background: #162542;\n            color: #fff;\n            display: flex;\n            flex-direction: column;\n            justify-content: center;\n            font-weight: 600;\n        }\n        \n        .schedule-content {\n            flex: 1;\n            padding: 20px;\n        }\n        \n        .schedule-content h3 {\n            margin-bottom: 10px;\n            color: #162542;\n        }<\/style>","protected":false},"excerpt":{"rendered":"<p>Podsumowanie Sezonu Lotniczego FIS Pozna\u0144 2025 Spotkanie pilot\u00f3w i kontroler\u00f3w ruchu lotniczego, prelekcje, wymiana do\u015bwiadcze\u0144 oraz after grill party Koszt uczestnictwa 250 z\u0142 O wydarzeniu Kiedy i gdzie? Data:\u00a019 wrze\u015bnia 2025 Godzina:&nbsp;18:00 Miejsce:&nbsp;Lotnisko EPMY Dla kogo? Wydarzenie skierowane do pilot\u00f3w wszystkich kategorii, kontroler\u00f3w ruchu lotniczego, entuzjast\u00f3w lotnictwa i wszystkich zainteresowanych bezpiecze\u0144stwem w przestrzeni powietrznej. Co&hellip;&nbsp;<a href=\"https:\/\/icao4u.com\/pl\/otwarcie-sezonu-fis-poznan-2025\/\" rel=\"bookmark\">Dowiedz si\u0119 wi\u0119cej &raquo;<span class=\"screen-reader-text\">Podsumowanie sezonu FIS Pozna\u0144 2025<\/span><\/a><\/p>","protected":false},"author":540,"featured_media":0,"parent":0,"menu_order":0,"comment_status":"closed","ping_status":"closed","template":"","meta":{"_uag_custom_page_level_css":"","advgb_blocks_editor_width":"","advgb_blocks_columns_visual_guide":"","_kad_blocks_custom_css":"","_kad_blocks_head_custom_js":"","_kad_blocks_body_custom_js":"","_kad_blocks_footer_custom_js":"","neve_meta_sidebar":"","neve_meta_container":"","neve_meta_enable_content_width":"","neve_meta_content_width":0,"neve_meta_title_alignment":"","neve_meta_author_avatar":"","neve_post_elements_order":"","neve_meta_disable_header":"","neve_meta_disable_footer":"","neve_meta_disable_title":"","_themeisle_gutenberg_block_has_review":false,"footnotes":""},"class_list":["post-17203","page","type-page","status-publish","hentry"],"yoast_head":"<!-- This site is optimized with the Yoast SEO Premium plugin v25.8 (Yoast SEO v25.8) - https:\/\/yoast.com\/wordpress\/plugins\/seo\/ -->\n<title>Podsumowanie sezonu FIS Pozna\u0144 2025 - ICAO4U - ICAO Exam online<\/title>\n<meta name=\"robots\" content=\"index, follow, max-snippet:-1, max-image-preview:large, max-video-preview:-1\" \/>\n<link rel=\"canonical\" href=\"https:\/\/icao4u.com\/pl\/otwarcie-sezonu-fis-poznan-2025\/\" \/>\n<meta property=\"og:locale\" content=\"pl_PL\" \/>\n<meta property=\"og:type\" content=\"article\" \/>\n<meta property=\"og:title\" content=\"Podsumowanie sezonu FIS Pozna\u0144 2025 - ICAO4U - ICAO Exam online\" \/>\n<meta property=\"og:description\" content=\"Podsumowanie Sezonu Lotniczego FIS Pozna\u0144 2025 Spotkanie pilot\u00f3w i kontroler\u00f3w ruchu lotniczego, prelekcje, wymiana do\u015bwiadcze\u0144 oraz after grill party Koszt uczestnictwa 250 z\u0142 O wydarzeniu Kiedy i gdzie? Data:\u00a019 wrze\u015bnia 2025 Godzina:&nbsp;18:00 Miejsce:&nbsp;Lotnisko EPMY Dla kogo? Wydarzenie skierowane do pilot\u00f3w wszystkich kategorii, kontroler\u00f3w ruchu lotniczego, entuzjast\u00f3w lotnictwa i wszystkich zainteresowanych bezpiecze\u0144stwem w przestrzeni powietrznej. Co&hellip;&nbsp;Dowiedz si\u0119 wi\u0119cej &raquo;Podsumowanie sezonu FIS Pozna\u0144 2025\" \/>\n<meta property=\"og:url\" content=\"https:\/\/icao4u.com\/pl\/otwarcie-sezonu-fis-poznan-2025\/\" \/>\n<meta property=\"og:site_name\" content=\"ICAO4U - ICAO Exam online\" \/>\n<meta property=\"article:publisher\" content=\"https:\/\/www.facebook.com\/icao4u\/\" \/>\n<meta property=\"og:image\" content=\"https:\/\/icao4u.com\/wp-content\/uploads\/2025\/01\/fot-1-e1736544411322.jpeg\" \/>\n\t<meta property=\"og:image:width\" content=\"360\" \/>\n\t<meta property=\"og:image:height\" content=\"353\" \/>\n\t<meta property=\"og:image:type\" content=\"image\/jpeg\" \/>\n<meta name=\"twitter:card\" content=\"summary_large_image\" \/>\n<meta name=\"twitter:label1\" content=\"Est. reading time\" \/>\n\t<meta name=\"twitter:data1\" content=\"2 minutes\" \/>\n<script type=\"application\/ld+json\" class=\"yoast-schema-graph\">{\"@context\":\"https:\/\/schema.org\",\"@graph\":[{\"@type\":\"WebPage\",\"@id\":\"https:\/\/icao4u.com\/otwarcie-sezonu-fis-poznan-2025\/\",\"url\":\"https:\/\/icao4u.com\/otwarcie-sezonu-fis-poznan-2025\/\",\"name\":\"Podsumowanie sezonu FIS Pozna\u0144 2025 - ICAO4U - ICAO Exam online\",\"isPartOf\":{\"@id\":\"https:\/\/icao4u.com\/#website\"},\"primaryImageOfPage\":{\"@id\":\"https:\/\/icao4u.com\/otwarcie-sezonu-fis-poznan-2025\/#primaryimage\"},\"image\":{\"@id\":\"https:\/\/icao4u.com\/otwarcie-sezonu-fis-poznan-2025\/#primaryimage\"},\"thumbnailUrl\":\"https:\/\/icao4u.com\/wp-content\/uploads\/2025\/01\/fot-1-e1736544411322.jpeg\",\"datePublished\":\"2025-07-17T13:20:32+00:00\",\"inLanguage\":\"pl-PL\",\"potentialAction\":[{\"@type\":\"ReadAction\",\"target\":[\"https:\/\/icao4u.com\/otwarcie-sezonu-fis-poznan-2025\/\"]}]},{\"@type\":\"ImageObject\",\"inLanguage\":\"pl-PL\",\"@id\":\"https:\/\/icao4u.com\/otwarcie-sezonu-fis-poznan-2025\/#primaryimage\",\"url\":\"https:\/\/icao4u.com\/wp-content\/uploads\/2025\/01\/fot-1-e1736544411322.jpeg\",\"contentUrl\":\"https:\/\/icao4u.com\/wp-content\/uploads\/2025\/01\/fot-1-e1736544411322.jpeg\"},{\"@type\":\"WebSite\",\"@id\":\"https:\/\/icao4u.com\/#website\",\"url\":\"https:\/\/icao4u.com\/\",\"name\":\"ICAO4U - ICAO Exam online\",\"description\":\"\",\"publisher\":{\"@id\":\"https:\/\/icao4u.com\/#organization\"},\"potentialAction\":[{\"@type\":\"SearchAction\",\"target\":{\"@type\":\"EntryPoint\",\"urlTemplate\":\"https:\/\/icao4u.com\/?s={search_term_string}\"},\"query-input\":{\"@type\":\"PropertyValueSpecification\",\"valueRequired\":true,\"valueName\":\"search_term_string\"}}],\"inLanguage\":\"pl-PL\"},{\"@type\":\"Organization\",\"@id\":\"https:\/\/icao4u.com\/#organization\",\"name\":\"ICAO4U - Official ICAO Exam online and ICAO Exercise mobile app\",\"url\":\"https:\/\/icao4u.com\/\",\"logo\":{\"@type\":\"ImageObject\",\"inLanguage\":\"pl-PL\",\"@id\":\"https:\/\/icao4u.com\/#\/schema\/logo\/image\/\",\"url\":\"https:\/\/icao4u.com\/wp-content\/uploads\/2022\/08\/icao4ulogo.png\",\"contentUrl\":\"https:\/\/icao4u.com\/wp-content\/uploads\/2022\/08\/icao4ulogo.png\",\"width\":847,\"height\":241,\"caption\":\"ICAO4U - Official ICAO Exam online and ICAO Exercise mobile app\"},\"image\":{\"@id\":\"https:\/\/icao4u.com\/#\/schema\/logo\/image\/\"},\"sameAs\":[\"https:\/\/www.facebook.com\/icao4u\/\",\"https:\/\/pl.linkedin.com\/company\/icao4u\"]}]}<\/script>\n<!-- \/ Yoast SEO Premium plugin. -->","yoast_head_json":{"title":"Podsumowanie sezonu FIS Pozna\u0144 2025 - ICAO4U - ICAO Exam online","robots":{"index":"index","follow":"follow","max-snippet":"max-snippet:-1","max-image-preview":"max-image-preview:large","max-video-preview":"max-video-preview:-1"},"canonical":"https:\/\/icao4u.com\/pl\/otwarcie-sezonu-fis-poznan-2025\/","og_locale":"pl_PL","og_type":"article","og_title":"Podsumowanie sezonu FIS Pozna\u0144 2025 - ICAO4U - ICAO Exam online","og_description":"Podsumowanie Sezonu Lotniczego FIS Pozna\u0144 2025 Spotkanie pilot\u00f3w i kontroler\u00f3w ruchu lotniczego, prelekcje, wymiana do\u015bwiadcze\u0144 oraz after grill party Koszt uczestnictwa 250 z\u0142 O wydarzeniu Kiedy i gdzie? Data:\u00a019 wrze\u015bnia 2025 Godzina:&nbsp;18:00 Miejsce:&nbsp;Lotnisko EPMY Dla kogo? Wydarzenie skierowane do pilot\u00f3w wszystkich kategorii, kontroler\u00f3w ruchu lotniczego, entuzjast\u00f3w lotnictwa i wszystkich zainteresowanych bezpiecze\u0144stwem w przestrzeni powietrznej. Co&hellip;&nbsp;Dowiedz si\u0119 wi\u0119cej &raquo;Podsumowanie sezonu FIS Pozna\u0144 2025","og_url":"https:\/\/icao4u.com\/pl\/otwarcie-sezonu-fis-poznan-2025\/","og_site_name":"ICAO4U - ICAO Exam online","article_publisher":"https:\/\/www.facebook.com\/icao4u\/","og_image":[{"width":360,"height":353,"url":"https:\/\/icao4u.com\/wp-content\/uploads\/2025\/01\/fot-1-e1736544411322.jpeg","type":"image\/jpeg"}],"twitter_card":"summary_large_image","twitter_misc":{"Est. reading time":"2 minutes"},"schema":{"@context":"https:\/\/schema.org","@graph":[{"@type":"WebPage","@id":"https:\/\/icao4u.com\/otwarcie-sezonu-fis-poznan-2025\/","url":"https:\/\/icao4u.com\/otwarcie-sezonu-fis-poznan-2025\/","name":"Podsumowanie sezonu FIS Pozna\u0144 2025 - ICAO4U - ICAO Exam online","isPartOf":{"@id":"https:\/\/icao4u.com\/#website"},"primaryImageOfPage":{"@id":"https:\/\/icao4u.com\/otwarcie-sezonu-fis-poznan-2025\/#primaryimage"},"image":{"@id":"https:\/\/icao4u.com\/otwarcie-sezonu-fis-poznan-2025\/#primaryimage"},"thumbnailUrl":"https:\/\/icao4u.com\/wp-content\/uploads\/2025\/01\/fot-1-e1736544411322.jpeg","datePublished":"2025-07-17T13:20:32+00:00","inLanguage":"pl-PL","potentialAction":[{"@type":"ReadAction","target":["https:\/\/icao4u.com\/otwarcie-sezonu-fis-poznan-2025\/"]}]},{"@type":"ImageObject","inLanguage":"pl-PL","@id":"https:\/\/icao4u.com\/otwarcie-sezonu-fis-poznan-2025\/#primaryimage","url":"https:\/\/icao4u.com\/wp-content\/uploads\/2025\/01\/fot-1-e1736544411322.jpeg","contentUrl":"https:\/\/icao4u.com\/wp-content\/uploads\/2025\/01\/fot-1-e1736544411322.jpeg"},{"@type":"WebSite","@id":"https:\/\/icao4u.com\/#website","url":"https:\/\/icao4u.com\/","name":"ICAO4U - ICAO Exam online","description":"","publisher":{"@id":"https:\/\/icao4u.com\/#organization"},"potentialAction":[{"@type":"SearchAction","target":{"@type":"EntryPoint","urlTemplate":"https:\/\/icao4u.com\/?s={search_term_string}"},"query-input":{"@type":"PropertyValueSpecification","valueRequired":true,"valueName":"search_term_string"}}],"inLanguage":"pl-PL"},{"@type":"Organization","@id":"https:\/\/icao4u.com\/#organization","name":"ICAO4U - Official ICAO Exam online and ICAO Exercise mobile app","url":"https:\/\/icao4u.com\/","logo":{"@type":"ImageObject","inLanguage":"pl-PL","@id":"https:\/\/icao4u.com\/#\/schema\/logo\/image\/","url":"https:\/\/icao4u.com\/wp-content\/uploads\/2022\/08\/icao4ulogo.png","contentUrl":"https:\/\/icao4u.com\/wp-content\/uploads\/2022\/08\/icao4ulogo.png","width":847,"height":241,"caption":"ICAO4U - Official ICAO Exam online and ICAO Exercise mobile app"},"image":{"@id":"https:\/\/icao4u.com\/#\/schema\/logo\/image\/"},"sameAs":["https:\/\/www.facebook.com\/icao4u\/","https:\/\/pl.linkedin.com\/company\/icao4u"]}]}},"taxonomy_info":[],"featured_image_src_large":false,"author_info":{"display_name":"Sebastian Szklarz","author_link":"https:\/\/icao4u.com\/pl\/author\/sebastian-szklarz\/"},"comment_info":0,"uagb_featured_image_src":{"full":false,"thumbnail":false,"medium":false,"medium_large":false,"large":false,"1536x1536":false,"2048x2048":false,"trp-custom-language-flag":false,"neve-blog":false,"woocommerce_thumbnail":false,"woocommerce_single":false,"woocommerce_gallery_thumbnail":false},"uagb_author_info":{"display_name":"Sebastian Szklarz","author_link":"https:\/\/icao4u.com\/pl\/author\/sebastian-szklarz\/"},"uagb_comment_info":0,"uagb_excerpt":"Podsumowanie Sezonu Lotniczego FIS Pozna\u0144 2025 Spotkanie pilot\u00f3w i kontroler\u00f3w ruchu lotniczego, prelekcje, wymiana do\u015bwiadcze\u0144 oraz after grill party Koszt uczestnictwa 250 z\u0142 O wydarzeniu Kiedy i gdzie? Data:\u00a019 wrze\u015bnia 2025 Godzina:&nbsp;18:00 Miejsce:&nbsp;Lotnisko EPMY Dla kogo? Wydarzenie skierowane do pilot\u00f3w wszystkich kategorii, kontroler\u00f3w ruchu lotniczego, entuzjast\u00f3w lotnictwa i wszystkich zainteresowanych bezpiecze\u0144stwem w przestrzeni powietrznej. Co&hellip;&nbsp;Dowiedz&hellip;","coauthors":[],"author_meta":{"author_link":"https:\/\/icao4u.com\/pl\/author\/sebastian-szklarz\/","display_name":"Sebastian Szklarz"},"relative_dates":{"created":"Posted 10 months ago","modified":"Updated 1 year ago"},"absolute_dates":{"created":"Posted on 2025-07-17","modified":"Updated on 2025-04-28"},"absolute_dates_time":{"created":"Posted on 2025-07-17 15:20","modified":"Updated on 2025-04-28 15:08"},"featured_img_caption":"","featured_img":false,"series_order":"","_links":{"self":[{"href":"https:\/\/icao4u.com\/pl\/wp-json\/wp\/v2\/pages\/17203","targetHints":{"allow":["GET"]}}],"collection":[{"href":"https:\/\/icao4u.com\/pl\/wp-json\/wp\/v2\/pages"}],"about":[{"href":"https:\/\/icao4u.com\/pl\/wp-json\/wp\/v2\/types\/page"}],"author":[{"embeddable":true,"href":"https:\/\/icao4u.com\/pl\/wp-json\/wp\/v2\/users\/540"}],"replies":[{"embeddable":true,"href":"https:\/\/icao4u.com\/pl\/wp-json\/wp\/v2\/comments?post=17203"}],"version-history":[{"count":62,"href":"https:\/\/icao4u.com\/pl\/wp-json\/wp\/v2\/pages\/17203\/revisions"}],"predecessor-version":[{"id":17339,"href":"https:\/\/icao4u.com\/pl\/wp-json\/wp\/v2\/pages\/17203\/revisions\/17339"}],"wp:attachment":[{"href":"https:\/\/icao4u.com\/pl\/wp-json\/wp\/v2\/media?parent=17203"}],"curies":[{"name":"wp","href":"https:\/\/api.w.org\/{rel}","templated":true}]}}