{"id":210,"date":"2022-09-18T13:22:47","date_gmt":"2022-09-18T11:22:47","guid":{"rendered":"https:\/\/icao4u.com\/?page_id=210"},"modified":"2023-06-16T11:54:12","modified_gmt":"2023-06-16T09:54:12","slug":"icao4u-tutor","status":"publish","type":"page","link":"https:\/\/icao4u.com\/pl\/icao4u-tutor\/","title":{"rendered":"ICAO4U Tutor"},"content":{"rendered":"<section id=\"wp-block-themeisle-blocks-advanced-columns-9f8848a6\" class=\"wp-block-themeisle-blocks-advanced-columns alignfull has-1-columns has-desktop-equal-layout has-tablet-collapsedRows-layout has-mobile-collapsedRows-layout has-vertical-center\"><div class=\"wp-block-themeisle-blocks-advanced-columns-overlay\"><\/div><div class=\"innerblocks-wrap\">\n<div id=\"wp-block-themeisle-blocks-advanced-column-cedf80ca\" class=\"wp-block-themeisle-blocks-advanced-column\">\n<div style=\"height:50px\" aria-hidden=\"true\" class=\"wp-block-spacer\"><\/div>\n\n\n<div class=\"wp-block-image is-style-rounded\">\n<figure class=\"aligncenter size-full is-resized\"><img loading=\"lazy\" decoding=\"async\" src=\"https:\/\/icao4u.com\/wp-content\/uploads\/2022\/09\/online-tutoring-and-remote-education-friendly-mal-2021-09-03-01-49-36-utc-scaled-e1664530343532.jpg\" alt=\"\" class=\"wp-image-212\" width=\"253\" height=\"253\" srcset=\"https:\/\/icao4u.com\/wp-content\/uploads\/2022\/09\/online-tutoring-and-remote-education-friendly-mal-2021-09-03-01-49-36-utc-scaled-e1664530343532.jpg 800w, https:\/\/icao4u.com\/wp-content\/uploads\/2022\/09\/online-tutoring-and-remote-education-friendly-mal-2021-09-03-01-49-36-utc-scaled-e1664530343532-300x300.jpg 300w, https:\/\/icao4u.com\/wp-content\/uploads\/2022\/09\/online-tutoring-and-remote-education-friendly-mal-2021-09-03-01-49-36-utc-scaled-e1664530343532-100x100.jpg 100w, https:\/\/icao4u.com\/wp-content\/uploads\/2022\/09\/online-tutoring-and-remote-education-friendly-mal-2021-09-03-01-49-36-utc-scaled-e1664530343532-600x600.jpg 600w\" sizes=\"auto, (max-width: 253px) 100vw, 253px\" \/><\/figure>\n<\/div>\n\n\n<div style=\"height:50px\" aria-hidden=\"true\" class=\"wp-block-spacer\"><\/div>\n\n\n\n<div id=\"wp-block-themeisle-blocks-advanced-heading-1209bf2e\" class=\"wp-block-themeisle-blocks-advanced-heading wp-block-themeisle-blocks-advanced-heading-1209bf2e\"><strong>ICAO4U - tak jak brzmi, zrobili\u015bmy to dla Ciebie <\/strong><\/div>\n\n\n\n<h1 id=\"wp-block-themeisle-blocks-advanced-heading-ddc7a054\" class=\"wp-block-themeisle-blocks-advanced-heading wp-block-themeisle-blocks-advanced-heading-ddc7a054\">Zosta\u0144 Tutorem ICAO4U<\/h1>\n\n\n\n<div style=\"height:20px\" aria-hidden=\"true\" class=\"wp-block-spacer\"><\/div>\n\n\n\n<p class=\"has-text-align-center ticss-7da84aab has-neve-link-hover-color-color has-text-color\" style=\"font-size:28px\">Zosta\u0144 Tutorem ICAO4U i rozwijaj umiej\u0119tno\u015bci personelu lotniczego do poziomu komunikacji ICAO w j\u0119zyku angielskim.<\/p>\n\n\n\n<div style=\"height:20px\" aria-hidden=\"true\" class=\"wp-block-spacer\"><\/div>\n\n\n\n<div id=\"wp-block-themeisle-blocks-button-group-6f732b60\" class=\"wp-block-themeisle-blocks-button-group collapse-mobile wp-block-buttons align-center-desktop align-center-tablet align-center-mobile\">\n<div id=\"wp-block-themeisle-blocks-button-0d6efb4c\" class=\"wp-block-themeisle-blocks-button wp-block-button\"><a href=\"https:\/\/icao4u.com\/pl\/contact\/\" target=\"_self\" rel=\"noopener noreferrer\" class=\"wp-block-button__link\"><span><strong>SKONTAKTUJ SI\u0118<\/strong><\/span><\/a><\/div>\n<\/div>\n<\/div>\n<\/div><\/section>\n\n\n\n<section id=\"wp-block-themeisle-blocks-advanced-columns-6013fee3\" class=\"wp-block-themeisle-blocks-advanced-columns alignfull has-1-columns has-desktop-equal-layout has-tablet-equal-layout has-mobile-equal-layout has-vertical-flex-start\"><div class=\"wp-block-themeisle-blocks-advanced-columns-overlay\"><\/div><div class=\"innerblocks-wrap\">\n<div id=\"wp-block-themeisle-blocks-advanced-column-1a42e736\" class=\"wp-block-themeisle-blocks-advanced-column\">\n<h2 class=\"wp-block-heading has-text-align-center ticss-633ea5bb advgb-dyn-ba40a3d9\">Pasjonujesz si\u0119 lotnictwem i j\u0119zykiem?<\/h2>\n\n\n\n<p class=\"has-text-align-center ticss-1a5f587c has-neve-text-color-color has-text-color\" style=\"font-size:28px;font-style:normal;font-weight:500\">Je\u015bli jeste\u015b pasjonatem lotnictwa i j\u0119zyka, biegle pos\u0142ugujesz si\u0119 j\u0119zykiem angielskim (C1) i chcesz podj\u0105\u0107 nowe wyzwanie zawodowe - to miejsce i projekt dla Ciebie.<\/p>\n\n\n\n<div id=\"wp-block-themeisle-blocks-button-group-eab74592\" class=\"wp-block-themeisle-blocks-button-group collapse-mobile wp-block-buttons align-center-desktop align-center-tablet align-center-mobile\">\n<div id=\"wp-block-themeisle-blocks-button-8643bd17\" class=\"wp-block-themeisle-blocks-button wp-block-button\"><a href=\"https:\/\/icao4u.com\/pl\/contact\/\" target=\"_self\" rel=\"noopener noreferrer\" class=\"wp-block-button__link\"><span><strong>SKONTAKTUJ SI\u0118<\/strong><\/span><\/a><\/div>\n<\/div>\n<\/div>\n<\/div><\/section>\n\n\n\n<section id=\"wp-block-themeisle-blocks-advanced-columns-ab083159\" class=\"wp-block-themeisle-blocks-advanced-columns alignfull has-3-columns has-desktop-equal-layout has-tablet-equal-layout has-mobile-collapsedRows-layout has-vertical-unset has-vertical-undefined\"><div class=\"wp-block-themeisle-blocks-advanced-columns-overlay\"><\/div><div class=\"innerblocks-wrap\">\n<div id=\"wp-block-themeisle-blocks-advanced-column-b9f37e87\" class=\"wp-block-themeisle-blocks-advanced-column\">\n<div id=\"wp-block-themeisle-blocks-font-awesome-icons-a5f36d09\" class=\"wp-block-themeisle-blocks-font-awesome-icons\"><span class=\"wp-block-themeisle-blocks-font-awesome-icons-container\"><i class=\"fas fa-info-circle\"><\/i><\/span><\/div>\n\n\n\n<div style=\"height:25px\" aria-hidden=\"true\" class=\"wp-block-spacer\"><\/div>\n\n\n\n<h3 class=\"wp-block-heading has-text-align-center advgb-dyn-910d4e3d\">wymagania egzamin\u00f3w ICAO<\/h3>\n\n\n\n<p class=\"has-text-align-center\">Bior\u0105c udzia\u0142 w kursie ICAO4U dowiesz si\u0119 o wymaganiach egzamin\u00f3w ICAO.<\/p>\n<\/div>\n\n\n\n<div id=\"wp-block-themeisle-blocks-advanced-column-269a9673\" class=\"wp-block-themeisle-blocks-advanced-column\">\n<div id=\"wp-block-themeisle-blocks-font-awesome-icons-54ecae23\" class=\"wp-block-themeisle-blocks-font-awesome-icons\"><span class=\"wp-block-themeisle-blocks-font-awesome-icons-container\"><i class=\"fas fa-book\"><\/i><\/span><\/div>\n\n\n\n<div style=\"height:25px\" aria-hidden=\"true\" class=\"wp-block-spacer\"><\/div>\n\n\n\n<h3 class=\"wp-block-heading has-text-align-center advgb-dyn-ad19101c\">wszystkie materia\u0142y i pomoc<\/h3>\n\n\n\n<p class=\"has-text-align-center\">Zapewnimy ci wszystkie materia\u0142y i pomoc potrzebn\u0105, aby odnie\u015b\u0107 sukces jako tutor.<\/p>\n<\/div>\n\n\n\n<div id=\"wp-block-themeisle-blocks-advanced-column-8fc46b79\" class=\"wp-block-themeisle-blocks-advanced-column\">\n<div id=\"wp-block-themeisle-blocks-font-awesome-icons-f8007988\" class=\"wp-block-themeisle-blocks-font-awesome-icons\"><span class=\"wp-block-themeisle-blocks-font-awesome-icons-container\"><i class=\"fas fa-user-tie\"><\/i><\/span><\/div>\n\n\n\n<div style=\"height:25px\" aria-hidden=\"true\" class=\"wp-block-spacer\"><\/div>\n\n\n\n<h3 class=\"wp-block-heading has-text-align-center advgb-dyn-0420ea15\">zosta\u0144 ekspertem<br><\/h3>\n\n\n\n<p class=\"has-text-align-center\">Po uko\u0144czeniu kursu staniesz si\u0119 ekspertem w nauczaniu online j\u0119zyka angielskiego w komunikacji lotniczej.<\/p>\n<\/div>\n<\/div><\/section>","protected":false},"excerpt":{"rendered":"","protected":false},"author":540,"featured_media":0,"parent":0,"menu_order":0,"comment_status":"closed","ping_status":"closed","template":"page-templates\/template-pagebuilder-full-width.php","meta":{"_uag_custom_page_level_css":"","advgb_blocks_editor_width":"","advgb_blocks_columns_visual_guide":"","_kad_blocks_custom_css":"","_kad_blocks_head_custom_js":"","_kad_blocks_body_custom_js":"","_kad_blocks_footer_custom_js":"","neve_meta_sidebar":"full-width","neve_meta_container":"","neve_meta_enable_content_width":"on","neve_meta_content_width":100,"neve_meta_title_alignment":"","neve_meta_author_avatar":"","neve_post_elements_order":"","neve_meta_disable_header":"off","neve_meta_disable_footer":"","neve_meta_disable_title":"off","_themeisle_gutenberg_block_has_review":false,"footnotes":""},"class_list":["post-210","page","type-page","status-publish","hentry"],"yoast_head":"<!-- This site is optimized with the Yoast SEO Premium plugin v25.8 (Yoast SEO v25.8) - https:\/\/yoast.com\/wordpress\/plugins\/seo\/ -->\n<title>ICAO4U Tutor - ICAO4U - ICAO Exam online<\/title>\n<meta name=\"robots\" content=\"index, follow, max-snippet:-1, max-image-preview:large, max-video-preview:-1\" \/>\n<link rel=\"canonical\" href=\"https:\/\/icao4u.com\/pl\/icao4u-tutor\/\" \/>\n<meta property=\"og:locale\" content=\"pl_PL\" \/>\n<meta property=\"og:type\" content=\"article\" \/>\n<meta property=\"og:title\" content=\"ICAO4U Tutor - ICAO4U - ICAO Exam online\" \/>\n<meta property=\"og:url\" content=\"https:\/\/icao4u.com\/pl\/icao4u-tutor\/\" \/>\n<meta property=\"og:site_name\" content=\"ICAO4U - ICAO Exam online\" \/>\n<meta property=\"article:publisher\" content=\"https:\/\/www.facebook.com\/icao4u\/\" \/>\n<meta property=\"article:modified_time\" content=\"2023-06-16T09:54:12+00:00\" \/>\n<meta property=\"og:image\" content=\"https:\/\/icao4u.com\/wp-content\/uploads\/2022\/09\/online-tutoring-and-remote-education-friendly-mal-2021-09-03-01-49-36-utc-scaled-e1664530343532.jpg\" \/>\n<meta name=\"twitter:card\" content=\"summary_large_image\" \/>\n<meta name=\"twitter:label1\" content=\"Est. reading time\" \/>\n\t<meta name=\"twitter:data1\" content=\"1 minute\" \/>\n<script type=\"application\/ld+json\" class=\"yoast-schema-graph\">{\"@context\":\"https:\/\/schema.org\",\"@graph\":[{\"@type\":\"WebPage\",\"@id\":\"https:\/\/icao4u.com\/icao4u-tutor\/\",\"url\":\"https:\/\/icao4u.com\/icao4u-tutor\/\",\"name\":\"ICAO4U Tutor - ICAO4U - ICAO Exam online\",\"isPartOf\":{\"@id\":\"https:\/\/icao4u.com\/#website\"},\"primaryImageOfPage\":{\"@id\":\"https:\/\/icao4u.com\/icao4u-tutor\/#primaryimage\"},\"image\":{\"@id\":\"https:\/\/icao4u.com\/icao4u-tutor\/#primaryimage\"},\"thumbnailUrl\":\"https:\/\/icao4u.com\/wp-content\/uploads\/2022\/09\/online-tutoring-and-remote-education-friendly-mal-2021-09-03-01-49-36-utc-scaled-e1664530343532.jpg\",\"datePublished\":\"2022-09-18T11:22:47+00:00\",\"dateModified\":\"2023-06-16T09:54:12+00:00\",\"inLanguage\":\"pl-PL\",\"potentialAction\":[{\"@type\":\"ReadAction\",\"target\":[\"https:\/\/icao4u.com\/icao4u-tutor\/\"]}]},{\"@type\":\"ImageObject\",\"inLanguage\":\"pl-PL\",\"@id\":\"https:\/\/icao4u.com\/icao4u-tutor\/#primaryimage\",\"url\":\"https:\/\/icao4u.com\/wp-content\/uploads\/2022\/09\/online-tutoring-and-remote-education-friendly-mal-2021-09-03-01-49-36-utc-scaled-e1664530343532.jpg\",\"contentUrl\":\"https:\/\/icao4u.com\/wp-content\/uploads\/2022\/09\/online-tutoring-and-remote-education-friendly-mal-2021-09-03-01-49-36-utc-scaled-e1664530343532.jpg\"},{\"@type\":\"WebSite\",\"@id\":\"https:\/\/icao4u.com\/#website\",\"url\":\"https:\/\/icao4u.com\/\",\"name\":\"ICAO4U - ICAO Exam online\",\"description\":\"\",\"publisher\":{\"@id\":\"https:\/\/icao4u.com\/#organization\"},\"potentialAction\":[{\"@type\":\"SearchAction\",\"target\":{\"@type\":\"EntryPoint\",\"urlTemplate\":\"https:\/\/icao4u.com\/?s={search_term_string}\"},\"query-input\":{\"@type\":\"PropertyValueSpecification\",\"valueRequired\":true,\"valueName\":\"search_term_string\"}}],\"inLanguage\":\"pl-PL\"},{\"@type\":\"Organization\",\"@id\":\"https:\/\/icao4u.com\/#organization\",\"name\":\"ICAO4U - Official ICAO Exam online and ICAO Exercise mobile app\",\"url\":\"https:\/\/icao4u.com\/\",\"logo\":{\"@type\":\"ImageObject\",\"inLanguage\":\"pl-PL\",\"@id\":\"https:\/\/icao4u.com\/#\/schema\/logo\/image\/\",\"url\":\"https:\/\/icao4u.com\/wp-content\/uploads\/2022\/08\/icao4ulogo.png\",\"contentUrl\":\"https:\/\/icao4u.com\/wp-content\/uploads\/2022\/08\/icao4ulogo.png\",\"width\":847,\"height\":241,\"caption\":\"ICAO4U - Official ICAO Exam online and ICAO Exercise mobile app\"},\"image\":{\"@id\":\"https:\/\/icao4u.com\/#\/schema\/logo\/image\/\"},\"sameAs\":[\"https:\/\/www.facebook.com\/icao4u\/\",\"https:\/\/pl.linkedin.com\/company\/icao4u\"]}]}<\/script>\n<!-- \/ Yoast SEO Premium plugin. -->","yoast_head_json":{"title":"ICAO4U Tutor - ICAO4U - ICAO Exam online","robots":{"index":"index","follow":"follow","max-snippet":"max-snippet:-1","max-image-preview":"max-image-preview:large","max-video-preview":"max-video-preview:-1"},"canonical":"https:\/\/icao4u.com\/pl\/icao4u-tutor\/","og_locale":"pl_PL","og_type":"article","og_title":"ICAO4U Tutor - ICAO4U - ICAO Exam online","og_url":"https:\/\/icao4u.com\/pl\/icao4u-tutor\/","og_site_name":"ICAO4U - ICAO Exam online","article_publisher":"https:\/\/www.facebook.com\/icao4u\/","article_modified_time":"2023-06-16T09:54:12+00:00","og_image":[{"url":"https:\/\/icao4u.com\/wp-content\/uploads\/2022\/09\/online-tutoring-and-remote-education-friendly-mal-2021-09-03-01-49-36-utc-scaled-e1664530343532.jpg","type":"","width":"","height":""}],"twitter_card":"summary_large_image","twitter_misc":{"Est. reading time":"1 minute"},"schema":{"@context":"https:\/\/schema.org","@graph":[{"@type":"WebPage","@id":"https:\/\/icao4u.com\/icao4u-tutor\/","url":"https:\/\/icao4u.com\/icao4u-tutor\/","name":"ICAO4U Tutor - ICAO4U - ICAO Exam online","isPartOf":{"@id":"https:\/\/icao4u.com\/#website"},"primaryImageOfPage":{"@id":"https:\/\/icao4u.com\/icao4u-tutor\/#primaryimage"},"image":{"@id":"https:\/\/icao4u.com\/icao4u-tutor\/#primaryimage"},"thumbnailUrl":"https:\/\/icao4u.com\/wp-content\/uploads\/2022\/09\/online-tutoring-and-remote-education-friendly-mal-2021-09-03-01-49-36-utc-scaled-e1664530343532.jpg","datePublished":"2022-09-18T11:22:47+00:00","dateModified":"2023-06-16T09:54:12+00:00","inLanguage":"pl-PL","potentialAction":[{"@type":"ReadAction","target":["https:\/\/icao4u.com\/icao4u-tutor\/"]}]},{"@type":"ImageObject","inLanguage":"pl-PL","@id":"https:\/\/icao4u.com\/icao4u-tutor\/#primaryimage","url":"https:\/\/icao4u.com\/wp-content\/uploads\/2022\/09\/online-tutoring-and-remote-education-friendly-mal-2021-09-03-01-49-36-utc-scaled-e1664530343532.jpg","contentUrl":"https:\/\/icao4u.com\/wp-content\/uploads\/2022\/09\/online-tutoring-and-remote-education-friendly-mal-2021-09-03-01-49-36-utc-scaled-e1664530343532.jpg"},{"@type":"WebSite","@id":"https:\/\/icao4u.com\/#website","url":"https:\/\/icao4u.com\/","name":"ICAO4U - ICAO Exam online","description":"","publisher":{"@id":"https:\/\/icao4u.com\/#organization"},"potentialAction":[{"@type":"SearchAction","target":{"@type":"EntryPoint","urlTemplate":"https:\/\/icao4u.com\/?s={search_term_string}"},"query-input":{"@type":"PropertyValueSpecification","valueRequired":true,"valueName":"search_term_string"}}],"inLanguage":"pl-PL"},{"@type":"Organization","@id":"https:\/\/icao4u.com\/#organization","name":"ICAO4U - Official ICAO Exam online and ICAO Exercise mobile app","url":"https:\/\/icao4u.com\/","logo":{"@type":"ImageObject","inLanguage":"pl-PL","@id":"https:\/\/icao4u.com\/#\/schema\/logo\/image\/","url":"https:\/\/icao4u.com\/wp-content\/uploads\/2022\/08\/icao4ulogo.png","contentUrl":"https:\/\/icao4u.com\/wp-content\/uploads\/2022\/08\/icao4ulogo.png","width":847,"height":241,"caption":"ICAO4U - Official ICAO Exam online and ICAO Exercise mobile app"},"image":{"@id":"https:\/\/icao4u.com\/#\/schema\/logo\/image\/"},"sameAs":["https:\/\/www.facebook.com\/icao4u\/","https:\/\/pl.linkedin.com\/company\/icao4u"]}]}},"taxonomy_info":[],"featured_image_src_large":false,"author_info":{"display_name":"Sebastian Szklarz","author_link":"https:\/\/icao4u.com\/pl\/author\/sebastian-szklarz\/"},"comment_info":0,"uagb_featured_image_src":{"full":false,"thumbnail":false,"medium":false,"medium_large":false,"large":false,"1536x1536":false,"2048x2048":false,"trp-custom-language-flag":false,"neve-blog":false,"woocommerce_thumbnail":false,"woocommerce_single":false,"woocommerce_gallery_thumbnail":false},"uagb_author_info":{"display_name":"Sebastian Szklarz","author_link":"https:\/\/icao4u.com\/pl\/author\/sebastian-szklarz\/"},"uagb_comment_info":0,"uagb_excerpt":null,"coauthors":[],"author_meta":{"author_link":"https:\/\/icao4u.com\/pl\/author\/sebastian-szklarz\/","display_name":"Sebastian Szklarz"},"relative_dates":{"created":"Posted 4 years ago","modified":"Updated 3 years ago"},"absolute_dates":{"created":"Posted on 2022-09-18","modified":"Updated on 2023-06-16"},"absolute_dates_time":{"created":"Posted on 2022-09-18 13:22","modified":"Updated on 2023-06-16 11:54"},"featured_img_caption":"","featured_img":false,"series_order":"","_links":{"self":[{"href":"https:\/\/icao4u.com\/pl\/wp-json\/wp\/v2\/pages\/210","targetHints":{"allow":["GET"]}}],"collection":[{"href":"https:\/\/icao4u.com\/pl\/wp-json\/wp\/v2\/pages"}],"about":[{"href":"https:\/\/icao4u.com\/pl\/wp-json\/wp\/v2\/types\/page"}],"author":[{"embeddable":true,"href":"https:\/\/icao4u.com\/pl\/wp-json\/wp\/v2\/users\/540"}],"replies":[{"embeddable":true,"href":"https:\/\/icao4u.com\/pl\/wp-json\/wp\/v2\/comments?post=210"}],"version-history":[{"count":39,"href":"https:\/\/icao4u.com\/pl\/wp-json\/wp\/v2\/pages\/210\/revisions"}],"predecessor-version":[{"id":14547,"href":"https:\/\/icao4u.com\/pl\/wp-json\/wp\/v2\/pages\/210\/revisions\/14547"}],"wp:attachment":[{"href":"https:\/\/icao4u.com\/pl\/wp-json\/wp\/v2\/media?parent=210"}],"curies":[{"name":"wp","href":"https:\/\/api.w.org\/{rel}","templated":true}]}}