{"id":215,"date":"2022-09-18T15:01:04","date_gmt":"2022-09-18T13:01:04","guid":{"rendered":"https:\/\/icao4u.com\/?page_id=215"},"modified":"2026-01-14T11:23:31","modified_gmt":"2026-01-14T10:23:31","slug":"icao4u-examiner","status":"publish","type":"page","link":"https:\/\/icao4u.com\/pl\/icao4u-examiner\/","title":{"rendered":"ICAO4U Examiner"},"content":{"rendered":"<section id=\"wp-block-themeisle-blocks-advanced-columns-6013fee3\" class=\"wp-block-themeisle-blocks-advanced-columns alignfull has-1-columns has-desktop-equal-layout has-tablet-equal-layout has-mobile-equal-layout has-vertical-center\"><div class=\"wp-block-themeisle-blocks-advanced-columns-overlay\"><\/div><div class=\"innerblocks-wrap\">\n<div id=\"wp-block-themeisle-blocks-advanced-column-1a42e736\" class=\"wp-block-themeisle-blocks-advanced-column\"><div class=\"wp-block-image is-style-rounded\">\n<figure class=\"aligncenter size-large is-resized\"><img decoding=\"async\" src=\"https:\/\/icao4u.com\/wp-content\/uploads\/2022\/10\/blog-hobby-and-remote-work-from-home-smiling-man-2022-10-07-02-12-10-utc-1-1024x1024.jpg\" alt=\"\" class=\"wp-image-404\" style=\"width:256px;height:256px\"\/><\/figure>\n<\/div>\n\n\n<div id=\"wp-block-themeisle-blocks-advanced-heading-04822d82\" class=\"wp-block-themeisle-blocks-advanced-heading wp-block-themeisle-blocks-advanced-heading-04822d82\"><strong>ICAO4U - tak jak brzmi, zrobili\u015bmy to dla Ciebie <\/strong><\/div>\n\n\n\n<h1 class=\"wp-block-heading has-text-align-center\" id=\"h-become-icao-examiner-assessor\">Zosta\u0144 egzaminatorem \/ ekspertem ICAO<\/h1>\n\n\n\n<p class=\"has-text-align-center has-neve-text-color-color has-text-color\" style=\"font-size:21px\"><strong>If you are an aviation operational expert (professional pilot or ATCO) with ICAO Level 6 or MA in applied linguistics , don\u2019t hesitate to contact us.<\/strong><\/p>\n\n\n\n<div id=\"wp-block-themeisle-blocks-button-group-1327c265\" class=\"wp-block-themeisle-blocks-button-group collapse-mobile wp-block-buttons align-center-desktop align-center-tablet align-center-mobile\">\n<div id=\"wp-block-themeisle-blocks-button-578f1f4c\" class=\"wp-block-themeisle-blocks-button wp-block-button\"><a href=\"https:\/\/icao4u.com\/pl\/contact\/\" target=\"_self\" rel=\"noopener noreferrer\" class=\"wp-block-button__link\"><span><strong>SKONTAKTUJ SI\u0118<\/strong><\/span><\/a><\/div>\n<\/div>\n<\/div>\n<\/div><\/section>\n\n\n\n<section id=\"wp-block-themeisle-blocks-advanced-columns-0e4a6152\" class=\"wp-block-themeisle-blocks-advanced-columns alignfull has-2-columns has-desktop-equal-layout has-tablet-equal-layout has-mobile-collapsedRows-layout has-vertical-flex-start\"><div class=\"wp-block-themeisle-blocks-advanced-columns-overlay\"><\/div><div class=\"innerblocks-wrap\">\n<div id=\"wp-block-themeisle-blocks-advanced-column-cbb6f197\" class=\"wp-block-themeisle-blocks-advanced-column\">\n<div id=\"wp-block-themeisle-blocks-advanced-heading-f81ed58c\" class=\"wp-block-themeisle-blocks-advanced-heading wp-block-themeisle-blocks-advanced-heading-f81ed58c\"><strong>ICAO4U - tak jak brzmi, zrobili\u015bmy to dla Ciebie <\/strong><\/div>\n\n\n\n<h2 class=\"wp-block-heading has-text-align-left\" id=\"h-it-s-a-chance-for-you-to-become-an-expert\">To szansa dla ciebie, by sta\u0107 si\u0119 ekspertem<\/h2>\n\n\n\n<p class=\"has-text-align-left has-neve-text-color-color has-text-color\" style=\"font-size:21px\"><strong>ICAO4U offers the unique opportunity to become examiner\/ assessor. If you are an aviation operational expert (professional pilot or ATCO) with ICAO Level 6 or MA in applied linguistics , don\u2019t hesitate to contact us.<\/strong><\/p>\n\n\n\n<h3 class=\"wp-block-heading\" id=\"h-expert-in-language\">ekspert w dziedzinie j\u0119zyka...<\/h3>\n\n\n\n<p class=\"has-text-align-left has-neve-text-color-color has-text-color\" style=\"font-size:21px\"><strong>Uczestnictwo i uko\u0144czenie kursu ICAO4U dla egzaminator\u00f3w \/ asesor\u00f3w daje szans\u0119 na poszerzenie swojej profesjonalnej wiedzy z zakresu lotnictwa i lingwistyki oraz zostanie ekspertem w zakresie j\u0119zyka do profesjonalnych egzamin\u00f3w online.<\/strong><\/p>\n\n\n\n<div id=\"wp-block-themeisle-blocks-button-group-feb6744c\" class=\"wp-block-themeisle-blocks-button-group collapse-mobile wp-block-buttons align-center-desktop ticss-ac027205\">\n<div id=\"wp-block-themeisle-blocks-button-a04705b5\" class=\"wp-block-themeisle-blocks-button wp-block-button ticss-0716c522\"><a href=\"https:\/\/icao4u.com\/pl\/contact\/\" target=\"_self\" rel=\"noopener noreferrer\" class=\"wp-block-button__link\"><span><strong><strong>SKONTAKTUJ SI\u0118<\/strong><\/strong><\/span><\/a><\/div>\n<\/div>\n<\/div>\n\n\n\n<div id=\"wp-block-themeisle-blocks-advanced-column-025459db\" class=\"wp-block-themeisle-blocks-advanced-column\">\n<figure class=\"wp-block-image size-full\"><img loading=\"lazy\" decoding=\"async\" width=\"614\" height=\"768\" src=\"https:\/\/icao4u.com\/wp-content\/uploads\/2022\/09\/os_0101_5.jpg\" alt=\"\" class=\"wp-image-218\" srcset=\"https:\/\/icao4u.com\/wp-content\/uploads\/2022\/09\/os_0101_5.jpg 614w, https:\/\/icao4u.com\/wp-content\/uploads\/2022\/09\/os_0101_5-600x750.jpg 600w\" sizes=\"auto, (max-width: 614px) 100vw, 614px\" \/><\/figure>\n<\/div>\n<\/div><\/section>","protected":false},"excerpt":{"rendered":"","protected":false},"author":540,"featured_media":0,"parent":0,"menu_order":0,"comment_status":"closed","ping_status":"closed","template":"page-templates\/template-pagebuilder-full-width.php","meta":{"_uag_custom_page_level_css":"","advgb_blocks_editor_width":"","advgb_blocks_columns_visual_guide":"","_kad_blocks_custom_css":"","_kad_blocks_head_custom_js":"","_kad_blocks_body_custom_js":"","_kad_blocks_footer_custom_js":"","neve_meta_sidebar":"full-width","neve_meta_container":"","neve_meta_enable_content_width":"on","neve_meta_content_width":100,"neve_meta_title_alignment":"","neve_meta_author_avatar":"","neve_post_elements_order":"","neve_meta_disable_header":"off","neve_meta_disable_footer":"","neve_meta_disable_title":"off","_themeisle_gutenberg_block_has_review":false,"footnotes":""},"class_list":["post-215","page","type-page","status-publish","hentry"],"yoast_head":"<!-- This site is optimized with the Yoast SEO Premium plugin v25.8 (Yoast SEO v25.8) - https:\/\/yoast.com\/wordpress\/plugins\/seo\/ -->\n<title>ICAO4U Examiner - ICAO4U - ICAO Exam online<\/title>\n<meta name=\"robots\" content=\"index, follow, max-snippet:-1, max-image-preview:large, max-video-preview:-1\" \/>\n<link rel=\"canonical\" href=\"https:\/\/icao4u.com\/pl\/icao4u-examiner\/\" \/>\n<meta property=\"og:locale\" content=\"pl_PL\" \/>\n<meta property=\"og:type\" content=\"article\" \/>\n<meta property=\"og:title\" content=\"ICAO4U Examiner - ICAO4U - ICAO Exam online\" \/>\n<meta property=\"og:url\" content=\"https:\/\/icao4u.com\/pl\/icao4u-examiner\/\" \/>\n<meta property=\"og:site_name\" content=\"ICAO4U - ICAO Exam online\" \/>\n<meta property=\"article:publisher\" content=\"https:\/\/www.facebook.com\/icao4u\/\" \/>\n<meta property=\"article:modified_time\" content=\"2026-01-14T10:23:31+00:00\" \/>\n<meta property=\"og:image\" content=\"https:\/\/icao4u.com\/wp-content\/uploads\/2022\/10\/blog-hobby-and-remote-work-from-home-smiling-man-2022-10-07-02-12-10-utc-1.jpg\" \/>\n\t<meta property=\"og:image:width\" content=\"1191\" \/>\n\t<meta property=\"og:image:height\" content=\"1191\" \/>\n\t<meta property=\"og:image:type\" content=\"image\/jpeg\" \/>\n<meta name=\"twitter:card\" content=\"summary_large_image\" \/>\n<meta name=\"twitter:label1\" content=\"Est. reading time\" \/>\n\t<meta name=\"twitter:data1\" content=\"1 minute\" \/>\n<script type=\"application\/ld+json\" class=\"yoast-schema-graph\">{\"@context\":\"https:\/\/schema.org\",\"@graph\":[{\"@type\":\"WebPage\",\"@id\":\"https:\/\/icao4u.com\/icao4u-examiner\/\",\"url\":\"https:\/\/icao4u.com\/icao4u-examiner\/\",\"name\":\"ICAO4U Examiner - ICAO4U - ICAO Exam online\",\"isPartOf\":{\"@id\":\"https:\/\/icao4u.com\/#website\"},\"primaryImageOfPage\":{\"@id\":\"https:\/\/icao4u.com\/icao4u-examiner\/#primaryimage\"},\"image\":{\"@id\":\"https:\/\/icao4u.com\/icao4u-examiner\/#primaryimage\"},\"thumbnailUrl\":\"https:\/\/icao4u.com\/wp-content\/uploads\/2022\/10\/blog-hobby-and-remote-work-from-home-smiling-man-2022-10-07-02-12-10-utc-1-1024x1024.jpg\",\"datePublished\":\"2022-09-18T13:01:04+00:00\",\"dateModified\":\"2026-01-14T10:23:31+00:00\",\"inLanguage\":\"pl-PL\",\"potentialAction\":[{\"@type\":\"ReadAction\",\"target\":[\"https:\/\/icao4u.com\/icao4u-examiner\/\"]}]},{\"@type\":\"ImageObject\",\"inLanguage\":\"pl-PL\",\"@id\":\"https:\/\/icao4u.com\/icao4u-examiner\/#primaryimage\",\"url\":\"https:\/\/icao4u.com\/wp-content\/uploads\/2022\/10\/blog-hobby-and-remote-work-from-home-smiling-man-2022-10-07-02-12-10-utc-1-1024x1024.jpg\",\"contentUrl\":\"https:\/\/icao4u.com\/wp-content\/uploads\/2022\/10\/blog-hobby-and-remote-work-from-home-smiling-man-2022-10-07-02-12-10-utc-1-1024x1024.jpg\"},{\"@type\":\"WebSite\",\"@id\":\"https:\/\/icao4u.com\/#website\",\"url\":\"https:\/\/icao4u.com\/\",\"name\":\"ICAO4U - ICAO Exam online\",\"description\":\"\",\"publisher\":{\"@id\":\"https:\/\/icao4u.com\/#organization\"},\"potentialAction\":[{\"@type\":\"SearchAction\",\"target\":{\"@type\":\"EntryPoint\",\"urlTemplate\":\"https:\/\/icao4u.com\/?s={search_term_string}\"},\"query-input\":{\"@type\":\"PropertyValueSpecification\",\"valueRequired\":true,\"valueName\":\"search_term_string\"}}],\"inLanguage\":\"pl-PL\"},{\"@type\":\"Organization\",\"@id\":\"https:\/\/icao4u.com\/#organization\",\"name\":\"ICAO4U - Official ICAO Exam online and ICAO Exercise mobile app\",\"url\":\"https:\/\/icao4u.com\/\",\"logo\":{\"@type\":\"ImageObject\",\"inLanguage\":\"pl-PL\",\"@id\":\"https:\/\/icao4u.com\/#\/schema\/logo\/image\/\",\"url\":\"https:\/\/icao4u.com\/wp-content\/uploads\/2022\/08\/icao4ulogo.png\",\"contentUrl\":\"https:\/\/icao4u.com\/wp-content\/uploads\/2022\/08\/icao4ulogo.png\",\"width\":847,\"height\":241,\"caption\":\"ICAO4U - Official ICAO Exam online and ICAO Exercise mobile app\"},\"image\":{\"@id\":\"https:\/\/icao4u.com\/#\/schema\/logo\/image\/\"},\"sameAs\":[\"https:\/\/www.facebook.com\/icao4u\/\",\"https:\/\/pl.linkedin.com\/company\/icao4u\"]}]}<\/script>\n<!-- \/ Yoast SEO Premium plugin. -->","yoast_head_json":{"title":"ICAO4U Examiner - ICAO4U - ICAO Exam online","robots":{"index":"index","follow":"follow","max-snippet":"max-snippet:-1","max-image-preview":"max-image-preview:large","max-video-preview":"max-video-preview:-1"},"canonical":"https:\/\/icao4u.com\/pl\/icao4u-examiner\/","og_locale":"pl_PL","og_type":"article","og_title":"ICAO4U Examiner - ICAO4U - ICAO Exam online","og_url":"https:\/\/icao4u.com\/pl\/icao4u-examiner\/","og_site_name":"ICAO4U - ICAO Exam online","article_publisher":"https:\/\/www.facebook.com\/icao4u\/","article_modified_time":"2026-01-14T10:23:31+00:00","og_image":[{"width":1191,"height":1191,"url":"https:\/\/icao4u.com\/wp-content\/uploads\/2022\/10\/blog-hobby-and-remote-work-from-home-smiling-man-2022-10-07-02-12-10-utc-1.jpg","type":"image\/jpeg"}],"twitter_card":"summary_large_image","twitter_misc":{"Est. reading time":"1 minute"},"schema":{"@context":"https:\/\/schema.org","@graph":[{"@type":"WebPage","@id":"https:\/\/icao4u.com\/icao4u-examiner\/","url":"https:\/\/icao4u.com\/icao4u-examiner\/","name":"ICAO4U Examiner - ICAO4U - ICAO Exam online","isPartOf":{"@id":"https:\/\/icao4u.com\/#website"},"primaryImageOfPage":{"@id":"https:\/\/icao4u.com\/icao4u-examiner\/#primaryimage"},"image":{"@id":"https:\/\/icao4u.com\/icao4u-examiner\/#primaryimage"},"thumbnailUrl":"https:\/\/icao4u.com\/wp-content\/uploads\/2022\/10\/blog-hobby-and-remote-work-from-home-smiling-man-2022-10-07-02-12-10-utc-1-1024x1024.jpg","datePublished":"2022-09-18T13:01:04+00:00","dateModified":"2026-01-14T10:23:31+00:00","inLanguage":"pl-PL","potentialAction":[{"@type":"ReadAction","target":["https:\/\/icao4u.com\/icao4u-examiner\/"]}]},{"@type":"ImageObject","inLanguage":"pl-PL","@id":"https:\/\/icao4u.com\/icao4u-examiner\/#primaryimage","url":"https:\/\/icao4u.com\/wp-content\/uploads\/2022\/10\/blog-hobby-and-remote-work-from-home-smiling-man-2022-10-07-02-12-10-utc-1-1024x1024.jpg","contentUrl":"https:\/\/icao4u.com\/wp-content\/uploads\/2022\/10\/blog-hobby-and-remote-work-from-home-smiling-man-2022-10-07-02-12-10-utc-1-1024x1024.jpg"},{"@type":"WebSite","@id":"https:\/\/icao4u.com\/#website","url":"https:\/\/icao4u.com\/","name":"ICAO4U - ICAO Exam online","description":"","publisher":{"@id":"https:\/\/icao4u.com\/#organization"},"potentialAction":[{"@type":"SearchAction","target":{"@type":"EntryPoint","urlTemplate":"https:\/\/icao4u.com\/?s={search_term_string}"},"query-input":{"@type":"PropertyValueSpecification","valueRequired":true,"valueName":"search_term_string"}}],"inLanguage":"pl-PL"},{"@type":"Organization","@id":"https:\/\/icao4u.com\/#organization","name":"ICAO4U - Official ICAO Exam online and ICAO Exercise mobile app","url":"https:\/\/icao4u.com\/","logo":{"@type":"ImageObject","inLanguage":"pl-PL","@id":"https:\/\/icao4u.com\/#\/schema\/logo\/image\/","url":"https:\/\/icao4u.com\/wp-content\/uploads\/2022\/08\/icao4ulogo.png","contentUrl":"https:\/\/icao4u.com\/wp-content\/uploads\/2022\/08\/icao4ulogo.png","width":847,"height":241,"caption":"ICAO4U - Official ICAO Exam online and ICAO Exercise mobile app"},"image":{"@id":"https:\/\/icao4u.com\/#\/schema\/logo\/image\/"},"sameAs":["https:\/\/www.facebook.com\/icao4u\/","https:\/\/pl.linkedin.com\/company\/icao4u"]}]}},"taxonomy_info":[],"featured_image_src_large":false,"author_info":{"display_name":"Sebastian Szklarz","author_link":"https:\/\/icao4u.com\/pl\/author\/sebastian-szklarz\/"},"comment_info":0,"uagb_featured_image_src":{"full":false,"thumbnail":false,"medium":false,"medium_large":false,"large":false,"1536x1536":false,"2048x2048":false,"trp-custom-language-flag":false,"neve-blog":false,"woocommerce_thumbnail":false,"woocommerce_single":false,"woocommerce_gallery_thumbnail":false},"uagb_author_info":{"display_name":"Sebastian Szklarz","author_link":"https:\/\/icao4u.com\/pl\/author\/sebastian-szklarz\/"},"uagb_comment_info":0,"uagb_excerpt":null,"coauthors":[],"author_meta":{"author_link":"https:\/\/icao4u.com\/pl\/author\/sebastian-szklarz\/","display_name":"Sebastian Szklarz"},"relative_dates":{"created":"Posted 4 years ago","modified":"Updated 3 months ago"},"absolute_dates":{"created":"Posted on 2022-09-18","modified":"Updated on 2026-01-14"},"absolute_dates_time":{"created":"Posted on 2022-09-18 15:01","modified":"Updated on 2026-01-14 11:23"},"featured_img_caption":"","featured_img":false,"series_order":"","_links":{"self":[{"href":"https:\/\/icao4u.com\/pl\/wp-json\/wp\/v2\/pages\/215","targetHints":{"allow":["GET"]}}],"collection":[{"href":"https:\/\/icao4u.com\/pl\/wp-json\/wp\/v2\/pages"}],"about":[{"href":"https:\/\/icao4u.com\/pl\/wp-json\/wp\/v2\/types\/page"}],"author":[{"embeddable":true,"href":"https:\/\/icao4u.com\/pl\/wp-json\/wp\/v2\/users\/540"}],"replies":[{"embeddable":true,"href":"https:\/\/icao4u.com\/pl\/wp-json\/wp\/v2\/comments?post=215"}],"version-history":[{"count":25,"href":"https:\/\/icao4u.com\/pl\/wp-json\/wp\/v2\/pages\/215\/revisions"}],"predecessor-version":[{"id":18998,"href":"https:\/\/icao4u.com\/pl\/wp-json\/wp\/v2\/pages\/215\/revisions\/18998"}],"wp:attachment":[{"href":"https:\/\/icao4u.com\/pl\/wp-json\/wp\/v2\/media?parent=215"}],"curies":[{"name":"wp","href":"https:\/\/api.w.org\/{rel}","templated":true}]}}