{"id":41,"date":"2022-08-24T12:15:21","date_gmt":"2022-08-24T10:15:21","guid":{"rendered":"https:\/\/icao4u.com\/?page_id=41"},"modified":"2026-03-16T12:21:57","modified_gmt":"2026-03-16T11:21:57","slug":"regulations-of-the-icao4u-website","status":"publish","type":"page","link":"https:\/\/icao4u.com\/pl\/regulations-of-the-icao4u-website\/","title":{"rendered":"Regulamin strony internetowej ICAO4U"},"content":{"rendered":"<p><strong>I. Postanowienia og\u00f3lne<\/strong><\/p>\n\n\n\n<ol class=\"wp-block-list\">\n<li>The website icao4u.online, hereinafter referred to as the \u201cWebsite\u201d, is made available at https:\/\/icao4u.com\/ by ICAO4U, limited liability company, address: Gi\u017cyn 40c, 74-304 Nowogr\u00f3dek Pomorski, NIP (Taxpayer ID No.): 9552535086, REGON (Polish Business Register) number: 384997955, hereinafter referred to as the \u201cOperator\u201d.<\/li>\n\n\n\n<li>W ramach Serwisu Operator \u015bwiadczy us\u0142ugi, zwane pojedynczo \u201eUs\u0142ug\u0105\" lub \u0142\u0105cznie\n\u201eUs\u0142ugami\", dla kt\u00f3rych informacje o dost\u0119pno\u015bci podane s\u0105 w Serwisie. Us\u0142ugi mog\u0105\nby\u0107 r\u00f3wnie\u017c udost\u0119pniane za po\u015brednictwem stron internetowych podmiot\u00f3w\nzewn\u0119trznych.<\/li>\n\n\n\n<li>Przed rozpocz\u0119ciem korzystania z Serwisu i\/lub aktywacj\u0105 Us\u0142ug nale\u017cy zapozna\u0107\nsi\u0119 z niniejszym regulaminem, zwanym dalej \u201eRegulaminem\".<\/li>\n\n\n\n<li>W rozumieniu Regulaminu \u201eU\u017cytkownikiem\" jest ka\u017cda osoba korzystaj\u0105ca z Serwisu\ni\/lub aktywuj\u0105ca\/kupuj\u0105ca Us\u0142ugi.<\/li>\n\n\n\n<li>Korzystaj\u0105c z Serwisu, U\u017cytkownik potwierdza, \u017ce zapozna\u0142 si\u0119 z Regulaminem,\nwyra\u017ca zgod\u0119 na wszystkie jego postanowienia i zobowi\u0105zuje si\u0119 do ich\nprzestrzegania.<\/li>\n\n\n\n<li>Korzystanie z Serwisu wymaga, aby urz\u0105dzenie ko\u0144cowe oraz system informatyczny\nu\u017cywany przez U\u017cytkownika spe\u0142nia\u0142y wymagania techniczne. Ponadto\nzarejestrowany U\u017cytkownik musi posiada\u0107 aktywny adres e-mail oraz, w\nodpowiednich przypadkach, klawiatur\u0119 lub inne urz\u0105dzenie wskazuj\u0105ce, aby\numo\u017cliwi\u0107 prawid\u0142owe wype\u0142nienie formularzy elektronicznych.<\/li>\n<\/ol>\n\n\n\n<p>I<strong>I. Us\u0142ugi<\/strong><\/p>\n\n\n\n<ol class=\"wp-block-list\">\n<li>Us\u0142ugi \u015bwiadczone s\u0105 online lub stacjonarnie i obejmuj\u0105 kursy j\u0119zyka angielskiego w\nzakresie wiedzy wymaganej do egzaminu z kompetencji j\u0119zykowej ICAO dla pilot\u00f3w.<\/li>\n\n\n\n<li>Us\u0142ugi \u015bwiadczone s\u0105 jako us\u0142ugi odr\u0119bne lub modu\u0142owe, kt\u00f3re mog\u0105 r\u00f3\u017cni\u0107 si\u0119\ntre\u015bci\u0105 i cen\u0105.<\/li>\n\n\n\n<li>Us\u0142ugi \u015bwiadczone s\u0105 na terenie Rzeczypospolitej Polskiej i Unii Europejskiej<\/li>\n\n\n\n<li>Rejestracja U\u017cytkownika w Serwisie jest bezp\u0142atna.<\/li>\n\n\n\n<li>Ceny Us\u0142ug wyra\u017cone s\u0105 w z\u0142otych polskich lub innej walucie i stanowi\u0105 kwoty brutto.\nCena podana przy Us\u0142udze obowi\u0105zuje w dniu zawarcia umowy.<\/li>\n\n\n\n<li>Operator zastrzega sobie prawo do zmiany cen Us\u0142ug zawartych w ofercie,\nwprowadzania nowych us\u0142ug do oferty, prowadzenia i anulowania kampanii\npromocyjnych w Serwisie, dokonywania zmian w Serwisie, a tak\u017ce aktualizacji lub\nmodyfikacji tre\u015bci oferowanych Us\u0142ug. Powy\u017csze uprawnienie nie wp\u0142ywa na cen\u0119\nUs\u0142ugi zakupionej przed dat\u0105 wej\u015bcia w \u017cycie zmiany ceny lub warunki kampanii\npromocyjnych.<\/li>\n\n\n\n<li>Zmiana w zakresie Us\u0142ug, w szczeg\u00f3lno\u015bci zwi\u0105zana z aktualizacj\u0105 ich tre\u015bci, bez\nzmniejszenia ich funkcjonalno\u015bci i przydatno\u015bci do pierwotnego celu, nie stanowi\nzmiany umowy.<\/li>\n\n\n\n<li>Us\u0142ugi \u015bwiadczone s\u0105 we wsp\u00f3\u0142pracy z ICAO4U Ltd.<\/li>\n<\/ol>\n\n\n\n<p>I<strong>I. <strong>Postanowienia dotycz\u0105ce zawarcia, zmiany i\nrozwi\u0105zania umowy<\/strong><br><\/strong><\/p>\n\n\n\n<ol class=\"wp-block-list\">\n<li>Zawarcie umowy o \u015bwiadczenie Us\u0142ugi nast\u0119puje poprzez aktywacj\u0119 lub zakup\nUs\u0142ugi w Serwisie po wype\u0142nieniu formularza z danymi wymaganymi przez\nOperatora.<\/li>\n\n\n\n<li>U\u017cytkownik uzyskuje dost\u0119p do Us\u0142ugi online po zaksi\u0119gowaniu p\u0142atno\u015bci na koncie\nbankowym Operatora.<\/li>\n\n\n\n<li>U\u017cytkownik mo\u017ce dokona\u0107 p\u0142atno\u015bci poprzez:\n<ul class=\"wp-block-list\">\n<li>przelew bankowy \u2013 p\u0142atno\u015b\u0107 dokonana przez U\u017cytkownika za pomoc\u0105\npolecenia przelewu lub w urz\u0119dzie pocztowym za pomoc\u0105 przekazu\npocztowego<\/li>\n\n\n\n<li>p\u0142atno\u015b\u0107 online \u2013 p\u0142atno\u015b\u0107 dokonana przez U\u017cytkownika za pomoc\u0105 systemu\np\u0142atno\u015bci dost\u0119pnego w Serwisie<\/li>\n<\/ul>\n<\/li>\n\n\n\n<li>Operator wystawia faktur\u0119 VAT w formie elektronicznej i wysy\u0142a j\u0105 na adres e-mail\nwskazany przez U\u017cytkownika.<\/li>\n\n\n\n<li>Umowa zawierana jest na czas oznaczony, wyznaczony przez to, co nast\u0105pi\npierwsze:\n<ul class=\"wp-block-list\">\n<li>do dnia przyst\u0105pienia U\u017cytkownika do egzaminu ICAO, lub<\/li>\n\n\n\n<li>na okres wynikaj\u0105cy z informacji podanych przy aktywacji dost\u0119pu lub\nzakupie Us\u0142ugi<\/li>\n\n\n\n<li>The User has the right to change the exam date, no later than 12 hours before the originally scheduled exam date. If the date is changed less than 12 hours before the scheduled exam date, the exam is considered to have been conducted according to the schedule. The User are permitted to reschedule their exam appointment a maximum of three 3 times.<\/li>\n<\/ul>\n<\/li>\n\n\n\n<li>Okres dost\u0119pu do Us\u0142ugi liczony jest od daty odblokowania dost\u0119pu. Po up\u0142ywie\nczasu dost\u0119pno\u015bci Us\u0142ugi lub po przyst\u0105pieniu U\u017cytkownika do egzaminu ICAO (w\nzale\u017cno\u015bci od tego, co nast\u0105pi pierwsze), dost\u0119p U\u017cytkownika zostanie zablokowany.\nPonowne odblokowanie dost\u0119pu i\/lub umo\u017cliwienie przyst\u0105pienia do egzaminu ICAO\nnast\u0119puje po zakupieniu przez U\u017cytkownika Us\u0142ugi na kolejny okres w pe\u0142nej cenie.<\/li>\n\n\n\n<li>U\u017cytkownik nie ma prawa do dalszego \u015bwiadczenia Us\u0142ugi na rzecz os\u00f3b trzecich.<\/li>\n\n\n\n<li>Umowa ulega rozwi\u0105zaniu:\n<ul class=\"wp-block-list\">\n<li>z o\u015bwiadczeniem woli o rozwi\u0105zaniu ze skutkiem natychmiastowym w\nprzypadku naruszenia przez U\u017cytkownika kt\u00f3regokolwiek z postanowie\u0144\nRegulaminu; Operator przesy\u0142a o\u015bwiadczenie woli na adres e-mail\nU\u017cytkownika podany przez U\u017cytkownika w formularzu aplikacyjnym<\/li>\n\n\n\n<li>w przypadku podania przez U\u017cytkownika nieprawdziwych informacji do\numowy<\/li>\n\n\n\n<li>w przypadku trwa\u0142ej niemo\u017cliwo\u015bci \u015bwiadczenia Us\u0142ugi z przyczyn\nniezale\u017cnych od Operatora<\/li>\n<\/ul>\n<\/li>\n\n\n\n<li>U\u017cytkownik zawiera umow\u0119 b\u0119d\u0105c \u015bwiadomym wy\u0142\u0105cze\u0144 z ustawowego prawa\nodst\u0105pienia wymienionego w Klauzuli V, pkt 6.<\/li>\n<\/ol>\n\n\n\n<p><strong>IV. Prawa, obowi\u0105zki i odpowiedzialno\u015b\u0107 Operatora<\/strong><\/p>\n\n\n\n<ol class=\"wp-block-list\">\n<li>Operator zastrzega sobie prawo do organizacji przerw konserwacyjnych, z\nzastrze\u017ceniem pkt 3.<\/li>\n\n\n\n<li>Operator zastrzega sobie prawo do zawieszenia \u015bwiadczenia Us\u0142ug, je\u015bli s\u0105 one\nwykorzystywane do cel\u00f3w niezgodnych z obowi\u0105zuj\u0105cym prawem lub sprzecznych z\numow\u0105.<\/li>\n\n\n\n<li>Operator zobowi\u0105zuje si\u0119 do utrzymania sprawno\u015bci technicznej Us\u0142ug na poziomie\n95% we wszystkie dni tygodnia od godz. 6:00 do 22:00.<\/li>\n\n\n\n<li>Operator zobowi\u0105zuje si\u0119 do zachowania w tajemnicy has\u0142a U\u017cytkownika do dost\u0119pu\ndo Serwisu oraz do wykorzystywania danych wprowadzonych przez U\u017cytkownika\ntylko w granicach obowi\u0105zuj\u0105cego prawa i udzielonych uprawnie\u0144.<\/li>\n<\/ol>\n\n\n\n<p><strong>V. Prawa i obowi\u0105zki U\u017cytkownika<\/strong><\/p>\n\n\n\n<ol class=\"wp-block-list\">\n<li>U\u017cytkownik ma prawo i obowi\u0105zek korzystania z Serwisu i Us\u0142ug zgodnie z ich\nprzeznaczeniem, w spos\u00f3b zgodny z umow\u0105, przepisami prawa oraz normami\nspo\u0142ecznymi i moralnymi.<\/li>\n\n\n\n<li>U\u017cytkownik zobowi\u0105zany jest do ochrony swojego has\u0142a do dost\u0119pu do Serwisu i\nnieujawniania go osobom trzecim.<\/li>\n\n\n\n<li>Wype\u0142niaj\u0105c formularz aplikacyjny, U\u017cytkownik zobowi\u0105zany jest do podania\nprawdziwych danych i aktualizowania ich w miar\u0119 potrzeb.<\/li>\n\n\n\n<li>U\u017cytkownik nie mo\u017ce przekierowywa\u0107 do Serwisu i Us\u0142ug z innych stron\ninternetowych bez zgody Operatora.<\/li>\n\n\n\n<li>U\u017cytkownik b\u0119d\u0105cy osob\u0105 fizyczn\u0105, kt\u00f3ry zawar\u0142 umow\u0119 na odleg\u0142o\u015b\u0107, mo\u017ce od niej\nodst\u0105pi\u0107 bez podania przyczyn, sk\u0142adaj\u0105c odpowiednie o\u015bwiadczenie w formie\ndokumentowej w ci\u0105gu 14 dni.<\/li>\n\n\n\n<li>U\u017cytkownik nie ma prawa do odst\u0105pienia od umowy na odleg\u0142o\u015b\u0107 w nast\u0119puj\u0105cych\nprzypadkach:\n<ul class=\"wp-block-list\">\n<li>je\u015bli Operator w pe\u0142ni wykona\u0142 Us\u0142ug\u0119 za wyra\u017an\u0105 zgod\u0105 konsumenta, kt\u00f3ry\nzosta\u0142 poinformowany przed rozpocz\u0119ciem us\u0142ugi, \u017ce utraci prawo do\nodst\u0105pienia od umowy po wykonaniu us\u0142ugi przez przedsi\u0119biorc\u0119<\/li>\n\n\n\n<li>w przypadku umowy o dostarczanie tre\u015bci cyfrowych, kt\u00f3re nie s\u0105\nprzechowywane na no\u015bniku materialnym, je\u015bli wykonanie rozpocz\u0119\u0142o si\u0119 za\nwyra\u017an\u0105 zgod\u0105 konsumenta przed up\u0142ywem terminu do odst\u0105pienia od\numowy i po poinformowaniu konsumenta przez Operatora o utracie prawa do\nodst\u0105pienia od umowy<\/li>\n<\/ul>\n<\/li>\n<\/ol>\n\n\n\n<p><strong>VI. Prawa autorskie<\/strong><\/p>\n\n\n\n<ol class=\"wp-block-list\">\n<li>Maj\u0105tkowe prawa autorskie do Us\u0142ug, ich sk\u0142adnik\u00f3w oraz cz\u0119\u015bci lub fragment\u00f3w o\nsamodzielnym znaczeniu tw\u00f3rczym nale\u017c\u0105 do Operatora lub podmiot\u00f3w\n\u015bwiadcz\u0105cych Us\u0142ugi za po\u015brednictwem Serwisu.<\/li>\n\n\n\n<li>Nagrywanie, rozpowszechnianie lub inne publiczne udost\u0119pnianie Us\u0142ug, ich\nsk\u0142adnik\u00f3w oraz cz\u0119\u015bci lub fragment\u00f3w o samodzielnym znaczeniu tw\u00f3rczym bez\nwyra\u017anej zgody Operatora jest zabronione.<\/li>\n<\/ol>\n\n\n\n<p><strong>VII. Dane osobowe i przekazywanie informacji za\npomoc\u0105 komunikacji elektronicznej<\/strong><\/p>\n\n\n\n<ol class=\"wp-block-list\">\n<li>Szczeg\u00f3\u0142owe informacje dotycz\u0105ce przetwarzania danych osobowych dost\u0119pne s\u0105 w\nSerwisie w sekcjach \u201eRODO\" i \u201ePolityka prywatno\u015bci\".<\/li>\n<\/ol>\n\n\n\n<p><strong>VIII. P\u0142atno\u015bci dokonywane za po\u015brednictwem os\u00f3b\ntrzecich<\/strong><\/p>\n\n\n\n<ol class=\"wp-block-list\">\n<li>Serwis korzysta z zewn\u0119trznych system\u00f3w p\u0142atno\u015bci obs\u0142ugiwanych przez osoby\ntrzecie.<\/li>\n\n\n\n<li>Przed dokonaniem p\u0142atno\u015bci U\u017cytkownik jest informowany o tym, kt\u00f3ry podmiot\nb\u0119dzie obs\u0142ugiwa\u0142 jego p\u0142atno\u015b\u0107 i ma mo\u017cliwo\u015b\u0107 zapoznania si\u0119 z zasadami\np\u0142atno\u015bci.<\/li>\n<\/ol>\n\n\n\n<p><strong>IX. Postanowienia ko\u0144cowe<\/strong><\/p>\n\n\n\n<ol class=\"wp-block-list\">\n<li>U\u017cytkownik powinien kierowa\u0107 ca\u0142\u0105 korespondencj\u0119 dotycz\u0105c\u0105 Serwisu i Us\u0142ug, w\ntym reklamacje, na nast\u0119puj\u0105cy adres e-mail Operatora: kontakt@icao4u.pl. <a href=\"mailto:kontakt@icao4u.pl\">kontakt@icao4u.pl.<\/a><\/li>\n\n\n\n<li>Reklamacje s\u0105 rozpatrywane niezw\u0142ocznie, nie p\u00f3\u017aniej ni\u017c w ci\u0105gu 14 dni od daty\nz\u0142o\u017cenia.<\/li>\n\n\n\n<li>W sprawach nieuregulowanych w Regulaminie zastosowanie maj\u0105 odpowiednie\nprzepisy Kodeksu cywilnego, ustawy o prawach konsumenta, ustawy o prawie\nautorskim i prawach pokrewnych oraz ustawy o \u015bwiadczeniu us\u0142ug drog\u0105\nelektroniczn\u0105, a wszystkie postanowienia niniejszego Regulaminu nale\u017cy, w\nprzypadku w\u0105tpliwo\u015bci, interpretowa\u0107 w spos\u00f3b zgodny z wy\u017cej wymienionymi\nustawami.<\/li>\n\n\n\n<li>Operator stara si\u0119 rozwi\u0105zywa\u0107 wszelkie spory polubownie, ale w przypadku sporu\nU\u017cytkownik ma mo\u017cliwo\u015b\u0107 dochodzenia swoich roszcze\u0144 za pomoc\u0105 instytucji\nprzewidzianych w przepisach powszechnie obowi\u0105zuj\u0105cego prawa. Dodatkowe\ninformacje dla konsument\u00f3w mo\u017cna znale\u017a\u0107 pod adresem:\nhttp:\/\/www.uokik.gov.pl\/konsumenci<a href=\"http:\/\/www.uokik.gov.pl\/konsumenci\"> http:\/\/www.uokik.gov.pl\/konsumenci<\/a><\/li>\n\n\n\n<li>S\u0105dem w\u0142a\u015bciwym do rozpatrywania spor\u00f3w wynikaj\u0105cych ze \u015bwiadczenia us\u0142ug na\nrzecz podmiot\u00f3w nieb\u0119d\u0105cych konsumentami w rozumieniu Kodeksu cywilnego jest\ns\u0105d w\u0142a\u015bciwy dla siedziby Operatora.<\/li>\n<\/ol>","protected":false},"excerpt":{"rendered":"<p>I. General provisions II. Services II. Provisions regarding the conclusion, amendment, and termination of the agreement IV. Rights, obligations and responsibilities of the Operator V. Rights and obligations of the User VI. Copyright VII. Personal data and transmission of information by means of electronic communication VIII. Payments made through third parties IX. Final provisions<\/p>","protected":false},"author":540,"featured_media":0,"parent":0,"menu_order":0,"comment_status":"closed","ping_status":"closed","template":"","meta":{"_uag_custom_page_level_css":"","advgb_blocks_editor_width":"","advgb_blocks_columns_visual_guide":"","_kad_blocks_custom_css":"","_kad_blocks_head_custom_js":"","_kad_blocks_body_custom_js":"","_kad_blocks_footer_custom_js":"","neve_meta_sidebar":"","neve_meta_container":"","neve_meta_enable_content_width":"","neve_meta_content_width":0,"neve_meta_title_alignment":"","neve_meta_author_avatar":"","neve_post_elements_order":"","neve_meta_disable_header":"","neve_meta_disable_footer":"","neve_meta_disable_title":"","_themeisle_gutenberg_block_has_review":false,"footnotes":""},"class_list":["post-41","page","type-page","status-publish","hentry"],"yoast_head":"<!-- This site is optimized with the Yoast SEO Premium plugin v25.8 (Yoast SEO v25.8) - https:\/\/yoast.com\/wordpress\/plugins\/seo\/ -->\n<title>Regulations of the ICAO4U website - ICAO4U - ICAO Exam online<\/title>\n<meta name=\"robots\" content=\"index, follow, max-snippet:-1, max-image-preview:large, max-video-preview:-1\" \/>\n<link rel=\"canonical\" href=\"https:\/\/icao4u.com\/pl\/regulations-of-the-icao4u-website\/\" \/>\n<meta property=\"og:locale\" content=\"pl_PL\" \/>\n<meta property=\"og:type\" content=\"article\" \/>\n<meta property=\"og:title\" content=\"Regulations of the ICAO4U website - ICAO4U - ICAO Exam online\" \/>\n<meta property=\"og:description\" content=\"I. General provisions II. Services II. Provisions regarding the conclusion, amendment, and termination of the agreement IV. Rights, obligations and responsibilities of the Operator V. Rights and obligations of the User VI. Copyright VII. Personal data and transmission of information by means of electronic communication VIII. Payments made through third parties IX. Final provisions\" \/>\n<meta property=\"og:url\" content=\"https:\/\/icao4u.com\/pl\/regulations-of-the-icao4u-website\/\" \/>\n<meta property=\"og:site_name\" content=\"ICAO4U - ICAO Exam online\" \/>\n<meta property=\"article:publisher\" content=\"https:\/\/www.facebook.com\/icao4u\/\" \/>\n<meta property=\"article:modified_time\" content=\"2026-03-16T11:21:57+00:00\" \/>\n<meta name=\"twitter:card\" content=\"summary_large_image\" \/>\n<meta name=\"twitter:label1\" content=\"Est. reading time\" \/>\n\t<meta name=\"twitter:data1\" content=\"7 minutes\" \/>\n<script type=\"application\/ld+json\" class=\"yoast-schema-graph\">{\"@context\":\"https:\/\/schema.org\",\"@graph\":[{\"@type\":\"WebPage\",\"@id\":\"https:\/\/icao4u.com\/regulations-of-the-icao4u-website\/\",\"url\":\"https:\/\/icao4u.com\/regulations-of-the-icao4u-website\/\",\"name\":\"Regulations of the ICAO4U website - ICAO4U - ICAO Exam online\",\"isPartOf\":{\"@id\":\"https:\/\/icao4u.com\/#website\"},\"datePublished\":\"2022-08-24T10:15:21+00:00\",\"dateModified\":\"2026-03-16T11:21:57+00:00\",\"inLanguage\":\"pl-PL\",\"potentialAction\":[{\"@type\":\"ReadAction\",\"target\":[\"https:\/\/icao4u.com\/regulations-of-the-icao4u-website\/\"]}]},{\"@type\":\"WebSite\",\"@id\":\"https:\/\/icao4u.com\/#website\",\"url\":\"https:\/\/icao4u.com\/\",\"name\":\"ICAO4U - ICAO Exam online\",\"description\":\"\",\"publisher\":{\"@id\":\"https:\/\/icao4u.com\/#organization\"},\"potentialAction\":[{\"@type\":\"SearchAction\",\"target\":{\"@type\":\"EntryPoint\",\"urlTemplate\":\"https:\/\/icao4u.com\/?s={search_term_string}\"},\"query-input\":{\"@type\":\"PropertyValueSpecification\",\"valueRequired\":true,\"valueName\":\"search_term_string\"}}],\"inLanguage\":\"pl-PL\"},{\"@type\":\"Organization\",\"@id\":\"https:\/\/icao4u.com\/#organization\",\"name\":\"ICAO4U - Official ICAO Exam online and ICAO Exercise mobile app\",\"url\":\"https:\/\/icao4u.com\/\",\"logo\":{\"@type\":\"ImageObject\",\"inLanguage\":\"pl-PL\",\"@id\":\"https:\/\/icao4u.com\/#\/schema\/logo\/image\/\",\"url\":\"https:\/\/icao4u.com\/wp-content\/uploads\/2022\/08\/icao4ulogo.png\",\"contentUrl\":\"https:\/\/icao4u.com\/wp-content\/uploads\/2022\/08\/icao4ulogo.png\",\"width\":847,\"height\":241,\"caption\":\"ICAO4U - Official ICAO Exam online and ICAO Exercise mobile app\"},\"image\":{\"@id\":\"https:\/\/icao4u.com\/#\/schema\/logo\/image\/\"},\"sameAs\":[\"https:\/\/www.facebook.com\/icao4u\/\",\"https:\/\/pl.linkedin.com\/company\/icao4u\"]}]}<\/script>\n<!-- \/ Yoast SEO Premium plugin. -->","yoast_head_json":{"title":"Regulations of the ICAO4U website - ICAO4U - ICAO Exam online","robots":{"index":"index","follow":"follow","max-snippet":"max-snippet:-1","max-image-preview":"max-image-preview:large","max-video-preview":"max-video-preview:-1"},"canonical":"https:\/\/icao4u.com\/pl\/regulations-of-the-icao4u-website\/","og_locale":"pl_PL","og_type":"article","og_title":"Regulations of the ICAO4U website - ICAO4U - ICAO Exam online","og_description":"I. General provisions II. Services II. Provisions regarding the conclusion, amendment, and termination of the agreement IV. Rights, obligations and responsibilities of the Operator V. Rights and obligations of the User VI. Copyright VII. Personal data and transmission of information by means of electronic communication VIII. Payments made through third parties IX. Final provisions","og_url":"https:\/\/icao4u.com\/pl\/regulations-of-the-icao4u-website\/","og_site_name":"ICAO4U - ICAO Exam online","article_publisher":"https:\/\/www.facebook.com\/icao4u\/","article_modified_time":"2026-03-16T11:21:57+00:00","twitter_card":"summary_large_image","twitter_misc":{"Est. reading time":"7 minutes"},"schema":{"@context":"https:\/\/schema.org","@graph":[{"@type":"WebPage","@id":"https:\/\/icao4u.com\/regulations-of-the-icao4u-website\/","url":"https:\/\/icao4u.com\/regulations-of-the-icao4u-website\/","name":"Regulations of the ICAO4U website - ICAO4U - ICAO Exam online","isPartOf":{"@id":"https:\/\/icao4u.com\/#website"},"datePublished":"2022-08-24T10:15:21+00:00","dateModified":"2026-03-16T11:21:57+00:00","inLanguage":"pl-PL","potentialAction":[{"@type":"ReadAction","target":["https:\/\/icao4u.com\/regulations-of-the-icao4u-website\/"]}]},{"@type":"WebSite","@id":"https:\/\/icao4u.com\/#website","url":"https:\/\/icao4u.com\/","name":"ICAO4U - ICAO Exam online","description":"","publisher":{"@id":"https:\/\/icao4u.com\/#organization"},"potentialAction":[{"@type":"SearchAction","target":{"@type":"EntryPoint","urlTemplate":"https:\/\/icao4u.com\/?s={search_term_string}"},"query-input":{"@type":"PropertyValueSpecification","valueRequired":true,"valueName":"search_term_string"}}],"inLanguage":"pl-PL"},{"@type":"Organization","@id":"https:\/\/icao4u.com\/#organization","name":"ICAO4U - Official ICAO Exam online and ICAO Exercise mobile app","url":"https:\/\/icao4u.com\/","logo":{"@type":"ImageObject","inLanguage":"pl-PL","@id":"https:\/\/icao4u.com\/#\/schema\/logo\/image\/","url":"https:\/\/icao4u.com\/wp-content\/uploads\/2022\/08\/icao4ulogo.png","contentUrl":"https:\/\/icao4u.com\/wp-content\/uploads\/2022\/08\/icao4ulogo.png","width":847,"height":241,"caption":"ICAO4U - Official ICAO Exam online and ICAO Exercise mobile app"},"image":{"@id":"https:\/\/icao4u.com\/#\/schema\/logo\/image\/"},"sameAs":["https:\/\/www.facebook.com\/icao4u\/","https:\/\/pl.linkedin.com\/company\/icao4u"]}]}},"taxonomy_info":[],"featured_image_src_large":false,"author_info":{"display_name":"Sebastian Szklarz","author_link":"https:\/\/icao4u.com\/pl\/author\/sebastian-szklarz\/"},"comment_info":0,"uagb_featured_image_src":{"full":false,"thumbnail":false,"medium":false,"medium_large":false,"large":false,"1536x1536":false,"2048x2048":false,"trp-custom-language-flag":false,"neve-blog":false,"woocommerce_thumbnail":false,"woocommerce_single":false,"woocommerce_gallery_thumbnail":false},"uagb_author_info":{"display_name":"Sebastian Szklarz","author_link":"https:\/\/icao4u.com\/pl\/author\/sebastian-szklarz\/"},"uagb_comment_info":0,"uagb_excerpt":"I. General provisions II. Services II. Provisions regarding the conclusion, amendment, and termination of the agreement IV. Rights, obligations and responsibilities of the Operator V. Rights and obligations of the User VI. Copyright VII. Personal data and transmission of information by means of electronic communication VIII. Payments made through third parties IX. Final provisions","coauthors":[],"author_meta":{"author_link":"https:\/\/icao4u.com\/pl\/author\/sebastian-szklarz\/","display_name":"Sebastian Szklarz"},"relative_dates":{"created":"Posted 4 years ago","modified":"Updated 4 weeks ago"},"absolute_dates":{"created":"Posted on 2022-08-24","modified":"Updated on 2026-03-16"},"absolute_dates_time":{"created":"Posted on 2022-08-24 12:15","modified":"Updated on 2026-03-16 12:21"},"featured_img_caption":"","featured_img":false,"series_order":"","_links":{"self":[{"href":"https:\/\/icao4u.com\/pl\/wp-json\/wp\/v2\/pages\/41","targetHints":{"allow":["GET"]}}],"collection":[{"href":"https:\/\/icao4u.com\/pl\/wp-json\/wp\/v2\/pages"}],"about":[{"href":"https:\/\/icao4u.com\/pl\/wp-json\/wp\/v2\/types\/page"}],"author":[{"embeddable":true,"href":"https:\/\/icao4u.com\/pl\/wp-json\/wp\/v2\/users\/540"}],"replies":[{"embeddable":true,"href":"https:\/\/icao4u.com\/pl\/wp-json\/wp\/v2\/comments?post=41"}],"version-history":[{"count":8,"href":"https:\/\/icao4u.com\/pl\/wp-json\/wp\/v2\/pages\/41\/revisions"}],"predecessor-version":[{"id":19360,"href":"https:\/\/icao4u.com\/pl\/wp-json\/wp\/v2\/pages\/41\/revisions\/19360"}],"wp:attachment":[{"href":"https:\/\/icao4u.com\/pl\/wp-json\/wp\/v2\/media?parent=41"}],"curies":[{"name":"wp","href":"https:\/\/api.w.org\/{rel}","templated":true}]}}