{"id":17453,"date":"2025-05-16T15:13:20","date_gmt":"2025-05-16T13:13:20","guid":{"rendered":"https:\/\/icao4u.com\/?post_type=product&#038;p=17453"},"modified":"2025-05-17T09:49:33","modified_gmt":"2025-05-17T07:49:33","slug":"package-of-5-hours-with-an-instructor","status":"publish","type":"product","link":"https:\/\/icao4u.com\/pl\/product\/package-of-5-hours-with-an-instructor\/","title":{"rendered":"Package of 5 Hours with an Instructor"},"content":{"rendered":"<div class=\"wp-block-group is-nowrap is-layout-flex wp-container-core-group-is-layout-ad2f72ca wp-block-group-is-layout-flex\">\n<p class=\"examTitle\">Pakiet 5 godzin<br \/>\nwith an Tutor<\/p>\n<\/div>\n<p>Skorzystaj z indywidualnego wsparcia wykwalifikowanego korepetytora, aby poprawi\u0107 swoje wyniki,<br \/>\nzdolno\u015bci j\u0119zykowe i przygotowa\u0107 si\u0119 do egzaminu.<\/p>\n<div class=\"wp-block-group is-nowrap is-layout-flex wp-container-core-group-is-layout-ad2f72ca wp-block-group-is-layout-flex\">\n<p>5 Individual Lessons Package \u2013 Duration: 60 minutes per lesson<\/p>\n<\/div>\n<div class=\"wp-block-group is-nowrap is-layout-flex wp-container-core-group-is-layout-ad2f72ca wp-block-group-is-layout-flex\">\n<p>Format: zaj\u0119cia online<\/p>\n<\/div>\n<div class=\"wp-block-group is-nowrap is-layout-flex wp-container-core-group-is-layout-ad2f72ca wp-block-group-is-layout-flex\">\n<p>Elastyczny harmonogram: Dostosuj si\u0119 do swojej dost\u0119pno\u015bci<\/p>\n<\/div>","protected":false},"excerpt":{"rendered":"<div class=\"wp-block-group is-nowrap is-layout-flex wp-container-core-group-is-layout-ad2f72ca wp-block-group-is-layout-flex\">\n<p class=\"examTitle\">Pakiet 5 godzin<br \/>\nz tutorem<\/p>\n<\/div>\n<p>Uzyskaj spersonalizowane wsparcie od wykwalifikowanego tutora, aby poprawi\u0107 swoje<br \/>\nzdolno\u015bci j\u0119zykowe i przygotowa\u0107 si\u0119 do egzaminu.<\/p>\n<div class=\"wp-block-group is-nowrap is-layout-flex wp-container-core-group-is-layout-ad2f72ca wp-block-group-is-layout-flex\">\n<p>5 Individual Lessons Package \u2013 Duration: 60 minutes per lesson<\/p>\n<\/div>\n<div class=\"wp-block-group is-nowrap is-layout-flex wp-container-core-group-is-layout-ad2f72ca wp-block-group-is-layout-flex\">\n<p>Format: zaj\u0119cia online<\/p>\n<\/div>\n<div class=\"wp-block-group is-nowrap is-layout-flex wp-container-core-group-is-layout-ad2f72ca wp-block-group-is-layout-flex\">\n<p>Elastyczny harmonogram: Dostosuj si\u0119 do swojej dost\u0119pno\u015bci<\/p>\n<\/div>","protected":false},"author":79,"featured_media":17072,"template":"","meta":{"_uag_custom_page_level_css":"","advgb_blocks_editor_width":"","advgb_blocks_columns_visual_guide":"","_kad_blocks_custom_css":"","_kad_blocks_head_custom_js":"","_kad_blocks_body_custom_js":"","_kad_blocks_footer_custom_js":"","neve_meta_sidebar":"","neve_meta_container":"","neve_meta_enable_content_width":"off","neve_meta_content_width":100,"neve_meta_title_alignment":"","neve_meta_author_avatar":"","neve_post_elements_order":"","neve_meta_disable_header":"","neve_meta_disable_footer":"","neve_meta_disable_title":"","_themeisle_gutenberg_block_has_review":false},"product_brand":[],"product_cat":[18,148],"product_tag":[],"class_list":{"0":"post-17453","1":"product","2":"type-product","3":"status-publish","4":"has-post-thumbnail","6":"product_cat-exam","7":"product_cat-tutor","9":"first","10":"instock","11":"virtual","12":"purchasable","13":"product-type-simple"},"yoast_head":"<!-- This site is optimized with the Yoast SEO Premium plugin v25.8 (Yoast SEO v25.8) - https:\/\/yoast.com\/wordpress\/plugins\/seo\/ -->\n<title>Package of 5 Hours with an Instructor - ICAO4U - ICAO Exam online<\/title>\n<meta name=\"robots\" content=\"index, follow, max-snippet:-1, max-image-preview:large, max-video-preview:-1\" \/>\n<link rel=\"canonical\" href=\"https:\/\/icao4u.com\/pl\/produkt\/package-of-5-hours-with-an-instructor\/\" \/>\n<meta property=\"og:locale\" content=\"pl_PL\" \/>\n<meta property=\"og:type\" content=\"article\" \/>\n<meta property=\"og:title\" content=\"Package of 5 Hours with an Instructor - ICAO4U - ICAO Exam online\" \/>\n<meta property=\"og:description\" content=\"Package of 5 Hours with an Instructor   Get personalized support from a qualified instructor to improve your language skills or prepare for your exam.   5 Individual Lessons Package \u2013 Duration: 60 minutes per lesson     Format: Online     Flexible Schedule: Adjust to your availability\" \/>\n<meta property=\"og:url\" content=\"https:\/\/icao4u.com\/pl\/produkt\/package-of-5-hours-with-an-instructor\/\" \/>\n<meta property=\"og:site_name\" content=\"ICAO4U - ICAO Exam online\" \/>\n<meta property=\"article:publisher\" content=\"https:\/\/www.facebook.com\/icao4u\/\" \/>\n<meta property=\"article:modified_time\" content=\"2025-05-17T07:49:33+00:00\" \/>\n<meta property=\"og:image\" content=\"https:\/\/icao4u.com\/wp-content\/uploads\/2025\/03\/2aatis_blog.jpeg\" \/>\n\t<meta property=\"og:image:width\" content=\"1024\" \/>\n\t<meta property=\"og:image:height\" content=\"1024\" \/>\n\t<meta property=\"og:image:type\" content=\"image\/jpeg\" \/>\n<meta name=\"twitter:card\" content=\"summary_large_image\" \/>\n<meta name=\"twitter:label1\" content=\"Est. reading time\" \/>\n\t<meta name=\"twitter:data1\" content=\"1 minute\" \/>\n<script type=\"application\/ld+json\" class=\"yoast-schema-graph\">{\"@context\":\"https:\/\/schema.org\",\"@graph\":[{\"@type\":\"WebPage\",\"@id\":\"https:\/\/icao4u.com\/product\/package-of-5-hours-with-an-instructor\/\",\"url\":\"https:\/\/icao4u.com\/product\/package-of-5-hours-with-an-instructor\/\",\"name\":\"Package of 5 Hours with an Instructor - ICAO4U - ICAO Exam online\",\"isPartOf\":{\"@id\":\"https:\/\/icao4u.com\/#website\"},\"primaryImageOfPage\":{\"@id\":\"https:\/\/icao4u.com\/product\/package-of-5-hours-with-an-instructor\/#primaryimage\"},\"image\":{\"@id\":\"https:\/\/icao4u.com\/product\/package-of-5-hours-with-an-instructor\/#primaryimage\"},\"thumbnailUrl\":\"https:\/\/icao4u.com\/wp-content\/uploads\/2025\/03\/2aatis_blog.jpeg\",\"datePublished\":\"2025-05-16T13:13:20+00:00\",\"dateModified\":\"2025-05-17T07:49:33+00:00\",\"breadcrumb\":{\"@id\":\"https:\/\/icao4u.com\/product\/package-of-5-hours-with-an-instructor\/#breadcrumb\"},\"inLanguage\":\"pl-PL\",\"potentialAction\":[{\"@type\":\"ReadAction\",\"target\":[\"https:\/\/icao4u.com\/product\/package-of-5-hours-with-an-instructor\/\"]}]},{\"@type\":\"ImageObject\",\"inLanguage\":\"pl-PL\",\"@id\":\"https:\/\/icao4u.com\/product\/package-of-5-hours-with-an-instructor\/#primaryimage\",\"url\":\"https:\/\/icao4u.com\/wp-content\/uploads\/2025\/03\/2aatis_blog.jpeg\",\"contentUrl\":\"https:\/\/icao4u.com\/wp-content\/uploads\/2025\/03\/2aatis_blog.jpeg\",\"width\":1024,\"height\":1024},{\"@type\":\"BreadcrumbList\",\"@id\":\"https:\/\/icao4u.com\/product\/package-of-5-hours-with-an-instructor\/#breadcrumb\",\"itemListElement\":[{\"@type\":\"ListItem\",\"position\":1,\"name\":\"Products\",\"item\":\"https:\/\/icao4u.com\/9cafb-fitness-trainer-shop\/\"},{\"@type\":\"ListItem\",\"position\":2,\"name\":\"Package of 5 Hours with an Instructor\"}]},{\"@type\":\"WebSite\",\"@id\":\"https:\/\/icao4u.com\/#website\",\"url\":\"https:\/\/icao4u.com\/\",\"name\":\"ICAO4U - ICAO Exam online\",\"description\":\"\",\"publisher\":{\"@id\":\"https:\/\/icao4u.com\/#organization\"},\"potentialAction\":[{\"@type\":\"SearchAction\",\"target\":{\"@type\":\"EntryPoint\",\"urlTemplate\":\"https:\/\/icao4u.com\/?s={search_term_string}\"},\"query-input\":{\"@type\":\"PropertyValueSpecification\",\"valueRequired\":true,\"valueName\":\"search_term_string\"}}],\"inLanguage\":\"pl-PL\"},{\"@type\":\"Organization\",\"@id\":\"https:\/\/icao4u.com\/#organization\",\"name\":\"ICAO4U - Official ICAO Exam online and ICAO Exercise mobile app\",\"url\":\"https:\/\/icao4u.com\/\",\"logo\":{\"@type\":\"ImageObject\",\"inLanguage\":\"pl-PL\",\"@id\":\"https:\/\/icao4u.com\/#\/schema\/logo\/image\/\",\"url\":\"https:\/\/icao4u.com\/wp-content\/uploads\/2022\/08\/icao4ulogo.png\",\"contentUrl\":\"https:\/\/icao4u.com\/wp-content\/uploads\/2022\/08\/icao4ulogo.png\",\"width\":847,\"height\":241,\"caption\":\"ICAO4U - Official ICAO Exam online and ICAO Exercise mobile app\"},\"image\":{\"@id\":\"https:\/\/icao4u.com\/#\/schema\/logo\/image\/\"},\"sameAs\":[\"https:\/\/www.facebook.com\/icao4u\/\",\"https:\/\/pl.linkedin.com\/company\/icao4u\"]}]}<\/script>\n<!-- \/ Yoast SEO Premium plugin. -->","yoast_head_json":{"title":"Package of 5 Hours with an Instructor - ICAO4U - ICAO Exam online","robots":{"index":"index","follow":"follow","max-snippet":"max-snippet:-1","max-image-preview":"max-image-preview:large","max-video-preview":"max-video-preview:-1"},"canonical":"https:\/\/icao4u.com\/pl\/produkt\/package-of-5-hours-with-an-instructor\/","og_locale":"pl_PL","og_type":"article","og_title":"Package of 5 Hours with an Instructor - ICAO4U - ICAO Exam online","og_description":"Package of 5 Hours with an Instructor   Get personalized support from a qualified instructor to improve your language skills or prepare for your exam.   5 Individual Lessons Package \u2013 Duration: 60 minutes per lesson     Format: Online     Flexible Schedule: Adjust to your availability","og_url":"https:\/\/icao4u.com\/pl\/produkt\/package-of-5-hours-with-an-instructor\/","og_site_name":"ICAO4U - ICAO Exam online","article_publisher":"https:\/\/www.facebook.com\/icao4u\/","article_modified_time":"2025-05-17T07:49:33+00:00","og_image":[{"width":1024,"height":1024,"url":"https:\/\/icao4u.com\/wp-content\/uploads\/2025\/03\/2aatis_blog.jpeg","type":"image\/jpeg"}],"twitter_card":"summary_large_image","twitter_misc":{"Est. reading time":"1 minute"},"schema":{"@context":"https:\/\/schema.org","@graph":[{"@type":"WebPage","@id":"https:\/\/icao4u.com\/product\/package-of-5-hours-with-an-instructor\/","url":"https:\/\/icao4u.com\/product\/package-of-5-hours-with-an-instructor\/","name":"Package of 5 Hours with an Instructor - ICAO4U - ICAO Exam online","isPartOf":{"@id":"https:\/\/icao4u.com\/#website"},"primaryImageOfPage":{"@id":"https:\/\/icao4u.com\/product\/package-of-5-hours-with-an-instructor\/#primaryimage"},"image":{"@id":"https:\/\/icao4u.com\/product\/package-of-5-hours-with-an-instructor\/#primaryimage"},"thumbnailUrl":"https:\/\/icao4u.com\/wp-content\/uploads\/2025\/03\/2aatis_blog.jpeg","datePublished":"2025-05-16T13:13:20+00:00","dateModified":"2025-05-17T07:49:33+00:00","breadcrumb":{"@id":"https:\/\/icao4u.com\/product\/package-of-5-hours-with-an-instructor\/#breadcrumb"},"inLanguage":"pl-PL","potentialAction":[{"@type":"ReadAction","target":["https:\/\/icao4u.com\/product\/package-of-5-hours-with-an-instructor\/"]}]},{"@type":"ImageObject","inLanguage":"pl-PL","@id":"https:\/\/icao4u.com\/product\/package-of-5-hours-with-an-instructor\/#primaryimage","url":"https:\/\/icao4u.com\/wp-content\/uploads\/2025\/03\/2aatis_blog.jpeg","contentUrl":"https:\/\/icao4u.com\/wp-content\/uploads\/2025\/03\/2aatis_blog.jpeg","width":1024,"height":1024},{"@type":"BreadcrumbList","@id":"https:\/\/icao4u.com\/product\/package-of-5-hours-with-an-instructor\/#breadcrumb","itemListElement":[{"@type":"ListItem","position":1,"name":"Products","item":"https:\/\/icao4u.com\/9cafb-fitness-trainer-shop\/"},{"@type":"ListItem","position":2,"name":"Package of 5 Hours with an Instructor"}]},{"@type":"WebSite","@id":"https:\/\/icao4u.com\/#website","url":"https:\/\/icao4u.com\/","name":"ICAO4U - ICAO Exam online","description":"","publisher":{"@id":"https:\/\/icao4u.com\/#organization"},"potentialAction":[{"@type":"SearchAction","target":{"@type":"EntryPoint","urlTemplate":"https:\/\/icao4u.com\/?s={search_term_string}"},"query-input":{"@type":"PropertyValueSpecification","valueRequired":true,"valueName":"search_term_string"}}],"inLanguage":"pl-PL"},{"@type":"Organization","@id":"https:\/\/icao4u.com\/#organization","name":"ICAO4U - Official ICAO Exam online and ICAO Exercise mobile app","url":"https:\/\/icao4u.com\/","logo":{"@type":"ImageObject","inLanguage":"pl-PL","@id":"https:\/\/icao4u.com\/#\/schema\/logo\/image\/","url":"https:\/\/icao4u.com\/wp-content\/uploads\/2022\/08\/icao4ulogo.png","contentUrl":"https:\/\/icao4u.com\/wp-content\/uploads\/2022\/08\/icao4ulogo.png","width":847,"height":241,"caption":"ICAO4U - Official ICAO Exam online and ICAO Exercise mobile app"},"image":{"@id":"https:\/\/icao4u.com\/#\/schema\/logo\/image\/"},"sameAs":["https:\/\/www.facebook.com\/icao4u\/","https:\/\/pl.linkedin.com\/company\/icao4u"]}]}},"taxonomy_info":{"product_cat":[{"value":18,"label":"Exam"},{"value":148,"label":"Tutor"}]},"featured_image_src_large":["https:\/\/icao4u.com\/wp-content\/uploads\/2025\/03\/2aatis_blog.jpeg",1024,1024,false],"author_info":[],"comment_info":"","uagb_featured_image_src":{"full":["https:\/\/icao4u.com\/wp-content\/uploads\/2025\/03\/2aatis_blog.jpeg",1024,1024,false],"thumbnail":["https:\/\/icao4u.com\/wp-content\/uploads\/2025\/03\/2aatis_blog-150x150.jpeg",150,150,true],"medium":["https:\/\/icao4u.com\/wp-content\/uploads\/2025\/03\/2aatis_blog-300x300.jpeg",300,300,true],"medium_large":["https:\/\/icao4u.com\/wp-content\/uploads\/2025\/03\/2aatis_blog-768x768.jpeg",768,768,true],"large":["https:\/\/icao4u.com\/wp-content\/uploads\/2025\/03\/2aatis_blog.jpeg",1024,1024,false],"1536x1536":["https:\/\/icao4u.com\/wp-content\/uploads\/2025\/03\/2aatis_blog.jpeg",1024,1024,false],"2048x2048":["https:\/\/icao4u.com\/wp-content\/uploads\/2025\/03\/2aatis_blog.jpeg",1024,1024,false],"trp-custom-language-flag":["https:\/\/icao4u.com\/wp-content\/uploads\/2025\/03\/2aatis_blog-12x12.jpeg",12,12,true],"neve-blog":["https:\/\/icao4u.com\/wp-content\/uploads\/2025\/03\/2aatis_blog-930x620.jpeg",930,620,true],"woocommerce_thumbnail":["https:\/\/icao4u.com\/wp-content\/uploads\/2025\/03\/2aatis_blog-300x300.jpeg",300,300,true],"woocommerce_single":["https:\/\/icao4u.com\/wp-content\/uploads\/2025\/03\/2aatis_blog-600x600.jpeg",600,600,true],"woocommerce_gallery_thumbnail":["https:\/\/icao4u.com\/wp-content\/uploads\/2025\/03\/2aatis_blog-100x100.jpeg",100,100,true]},"uagb_author_info":{"display_name":"Maciej Walentynowicz","author_link":"https:\/\/icao4u.com\/pl\/author\/maciej-walentynowicz\/"},"uagb_comment_info":0,"uagb_excerpt":"Package of 5 Hours with an Instructor Get personalized support from a qualified instructor to improve your language skills or prepare for your exam. 5 Individual Lessons Package \u2013 Duration: 60 minutes per lesson Format: Online Flexible Schedule: Adjust to your availability","featured_img":"https:\/\/icao4u.com\/wp-content\/uploads\/2025\/03\/2aatis_blog.jpeg","coauthors":[],"author_meta":{"author_link":"https:\/\/icao4u.com\/pl\/author\/maciej-walentynowicz\/","display_name":"Maciej Walentynowicz"},"relative_dates":{"created":"Posted 11 months ago","modified":"Updated 11 months ago"},"absolute_dates":{"created":"Posted on 2025-05-16","modified":"Updated on 2025-05-17"},"absolute_dates_time":{"created":"Posted on 2025-05-16 15:13","modified":"Updated on 2025-05-17 09:49"},"featured_img_caption":"","tax_additional":{"product_brand":{"linked":[],"unlinked":[],"slug":"product_brand","name":"Brands"},"product_type":{"linked":["<a href=\"https:\/\/icao4u.com\/pl\/?taxonomy=product_type&#038;term=simple\" class=\"advgb-post-tax-term\">simple<\/a>"],"unlinked":["<span class=\"advgb-post-tax-term\">simple<\/span>"],"slug":"product_type","name":"Product type"},"product_visibility":{"linked":[],"unlinked":[],"slug":"product_visibility","name":"Product visibility"},"product_cat":{"linked":["<a href=\"https:\/\/icao4u.com\/pl\/kategoria-produktu\/exam\/\" class=\"advgb-post-tax-term\">Exam<\/a>","<a href=\"https:\/\/icao4u.com\/pl\/kategoria-produktu\/tutor\/\" class=\"advgb-post-tax-term\">Tutor<\/a>"],"unlinked":["<span class=\"advgb-post-tax-term\">Exam<\/span>","<span class=\"advgb-post-tax-term\">Tutor<\/span>"],"slug":"product_cat","name":"Product categories"},"product_tag":{"linked":[],"unlinked":[],"slug":"product_tag","name":"Product tags"},"product_shipping_class":{"linked":[],"unlinked":[],"slug":"product_shipping_class","name":"Product shipping classes"}},"series_order":"","_links":{"self":[{"href":"https:\/\/icao4u.com\/pl\/wp-json\/wp\/v2\/product\/17453","targetHints":{"allow":["GET"]}}],"collection":[{"href":"https:\/\/icao4u.com\/pl\/wp-json\/wp\/v2\/product"}],"about":[{"href":"https:\/\/icao4u.com\/pl\/wp-json\/wp\/v2\/types\/product"}],"wp:featuredmedia":[{"embeddable":true,"href":"https:\/\/icao4u.com\/pl\/wp-json\/wp\/v2\/media\/17072"}],"wp:attachment":[{"href":"https:\/\/icao4u.com\/pl\/wp-json\/wp\/v2\/media?parent=17453"}],"wp:term":[{"taxonomy":"product_brand","embeddable":true,"href":"https:\/\/icao4u.com\/pl\/wp-json\/wp\/v2\/product_brand?post=17453"},{"taxonomy":"product_cat","embeddable":true,"href":"https:\/\/icao4u.com\/pl\/wp-json\/wp\/v2\/product_cat?post=17453"},{"taxonomy":"product_tag","embeddable":true,"href":"https:\/\/icao4u.com\/pl\/wp-json\/wp\/v2\/product_tag?post=17453"}],"curies":[{"name":"wp","href":"https:\/\/api.w.org\/{rel}","templated":true}]}}